{"id":43727,"date":"2026-04-21T06:09:05","date_gmt":"2026-04-21T06:09:05","guid":{"rendered":"https:\/\/aiaomei.com\/product\/calcas-de-ioga-de-cintura-alta-e-sem-costuras-calcas-de-ioga-de-cintura-alta-com-cintura-fina-calcas-de-ioga-de-fitness-para-desporto-de-corrida-calcas-de-ioga-para-mulher\/"},"modified":"2026-04-30T08:45:12","modified_gmt":"2026-04-30T08:45:12","slug":"calcas-de-ioga-de-cintura-alta-e-sem-costuras-calcas-de-ioga-de-cintura-alta-com-cintura-fina-calcas-de-ioga-de-fitness-para-desporto-de-corrida-calcas-de-ioga-para-mulher","status":"publish","type":"product","link":"https:\/\/aiaomei.com\/pt-pt\/produto\/calcas-de-ioga-de-cintura-alta-e-sem-costuras-calcas-de-ioga-de-cintura-alta-com-cintura-fina-calcas-de-ioga-de-fitness-para-desporto-de-corrida-calcas-de-ioga-para-mulher\/","title":{"rendered":"Cal\u00e7as de ioga de cintura alta e sem costuras Cal\u00e7as de ioga de cintura alta com cintura fina Cal\u00e7as de ioga de fitness para desporto de corrida Cal\u00e7as de ioga para mulher"},"content":{"rendered":"\t\t<div data-elementor-type=\"product-post\" data-elementor-id=\"43727\" class=\"elementor elementor-43727 elementor-31893\" data-elementor-post-type=\"product\">\n\t\t\t\t<div class=\"wd-negative-gap elementor-element elementor-element-52deceea e-flex e-con-boxed e-con e-parent\" data-id=\"52deceea\" data-element_type=\"container\" data-e-type=\"container\">\n\t\t\t\t\t<div class=\"e-con-inner\">\n\t\t\t\t<div class=\"elementor-element elementor-element-41f11ae9 elementor-widget elementor-widget-image\" data-id=\"41f11ae9\" data-element_type=\"widget\" data-e-type=\"widget\" data-widget_type=\"image.default\">\n\t\t\t\t\t\t\t\t\t\t\t\t\t\t\t<img decoding=\"async\" width=\"1200\" height=\"1030\" src=\"https:\/\/aiaomei.com\/wp-content\/uploads\/2026\/04\/04\u591a\u9009\u914d\u8272-\u82f1\u6587\u7248-28.jpg\" class=\"attachment-full size-full wp-image-43757\" alt=\"\" loading=\"lazy\" srcset=\"https:\/\/aiaomei.com\/wp-content\/uploads\/2026\/04\/04\u591a\u9009\u914d\u8272-\u82f1\u6587\u7248-28.jpg 1200w, https:\/\/aiaomei.com\/wp-content\/uploads\/2026\/04\/04\u591a\u9009\u914d\u8272-\u82f1\u6587\u7248-28-430x369.jpg 430w, https:\/\/aiaomei.com\/wp-content\/uploads\/2026\/04\/04\u591a\u9009\u914d\u8272-\u82f1\u6587\u7248-28-150x129.jpg 150w, https:\/\/aiaomei.com\/wp-content\/uploads\/2026\/04\/04\u591a\u9009\u914d\u8272-\u82f1\u6587\u7248-28-700x601.jpg 700w, https:\/\/aiaomei.com\/wp-content\/uploads\/2026\/04\/04\u591a\u9009\u914d\u8272-\u82f1\u6587\u7248-28-350x300.jpg 350w, https:\/\/aiaomei.com\/wp-content\/uploads\/2026\/04\/04\u591a\u9009\u914d\u8272-\u82f1\u6587\u7248-28-932x800.jpg 932w, https:\/\/aiaomei.com\/wp-content\/uploads\/2026\/04\/04\u591a\u9009\u914d\u8272-\u82f1\u6587\u7248-28-768x659.jpg 768w\" sizes=\"auto, (max-width: 1200px) 100vw, 1200px\" \/>\t\t\t\t\t\t\t\t\t\t\t\t\t\t\t<\/div>\n\t\t\t\t<div class=\"elementor-element elementor-element-22015d61 elementor-widget elementor-widget-image\" data-id=\"22015d61\" data-element_type=\"widget\" data-e-type=\"widget\" data-widget_type=\"image.default\">\n\t\t\t\t\t\t\t\t\t\t\t\t\t\t\t<img decoding=\"async\" width=\"1120\" height=\"1536\" src=\"https:\/\/aiaomei.com\/wp-content\/uploads\/2026\/04\/02\u6a21\u7279\u4fe1\u606f-\u82f1\u6587\u7248-28-1120x1536.jpg\" class=\"attachment-1536x1536 size-1536x1536 wp-image-43756\" alt=\"\" loading=\"lazy\" srcset=\"https:\/\/aiaomei.com\/wp-content\/uploads\/2026\/04\/02\u6a21\u7279\u4fe1\u606f-\u82f1\u6587\u7248-28-1120x1536.jpg 1120w, https:\/\/aiaomei.com\/wp-content\/uploads\/2026\/04\/02\u6a21\u7279\u4fe1\u606f-\u82f1\u6587\u7248-28-430x590.jpg 430w, https:\/\/aiaomei.com\/wp-content\/uploads\/2026\/04\/02\u6a21\u7279\u4fe1\u606f-\u82f1\u6587\u7248-28-150x206.jpg 150w, https:\/\/aiaomei.com\/wp-content\/uploads\/2026\/04\/02\u6a21\u7279\u4fe1\u606f-\u82f1\u6587\u7248-28-700x960.jpg 700w, https:\/\/aiaomei.com\/wp-content\/uploads\/2026\/04\/02\u6a21\u7279\u4fe1\u606f-\u82f1\u6587\u7248-28-219x300.jpg 219w, https:\/\/aiaomei.com\/wp-content\/uploads\/2026\/04\/02\u6a21\u7279\u4fe1\u606f-\u82f1\u6587\u7248-28-583x800.jpg 583w, https:\/\/aiaomei.com\/wp-content\/uploads\/2026\/04\/02\u6a21\u7279\u4fe1\u606f-\u82f1\u6587\u7248-28-768x1053.jpg 768w, https:\/\/aiaomei.com\/wp-content\/uploads\/2026\/04\/02\u6a21\u7279\u4fe1\u606f-\u82f1\u6587\u7248-28.jpg 1200w\" sizes=\"auto, (max-width: 1120px) 100vw, 1120px\" \/>\t\t\t\t\t\t\t\t\t\t\t\t\t\t\t<\/div>\n\t\t\t\t\t<\/div>\n\t\t\t\t<\/div>\n\t\t<div class=\"wd-negative-gap elementor-element elementor-element-1b169eed e-flex e-con-boxed e-con e-parent\" data-id=\"1b169eed\" data-element_type=\"container\" data-e-type=\"container\">\n\t\t\t\t\t<div class=\"e-con-inner\">\n\t\t\t\t<div class=\"elementor-element elementor-element-17a99f65 elementor-widget elementor-widget-image\" data-id=\"17a99f65\" data-element_type=\"widget\" data-e-type=\"widget\" data-widget_type=\"image.default\">\n\t\t\t\t\t\t\t\t\t\t\t\t\t\t\t<img decoding=\"async\" width=\"1200\" height=\"805\" src=\"https:\/\/aiaomei.com\/wp-content\/uploads\/2026\/04\/\u5c3a\u7801\u8868\uff08\u88e4\u5b50\uff09-\u82f1\u6587\u7248-13.jpg\" class=\"attachment-1536x1536 size-1536x1536 wp-image-43759\" alt=\"\" loading=\"lazy\" srcset=\"https:\/\/aiaomei.com\/wp-content\/uploads\/2026\/04\/\u5c3a\u7801\u8868\uff08\u88e4\u5b50\uff09-\u82f1\u6587\u7248-13.jpg 1200w, https:\/\/aiaomei.com\/wp-content\/uploads\/2026\/04\/\u5c3a\u7801\u8868\uff08\u88e4\u5b50\uff09-\u82f1\u6587\u7248-13-430x288.jpg 430w, https:\/\/aiaomei.com\/wp-content\/uploads\/2026\/04\/\u5c3a\u7801\u8868\uff08\u88e4\u5b50\uff09-\u82f1\u6587\u7248-13-150x101.jpg 150w, https:\/\/aiaomei.com\/wp-content\/uploads\/2026\/04\/\u5c3a\u7801\u8868\uff08\u88e4\u5b50\uff09-\u82f1\u6587\u7248-13-700x470.jpg 700w, https:\/\/aiaomei.com\/wp-content\/uploads\/2026\/04\/\u5c3a\u7801\u8868\uff08\u88e4\u5b50\uff09-\u82f1\u6587\u7248-13-400x268.jpg 400w, https:\/\/aiaomei.com\/wp-content\/uploads\/2026\/04\/\u5c3a\u7801\u8868\uff08\u88e4\u5b50\uff09-\u82f1\u6587\u7248-13-1193x800.jpg 1193w, https:\/\/aiaomei.com\/wp-content\/uploads\/2026\/04\/\u5c3a\u7801\u8868\uff08\u88e4\u5b50\uff09-\u82f1\u6587\u7248-13-768x515.jpg 768w\" sizes=\"auto, (max-width: 1200px) 100vw, 1200px\" \/>\t\t\t\t\t\t\t\t\t\t\t\t\t\t\t<\/div>\n\t\t\t\t\t<\/div>\n\t\t\t\t<\/div>\n\t\t\t\t<\/div>\n\t\t","protected":false},"excerpt":{"rendered":"","protected":false},"featured_media":45814,"comment_status":"open","ping_status":"closed","template":"","meta":[],"product_brand":[],"product_cat":[923,2135],"product_tag":[],"class_list":{"0":"post-43727","1":"product","2":"type-product","3":"status-publish","4":"has-post-thumbnail","6":"product_cat-calcas","7":"product_cat-todos","9":"first","10":"instock","11":"shipping-taxable","12":"purchasable","13":"product-type-variable"},"_links":{"self":[{"href":"https:\/\/aiaomei.com\/pt-pt\/wp-json\/wp\/v2\/product\/43727","targetHints":{"allow":["GET"]}}],"collection":[{"href":"https:\/\/aiaomei.com\/pt-pt\/wp-json\/wp\/v2\/product"}],"about":[{"href":"https:\/\/aiaomei.com\/pt-pt\/wp-json\/wp\/v2\/types\/product"}],"replies":[{"embeddable":true,"href":"https:\/\/aiaomei.com\/pt-pt\/wp-json\/wp\/v2\/comments?post=43727"}],"version-history":[{"count":1,"href":"https:\/\/aiaomei.com\/pt-pt\/wp-json\/wp\/v2\/product\/43727\/revisions"}],"predecessor-version":[{"id":43801,"href":"https:\/\/aiaomei.com\/pt-pt\/wp-json\/wp\/v2\/product\/43727\/revisions\/43801"}],"wp:featuredmedia":[{"embeddable":true,"href":"https:\/\/aiaomei.com\/pt-pt\/wp-json\/wp\/v2\/media\/45814"}],"wp:attachment":[{"href":"https:\/\/aiaomei.com\/pt-pt\/wp-json\/wp\/v2\/media?parent=43727"}],"wp:term":[{"taxonomy":"product_brand","embeddable":true,"href":"https:\/\/aiaomei.com\/pt-pt\/wp-json\/wp\/v2\/product_brand?post=43727"},{"taxonomy":"product_cat","embeddable":true,"href":"https:\/\/aiaomei.com\/pt-pt\/wp-json\/wp\/v2\/product_cat?post=43727"},{"taxonomy":"product_tag","embeddable":true,"href":"https:\/\/aiaomei.com\/pt-pt\/wp-json\/wp\/v2\/product_tag?post=43727"}],"curies":[{"name":"wp","href":"https:\/\/api.w.org\/{rel}","templated":true}]}}