{"id":42981,"date":"2026-04-21T06:09:03","date_gmt":"2026-04-21T06:09:03","guid":{"rendered":"https:\/\/aiaomei.com\/product\/soutien-de-ioga-respiravel-com-costas-penduradas-no-pescoco-soutien-de-ioga-europeu-e-americano-sem-costuras-roupa-interior-desportiva-feminina-de-verao-a-prova-de-choque-top-de-fitness\/"},"modified":"2026-04-30T07:46:27","modified_gmt":"2026-04-30T07:46:27","slug":"soutien-de-ioga-respiravel-com-costas-penduradas-no-pescoco-soutien-de-ioga-europeu-e-americano-sem-costuras-roupa-interior-desportiva-feminina-de-verao-a-prova-de-choque-top-de-fitness","status":"publish","type":"product","link":"https:\/\/aiaomei.com\/pt-pt\/produto\/soutien-de-ioga-respiravel-com-costas-penduradas-no-pescoco-soutien-de-ioga-europeu-e-americano-sem-costuras-roupa-interior-desportiva-feminina-de-verao-a-prova-de-choque-top-de-fitness\/","title":{"rendered":"Soutien de ioga respir\u00e1vel com costas penduradas no pesco\u00e7o Soutien de ioga europeu e americano sem costuras Roupa interior desportiva feminina de ver\u00e3o \u00e0 prova de choque Top de fitness"},"content":{"rendered":"\t\t<div data-elementor-type=\"product-post\" data-elementor-id=\"42981\" class=\"elementor elementor-42981 elementor-32850\" data-elementor-post-type=\"product\">\n\t\t\t\t<div class=\"wd-negative-gap elementor-element elementor-element-4e391d7b e-flex e-con-boxed e-con e-parent\" data-id=\"4e391d7b\" data-element_type=\"container\" data-e-type=\"container\">\n\t\t\t\t\t<div class=\"e-con-inner\">\n\t\t\t\t<div class=\"elementor-element elementor-element-b2b4a4 elementor-widget elementor-widget-image\" data-id=\"b2b4a4\" data-element_type=\"widget\" data-e-type=\"widget\" data-widget_type=\"image.default\">\n\t\t\t\t\t\t\t\t\t\t\t\t\t\t\t<img decoding=\"async\" src=\"https:\/\/aiaomei.com\/wp-content\/uploads\/elementor\/thumbs\/04\u591a\u9009\u914d\u8272-\u82f1\u6587\u7248-43-scaled-rltyevzuucq41c7853g1yy5im2fva0i80wct9dr18g.jpg\" title=\"04\u591a\u9009\u914d\u8272-\u82f1\u6587\u7248\" alt=\"04\u591a\u9009\u914d\u8272-\u82f1\u6587\u7248\" loading=\"lazy\" \/>\t\t\t\t\t\t\t\t\t\t\t\t\t\t\t<\/div>\n\t\t\t\t<div class=\"elementor-element elementor-element-44252728 elementor-widget elementor-widget-image\" data-id=\"44252728\" data-element_type=\"widget\" data-e-type=\"widget\" data-widget_type=\"image.default\">\n\t\t\t\t\t\t\t\t\t\t\t\t\t\t\t<img decoding=\"async\" width=\"1120\" height=\"1536\" src=\"https:\/\/aiaomei.com\/wp-content\/uploads\/2026\/04\/02\u6a21\u7279\u4fe1\u606f-\u82f1\u6587\u7248-43-1120x1536.jpg\" class=\"attachment-1536x1536 size-1536x1536 wp-image-42998\" alt=\"\" loading=\"lazy\" srcset=\"https:\/\/aiaomei.com\/wp-content\/uploads\/2026\/04\/02\u6a21\u7279\u4fe1\u606f-\u82f1\u6587\u7248-43-1120x1536.jpg 1120w, https:\/\/aiaomei.com\/wp-content\/uploads\/2026\/04\/02\u6a21\u7279\u4fe1\u606f-\u82f1\u6587\u7248-43-scaled-430x590.jpg 430w, https:\/\/aiaomei.com\/wp-content\/uploads\/2026\/04\/02\u6a21\u7279\u4fe1\u606f-\u82f1\u6587\u7248-43-scaled-150x206.jpg 150w, https:\/\/aiaomei.com\/wp-content\/uploads\/2026\/04\/02\u6a21\u7279\u4fe1\u606f-\u82f1\u6587\u7248-43-scaled-700x960.jpg 700w, https:\/\/aiaomei.com\/wp-content\/uploads\/2026\/04\/02\u6a21\u7279\u4fe1\u606f-\u82f1\u6587\u7248-43-219x300.jpg 219w, https:\/\/aiaomei.com\/wp-content\/uploads\/2026\/04\/02\u6a21\u7279\u4fe1\u606f-\u82f1\u6587\u7248-43-583x800.jpg 583w, https:\/\/aiaomei.com\/wp-content\/uploads\/2026\/04\/02\u6a21\u7279\u4fe1\u606f-\u82f1\u6587\u7248-43-768x1053.jpg 768w, https:\/\/aiaomei.com\/wp-content\/uploads\/2026\/04\/02\u6a21\u7279\u4fe1\u606f-\u82f1\u6587\u7248-43-1493x2048.jpg 1493w, https:\/\/aiaomei.com\/wp-content\/uploads\/2026\/04\/02\u6a21\u7279\u4fe1\u606f-\u82f1\u6587\u7248-43-scaled.jpg 1867w\" sizes=\"auto, (max-width: 1120px) 100vw, 1120px\" \/>\t\t\t\t\t\t\t\t\t\t\t\t\t\t\t<\/div>\n\t\t\t\t\t<\/div>\n\t\t\t\t<\/div>\n\t\t<div class=\"wd-negative-gap elementor-element elementor-element-8c90819 e-flex e-con-boxed e-con e-parent\" data-id=\"8c90819\" data-element_type=\"container\" data-e-type=\"container\">\n\t\t\t\t\t<div class=\"e-con-inner\">\n\t\t\t\t<div class=\"elementor-element elementor-element-551d7 elementor-widget elementor-widget-image\" data-id=\"551d7\" data-element_type=\"widget\" data-e-type=\"widget\" data-widget_type=\"image.default\">\n\t\t\t\t\t\t\t\t\t\t\t\t\t\t\t<img decoding=\"async\" width=\"1536\" height=\"927\" src=\"https:\/\/aiaomei.com\/wp-content\/uploads\/2026\/04\/\u5c3a\u7801\u8868\uff08\u80f8\u56f4\u80cc\u5fc3\uff09-\u82f1\u6587\u7248-8-1536x927.jpg\" class=\"attachment-1536x1536 size-1536x1536 wp-image-43000\" alt=\"\" loading=\"lazy\" srcset=\"https:\/\/aiaomei.com\/wp-content\/uploads\/2026\/04\/\u5c3a\u7801\u8868\uff08\u80f8\u56f4\u80cc\u5fc3\uff09-\u82f1\u6587\u7248-8-1536x927.jpg 1536w, https:\/\/aiaomei.com\/wp-content\/uploads\/2026\/04\/\u5c3a\u7801\u8868\uff08\u80f8\u56f4\u80cc\u5fc3\uff09-\u82f1\u6587\u7248-8-430x260.jpg 430w, https:\/\/aiaomei.com\/wp-content\/uploads\/2026\/04\/\u5c3a\u7801\u8868\uff08\u80f8\u56f4\u80cc\u5fc3\uff09-\u82f1\u6587\u7248-8-150x91.jpg 150w, https:\/\/aiaomei.com\/wp-content\/uploads\/2026\/04\/\u5c3a\u7801\u8868\uff08\u80f8\u56f4\u80cc\u5fc3\uff09-\u82f1\u6587\u7248-8-700x422.jpg 700w, https:\/\/aiaomei.com\/wp-content\/uploads\/2026\/04\/\u5c3a\u7801\u8868\uff08\u80f8\u56f4\u80cc\u5fc3\uff09-\u82f1\u6587\u7248-8-400x241.jpg 400w, https:\/\/aiaomei.com\/wp-content\/uploads\/2026\/04\/\u5c3a\u7801\u8868\uff08\u80f8\u56f4\u80cc\u5fc3\uff09-\u82f1\u6587\u7248-8-1300x785.jpg 1300w, https:\/\/aiaomei.com\/wp-content\/uploads\/2026\/04\/\u5c3a\u7801\u8868\uff08\u80f8\u56f4\u80cc\u5fc3\uff09-\u82f1\u6587\u7248-8-768x463.jpg 768w, https:\/\/aiaomei.com\/wp-content\/uploads\/2026\/04\/\u5c3a\u7801\u8868\uff08\u80f8\u56f4\u80cc\u5fc3\uff09-\u82f1\u6587\u7248-8.jpg 2000w\" sizes=\"auto, (max-width: 1536px) 100vw, 1536px\" \/>\t\t\t\t\t\t\t\t\t\t\t\t\t\t\t<\/div>\n\t\t\t\t\t<\/div>\n\t\t\t\t<\/div>\n\t\t\t\t<\/div>\n\t\t","protected":false},"excerpt":{"rendered":"","protected":false},"featured_media":45667,"comment_status":"open","ping_status":"closed","template":"","meta":[],"product_brand":[],"product_cat":[830,2135],"product_tag":[],"class_list":{"0":"post-42981","1":"product","2":"type-product","3":"status-publish","4":"has-post-thumbnail","6":"product_cat-bra","7":"product_cat-todos","9":"first","10":"instock","11":"shipping-taxable","12":"purchasable","13":"product-type-variable"},"_links":{"self":[{"href":"https:\/\/aiaomei.com\/pt-pt\/wp-json\/wp\/v2\/product\/42981","targetHints":{"allow":["GET"]}}],"collection":[{"href":"https:\/\/aiaomei.com\/pt-pt\/wp-json\/wp\/v2\/product"}],"about":[{"href":"https:\/\/aiaomei.com\/pt-pt\/wp-json\/wp\/v2\/types\/product"}],"replies":[{"embeddable":true,"href":"https:\/\/aiaomei.com\/pt-pt\/wp-json\/wp\/v2\/comments?post=42981"}],"version-history":[{"count":1,"href":"https:\/\/aiaomei.com\/pt-pt\/wp-json\/wp\/v2\/product\/42981\/revisions"}],"predecessor-version":[{"id":43090,"href":"https:\/\/aiaomei.com\/pt-pt\/wp-json\/wp\/v2\/product\/42981\/revisions\/43090"}],"wp:featuredmedia":[{"embeddable":true,"href":"https:\/\/aiaomei.com\/pt-pt\/wp-json\/wp\/v2\/media\/45667"}],"wp:attachment":[{"href":"https:\/\/aiaomei.com\/pt-pt\/wp-json\/wp\/v2\/media?parent=42981"}],"wp:term":[{"taxonomy":"product_brand","embeddable":true,"href":"https:\/\/aiaomei.com\/pt-pt\/wp-json\/wp\/v2\/product_brand?post=42981"},{"taxonomy":"product_cat","embeddable":true,"href":"https:\/\/aiaomei.com\/pt-pt\/wp-json\/wp\/v2\/product_cat?post=42981"},{"taxonomy":"product_tag","embeddable":true,"href":"https:\/\/aiaomei.com\/pt-pt\/wp-json\/wp\/v2\/product_tag?post=42981"}],"curies":[{"name":"wp","href":"https:\/\/api.w.org\/{rel}","templated":true}]}}