{"id":42959,"date":"2026-04-21T06:09:03","date_gmt":"2026-04-21T06:09:03","guid":{"rendered":"https:\/\/aiaomei.com\/product\/calcas-de-fitness-de-cintura-alta-para-mulheres-calcas-compridas-de-ciclismo-para-exterior-calcas-de-ioga-respiraveis-e-de-secagem-rapida\/"},"modified":"2026-04-30T03:57:01","modified_gmt":"2026-04-30T03:57:01","slug":"calcas-de-fitness-de-cintura-alta-para-mulheres-calcas-compridas-de-ciclismo-para-exterior-calcas-de-ioga-respiraveis-e-de-secagem-rapida","status":"publish","type":"product","link":"https:\/\/aiaomei.com\/pt-pt\/produto\/calcas-de-fitness-de-cintura-alta-para-mulheres-calcas-compridas-de-ciclismo-para-exterior-calcas-de-ioga-respiraveis-e-de-secagem-rapida\/","title":{"rendered":"Cal\u00e7as de fitness de cintura alta para mulheres, cal\u00e7as compridas de ciclismo para exterior, cal\u00e7as de ioga respir\u00e1veis e de secagem r\u00e1pida"},"content":{"rendered":"\t\t<div data-elementor-type=\"product-post\" data-elementor-id=\"42959\" class=\"elementor elementor-42959 elementor-32712\" data-elementor-post-type=\"product\">\n\t\t\t\t<div class=\"wd-negative-gap elementor-element elementor-element-2101cf0c e-flex e-con-boxed e-con e-parent\" data-id=\"2101cf0c\" data-element_type=\"container\" data-e-type=\"container\">\n\t\t\t\t\t<div class=\"e-con-inner\">\n\t\t\t\t<div class=\"elementor-element elementor-element-3d7ed63b elementor-widget elementor-widget-image\" data-id=\"3d7ed63b\" data-element_type=\"widget\" data-e-type=\"widget\" data-widget_type=\"image.default\">\n\t\t\t\t\t\t\t\t\t\t\t\t\t\t\t<img decoding=\"async\" width=\"1120\" height=\"1536\" src=\"https:\/\/aiaomei.com\/wp-content\/uploads\/2026\/04\/02\u6a21\u7279\u4fe1\u606f-\u82f1\u6587\u7248-40-1120x1536.jpg\" class=\"attachment-1536x1536 size-1536x1536 wp-image-42960\" alt=\"\" loading=\"lazy\" srcset=\"https:\/\/aiaomei.com\/wp-content\/uploads\/2026\/04\/02\u6a21\u7279\u4fe1\u606f-\u82f1\u6587\u7248-40-1120x1536.jpg 1120w, https:\/\/aiaomei.com\/wp-content\/uploads\/2026\/04\/02\u6a21\u7279\u4fe1\u606f-\u82f1\u6587\u7248-40-430x590.jpg 430w, https:\/\/aiaomei.com\/wp-content\/uploads\/2026\/04\/02\u6a21\u7279\u4fe1\u606f-\u82f1\u6587\u7248-40-150x206.jpg 150w, https:\/\/aiaomei.com\/wp-content\/uploads\/2026\/04\/02\u6a21\u7279\u4fe1\u606f-\u82f1\u6587\u7248-40-700x960.jpg 700w, https:\/\/aiaomei.com\/wp-content\/uploads\/2026\/04\/02\u6a21\u7279\u4fe1\u606f-\u82f1\u6587\u7248-40-219x300.jpg 219w, https:\/\/aiaomei.com\/wp-content\/uploads\/2026\/04\/02\u6a21\u7279\u4fe1\u606f-\u82f1\u6587\u7248-40-583x800.jpg 583w, https:\/\/aiaomei.com\/wp-content\/uploads\/2026\/04\/02\u6a21\u7279\u4fe1\u606f-\u82f1\u6587\u7248-40-768x1053.jpg 768w, https:\/\/aiaomei.com\/wp-content\/uploads\/2026\/04\/02\u6a21\u7279\u4fe1\u606f-\u82f1\u6587\u7248-40.jpg 1200w\" sizes=\"auto, (max-width: 1120px) 100vw, 1120px\" \/>\t\t\t\t\t\t\t\t\t\t\t\t\t\t\t<\/div>\n\t\t\t\t\t<\/div>\n\t\t\t\t<\/div>\n\t\t<div class=\"wd-negative-gap elementor-element elementor-element-2a626900 e-flex e-con-boxed e-con e-parent\" data-id=\"2a626900\" data-element_type=\"container\" data-e-type=\"container\">\n\t\t\t\t\t<div class=\"e-con-inner\">\n\t\t\t\t<div class=\"elementor-element elementor-element-312af410 elementor-widget elementor-widget-image\" data-id=\"312af410\" data-element_type=\"widget\" data-e-type=\"widget\" data-widget_type=\"image.default\">\n\t\t\t\t\t\t\t\t\t\t\t\t\t\t\t<img decoding=\"async\" width=\"1200\" height=\"1488\" src=\"https:\/\/aiaomei.com\/wp-content\/uploads\/2026\/04\/04\u591a\u9009\u914d\u8272-\u82f1\u6587\u7248-40.jpg\" class=\"attachment-1536x1536 size-1536x1536 wp-image-42961\" alt=\"\" loading=\"lazy\" srcset=\"https:\/\/aiaomei.com\/wp-content\/uploads\/2026\/04\/04\u591a\u9009\u914d\u8272-\u82f1\u6587\u7248-40.jpg 1200w, https:\/\/aiaomei.com\/wp-content\/uploads\/2026\/04\/04\u591a\u9009\u914d\u8272-\u82f1\u6587\u7248-40-430x533.jpg 430w, https:\/\/aiaomei.com\/wp-content\/uploads\/2026\/04\/04\u591a\u9009\u914d\u8272-\u82f1\u6587\u7248-40-150x186.jpg 150w, https:\/\/aiaomei.com\/wp-content\/uploads\/2026\/04\/04\u591a\u9009\u914d\u8272-\u82f1\u6587\u7248-40-700x868.jpg 700w, https:\/\/aiaomei.com\/wp-content\/uploads\/2026\/04\/04\u591a\u9009\u914d\u8272-\u82f1\u6587\u7248-40-242x300.jpg 242w, https:\/\/aiaomei.com\/wp-content\/uploads\/2026\/04\/04\u591a\u9009\u914d\u8272-\u82f1\u6587\u7248-40-645x800.jpg 645w, https:\/\/aiaomei.com\/wp-content\/uploads\/2026\/04\/04\u591a\u9009\u914d\u8272-\u82f1\u6587\u7248-40-768x952.jpg 768w\" sizes=\"auto, (max-width: 1200px) 100vw, 1200px\" \/>\t\t\t\t\t\t\t\t\t\t\t\t\t\t\t<\/div>\n\t\t\t\t\t<\/div>\n\t\t\t\t<\/div>\n\t\t<div class=\"wd-negative-gap elementor-element elementor-element-6fd62362 e-flex e-con-boxed e-con e-parent\" data-id=\"6fd62362\" data-element_type=\"container\" data-e-type=\"container\">\n\t\t\t\t\t<div class=\"e-con-inner\">\n\t\t\t\t<div class=\"elementor-element elementor-element-17225520 elementor-widget elementor-widget-image\" data-id=\"17225520\" data-element_type=\"widget\" data-e-type=\"widget\" data-widget_type=\"image.default\">\n\t\t\t\t\t\t\t\t\t\t\t\t\t\t\t<img decoding=\"async\" width=\"1200\" height=\"1210\" src=\"https:\/\/aiaomei.com\/wp-content\/uploads\/2026\/04\/particulars_05.png\" class=\"attachment-1536x1536 size-1536x1536 wp-image-46601\" alt=\"\" loading=\"lazy\" srcset=\"https:\/\/aiaomei.com\/wp-content\/uploads\/2026\/04\/particulars_05.png 1200w, https:\/\/aiaomei.com\/wp-content\/uploads\/2026\/04\/particulars_05-298x300.png 298w, https:\/\/aiaomei.com\/wp-content\/uploads\/2026\/04\/particulars_05-793x800.png 793w, https:\/\/aiaomei.com\/wp-content\/uploads\/2026\/04\/particulars_05-150x151.png 150w, https:\/\/aiaomei.com\/wp-content\/uploads\/2026\/04\/particulars_05-768x774.png 768w, https:\/\/aiaomei.com\/wp-content\/uploads\/2026\/04\/particulars_05-430x434.png 430w, https:\/\/aiaomei.com\/wp-content\/uploads\/2026\/04\/particulars_05-700x706.png 700w\" sizes=\"auto, (max-width: 1200px) 100vw, 1200px\" \/>\t\t\t\t\t\t\t\t\t\t\t\t\t\t\t<\/div>\n\t\t\t\t<div class=\"elementor-element elementor-element-4887fc5f elementor-widget elementor-widget-image\" data-id=\"4887fc5f\" data-element_type=\"widget\" data-e-type=\"widget\" data-widget_type=\"image.default\">\n\t\t\t\t\t\t\t\t\t\t\t\t\t\t\t<img decoding=\"async\" width=\"1200\" height=\"1210\" src=\"https:\/\/aiaomei.com\/wp-content\/uploads\/2026\/04\/particulars_06-1.png\" class=\"attachment-1536x1536 size-1536x1536 wp-image-46602\" alt=\"\" loading=\"lazy\" srcset=\"https:\/\/aiaomei.com\/wp-content\/uploads\/2026\/04\/particulars_06-1.png 1200w, https:\/\/aiaomei.com\/wp-content\/uploads\/2026\/04\/particulars_06-1-298x300.png 298w, https:\/\/aiaomei.com\/wp-content\/uploads\/2026\/04\/particulars_06-1-793x800.png 793w, https:\/\/aiaomei.com\/wp-content\/uploads\/2026\/04\/particulars_06-1-150x151.png 150w, https:\/\/aiaomei.com\/wp-content\/uploads\/2026\/04\/particulars_06-1-768x774.png 768w, https:\/\/aiaomei.com\/wp-content\/uploads\/2026\/04\/particulars_06-1-430x434.png 430w, https:\/\/aiaomei.com\/wp-content\/uploads\/2026\/04\/particulars_06-1-700x706.png 700w\" sizes=\"auto, (max-width: 1200px) 100vw, 1200px\" \/>\t\t\t\t\t\t\t\t\t\t\t\t\t\t\t<\/div>\n\t\t\t\t<div class=\"elementor-element elementor-element-31a2d449 elementor-widget elementor-widget-image\" data-id=\"31a2d449\" data-element_type=\"widget\" data-e-type=\"widget\" data-widget_type=\"image.default\">\n\t\t\t\t\t\t\t\t\t\t\t\t\t\t\t<img decoding=\"async\" width=\"1200\" height=\"1210\" src=\"https:\/\/aiaomei.com\/wp-content\/uploads\/2026\/04\/particulars_07-2.png\" class=\"attachment-1536x1536 size-1536x1536 wp-image-46603\" alt=\"\" loading=\"lazy\" srcset=\"https:\/\/aiaomei.com\/wp-content\/uploads\/2026\/04\/particulars_07-2.png 1200w, https:\/\/aiaomei.com\/wp-content\/uploads\/2026\/04\/particulars_07-2-298x300.png 298w, https:\/\/aiaomei.com\/wp-content\/uploads\/2026\/04\/particulars_07-2-793x800.png 793w, https:\/\/aiaomei.com\/wp-content\/uploads\/2026\/04\/particulars_07-2-150x151.png 150w, https:\/\/aiaomei.com\/wp-content\/uploads\/2026\/04\/particulars_07-2-768x774.png 768w, https:\/\/aiaomei.com\/wp-content\/uploads\/2026\/04\/particulars_07-2-430x434.png 430w, https:\/\/aiaomei.com\/wp-content\/uploads\/2026\/04\/particulars_07-2-700x706.png 700w\" sizes=\"auto, (max-width: 1200px) 100vw, 1200px\" \/>\t\t\t\t\t\t\t\t\t\t\t\t\t\t\t<\/div>\n\t\t\t\t<div class=\"elementor-element elementor-element-7287c2be elementor-widget elementor-widget-image\" data-id=\"7287c2be\" data-element_type=\"widget\" data-e-type=\"widget\" data-widget_type=\"image.default\">\n\t\t\t\t\t\t\t\t\t\t\t\t\t\t\t<img decoding=\"async\" width=\"1200\" height=\"992\" src=\"https:\/\/aiaomei.com\/wp-content\/uploads\/2026\/04\/2221507.jpg\" class=\"attachment-1536x1536 size-1536x1536 wp-image-46597\" alt=\"\" loading=\"lazy\" srcset=\"https:\/\/aiaomei.com\/wp-content\/uploads\/2026\/04\/2221507.jpg 1200w, https:\/\/aiaomei.com\/wp-content\/uploads\/2026\/04\/2221507-363x300.jpg 363w, https:\/\/aiaomei.com\/wp-content\/uploads\/2026\/04\/2221507-968x800.jpg 968w, https:\/\/aiaomei.com\/wp-content\/uploads\/2026\/04\/2221507-768x635.jpg 768w, https:\/\/aiaomei.com\/wp-content\/uploads\/2026\/04\/2221507-430x355.jpg 430w, https:\/\/aiaomei.com\/wp-content\/uploads\/2026\/04\/2221507-700x579.jpg 700w, https:\/\/aiaomei.com\/wp-content\/uploads\/2026\/04\/2221507-150x124.jpg 150w\" sizes=\"auto, (max-width: 1200px) 100vw, 1200px\" \/>\t\t\t\t\t\t\t\t\t\t\t\t\t\t\t<\/div>\n\t\t\t\t<div class=\"elementor-element elementor-element-5013e871 elementor-widget elementor-widget-image\" data-id=\"5013e871\" data-element_type=\"widget\" data-e-type=\"widget\" data-widget_type=\"image.default\">\n\t\t\t\t\t\t\t\t\t\t\t\t\t\t\t<img decoding=\"async\" width=\"1200\" height=\"684\" src=\"https:\/\/aiaomei.com\/wp-content\/uploads\/2026\/04\/2221506.jpg\" class=\"attachment-1536x1536 size-1536x1536 wp-image-46596\" alt=\"\" loading=\"lazy\" srcset=\"https:\/\/aiaomei.com\/wp-content\/uploads\/2026\/04\/2221506.jpg 1200w, https:\/\/aiaomei.com\/wp-content\/uploads\/2026\/04\/2221506-400x228.jpg 400w, https:\/\/aiaomei.com\/wp-content\/uploads\/2026\/04\/2221506-768x438.jpg 768w, https:\/\/aiaomei.com\/wp-content\/uploads\/2026\/04\/2221506-430x245.jpg 430w, https:\/\/aiaomei.com\/wp-content\/uploads\/2026\/04\/2221506-700x399.jpg 700w, https:\/\/aiaomei.com\/wp-content\/uploads\/2026\/04\/2221506-150x86.jpg 150w\" sizes=\"auto, (max-width: 1200px) 100vw, 1200px\" \/>\t\t\t\t\t\t\t\t\t\t\t\t\t\t\t<\/div>\n\t\t<div class=\"elementor-element elementor-element-146f6e92 e-con-full e-flex e-con e-child\" data-id=\"146f6e92\" data-element_type=\"container\" data-e-type=\"container\">\n\t\t\t\t<div class=\"elementor-element elementor-element-6e3d7976 elementor-widget elementor-widget-image\" data-id=\"6e3d7976\" data-element_type=\"widget\" data-e-type=\"widget\" data-widget_type=\"image.default\">\n\t\t\t\t\t\t\t\t\t\t\t\t\t\t\t<img decoding=\"async\" width=\"1200\" height=\"160\" src=\"https:\/\/aiaomei.com\/wp-content\/uploads\/2026\/04\/\u901a\u7528\u7ec6\u8282\u5c55\u793a.jpg\" class=\"attachment-1536x1536 size-1536x1536 wp-image-46419\" alt=\"\" loading=\"lazy\" srcset=\"https:\/\/aiaomei.com\/wp-content\/uploads\/2026\/04\/\u901a\u7528\u7ec6\u8282\u5c55\u793a.jpg 1200w, https:\/\/aiaomei.com\/wp-content\/uploads\/2026\/04\/\u901a\u7528\u7ec6\u8282\u5c55\u793a-400x53.jpg 400w, https:\/\/aiaomei.com\/wp-content\/uploads\/2026\/04\/\u901a\u7528\u7ec6\u8282\u5c55\u793a-768x102.jpg 768w, https:\/\/aiaomei.com\/wp-content\/uploads\/2026\/04\/\u901a\u7528\u7ec6\u8282\u5c55\u793a-430x57.jpg 430w, https:\/\/aiaomei.com\/wp-content\/uploads\/2026\/04\/\u901a\u7528\u7ec6\u8282\u5c55\u793a-700x93.jpg 700w, https:\/\/aiaomei.com\/wp-content\/uploads\/2026\/04\/\u901a\u7528\u7ec6\u8282\u5c55\u793a-150x20.jpg 150w\" sizes=\"auto, (max-width: 1200px) 100vw, 1200px\" \/>\t\t\t\t\t\t\t\t\t\t\t\t\t\t\t<\/div>\n\t\t\t\t<div class=\"elementor-element elementor-element-53ac2e85 wd-width-100 elementor-widget elementor-widget-wd_images_gallery\" data-id=\"53ac2e85\" data-element_type=\"widget\" data-e-type=\"widget\" data-widget_type=\"wd_images_gallery.default\">\n\t\t\t\t<div class=\"elementor-widget-container\">\n\t\t\t\t\t\t\t<div class=\"wd-images-gallery photoswipe-images\" style=\"--wd-align-items:center; --wd-justify-content:center;\">\n\t\t\t\t\t\t<div class=\"wd-grid-g\" style=\"--wd-col-lg:2;--wd-col-md:2;--wd-col-sm:2;--wd-gap-lg:6px;\" >\n\t\t\t\t\t\t\t\t\t\t\t\t\t\t\t\t\t\t<div class=\"wd-gallery-item wd-col\">\n\t\t\t\t\t\t\t\t\t\t\t\t\t<a  href=\"https:\/\/aiaomei.com\/wp-content\/uploads\/2026\/04\/particulars_73.jpeg\" data-width=\"1200\" data-height=\"1200\" data-index=\"1\" data-elementor-open-lightbox=\"no\">\n\t\t\t\t\t\t\n\t\t\t\t\t\t<img loading=\"lazy\" decoding=\"async\" width=\"1200\" height=\"1200\" src=\"https:\/\/aiaomei.com\/wp-content\/uploads\/2026\/04\/particulars_73.jpeg\" class=\"attachment-full size-full\" alt=\"\u8be6\u60c5_73\" srcset=\"https:\/\/aiaomei.com\/wp-content\/uploads\/2026\/04\/particulars_73.jpeg 1200w, https:\/\/aiaomei.com\/wp-content\/uploads\/2026\/04\/particulars_73-300x300.jpeg 300w, https:\/\/aiaomei.com\/wp-content\/uploads\/2026\/04\/particulars_73-800x800.jpeg 800w, https:\/\/aiaomei.com\/wp-content\/uploads\/2026\/04\/particulars_73-150x150.jpeg 150w, https:\/\/aiaomei.com\/wp-content\/uploads\/2026\/04\/particulars_73-768x768.jpeg 768w, https:\/\/aiaomei.com\/wp-content\/uploads\/2026\/04\/particulars_73-430x430.jpeg 430w, https:\/\/aiaomei.com\/wp-content\/uploads\/2026\/04\/particulars_73-700x700.jpeg 700w\" sizes=\"auto, (max-width: 1200px) 100vw, 1200px\" \/>\n\t\t\t\t\t\t\t\t\t\t\t\t\t<\/a>\n\t\t\t\t\t\t\t\t\t\t\t<\/div>\n\t\t\t\t\t\t\t\t\t\t\t\t\t\t\t<div class=\"wd-gallery-item wd-col\">\n\t\t\t\t\t\t\t\t\t\t\t\t\t<a  href=\"https:\/\/aiaomei.com\/wp-content\/uploads\/2026\/04\/particulars_74.jpeg\" data-width=\"1200\" data-height=\"1200\" data-index=\"2\" data-elementor-open-lightbox=\"no\">\n\t\t\t\t\t\t\n\t\t\t\t\t\t<img loading=\"lazy\" decoding=\"async\" width=\"1200\" height=\"1200\" src=\"https:\/\/aiaomei.com\/wp-content\/uploads\/2026\/04\/particulars_74.jpeg\" class=\"attachment-full size-full\" alt=\"\u8be6\u60c5_74\" srcset=\"https:\/\/aiaomei.com\/wp-content\/uploads\/2026\/04\/particulars_74.jpeg 1200w, https:\/\/aiaomei.com\/wp-content\/uploads\/2026\/04\/particulars_74-300x300.jpeg 300w, https:\/\/aiaomei.com\/wp-content\/uploads\/2026\/04\/particulars_74-800x800.jpeg 800w, https:\/\/aiaomei.com\/wp-content\/uploads\/2026\/04\/particulars_74-150x150.jpeg 150w, https:\/\/aiaomei.com\/wp-content\/uploads\/2026\/04\/particulars_74-768x768.jpeg 768w, https:\/\/aiaomei.com\/wp-content\/uploads\/2026\/04\/particulars_74-430x430.jpeg 430w, https:\/\/aiaomei.com\/wp-content\/uploads\/2026\/04\/particulars_74-700x700.jpeg 700w\" sizes=\"auto, (max-width: 1200px) 100vw, 1200px\" \/>\n\t\t\t\t\t\t\t\t\t\t\t\t\t<\/a>\n\t\t\t\t\t\t\t\t\t\t\t<\/div>\n\t\t\t\t\t\t\t\t\t\t\t\t\t\t\t<div class=\"wd-gallery-item wd-col\">\n\t\t\t\t\t\t\t\t\t\t\t\t\t<a  href=\"https:\/\/aiaomei.com\/wp-content\/uploads\/2026\/04\/particulars_72-1.jpeg\" data-width=\"1200\" data-height=\"1200\" data-index=\"3\" data-elementor-open-lightbox=\"no\">\n\t\t\t\t\t\t\n\t\t\t\t\t\t<img loading=\"lazy\" decoding=\"async\" width=\"1200\" height=\"1200\" src=\"https:\/\/aiaomei.com\/wp-content\/uploads\/2026\/04\/particulars_72-1.jpeg\" class=\"attachment-full size-full\" alt=\"\u8be6\u60c5_72\" srcset=\"https:\/\/aiaomei.com\/wp-content\/uploads\/2026\/04\/particulars_72-1.jpeg 1200w, https:\/\/aiaomei.com\/wp-content\/uploads\/2026\/04\/particulars_72-1-300x300.jpeg 300w, https:\/\/aiaomei.com\/wp-content\/uploads\/2026\/04\/particulars_72-1-800x800.jpeg 800w, https:\/\/aiaomei.com\/wp-content\/uploads\/2026\/04\/particulars_72-1-150x150.jpeg 150w, https:\/\/aiaomei.com\/wp-content\/uploads\/2026\/04\/particulars_72-1-768x768.jpeg 768w, https:\/\/aiaomei.com\/wp-content\/uploads\/2026\/04\/particulars_72-1-430x430.jpeg 430w, https:\/\/aiaomei.com\/wp-content\/uploads\/2026\/04\/particulars_72-1-700x700.jpeg 700w\" sizes=\"auto, (max-width: 1200px) 100vw, 1200px\" \/>\n\t\t\t\t\t\t\t\t\t\t\t\t\t<\/a>\n\t\t\t\t\t\t\t\t\t\t\t<\/div>\n\t\t\t\t\t\t\t\t\t\t\t\t\t\t\t<div class=\"wd-gallery-item wd-col\">\n\t\t\t\t\t\t\t\t\t\t\t\t\t<a  href=\"https:\/\/aiaomei.com\/wp-content\/uploads\/2026\/04\/particulars_71-1.jpeg\" data-width=\"1200\" data-height=\"1200\" data-index=\"4\" data-elementor-open-lightbox=\"no\">\n\t\t\t\t\t\t\n\t\t\t\t\t\t<img loading=\"lazy\" decoding=\"async\" width=\"1200\" height=\"1200\" src=\"https:\/\/aiaomei.com\/wp-content\/uploads\/2026\/04\/particulars_71-1.jpeg\" class=\"attachment-full size-full\" alt=\"\u8be6\u60c5_71\" srcset=\"https:\/\/aiaomei.com\/wp-content\/uploads\/2026\/04\/particulars_71-1.jpeg 1200w, https:\/\/aiaomei.com\/wp-content\/uploads\/2026\/04\/particulars_71-1-300x300.jpeg 300w, https:\/\/aiaomei.com\/wp-content\/uploads\/2026\/04\/particulars_71-1-800x800.jpeg 800w, https:\/\/aiaomei.com\/wp-content\/uploads\/2026\/04\/particulars_71-1-150x150.jpeg 150w, https:\/\/aiaomei.com\/wp-content\/uploads\/2026\/04\/particulars_71-1-768x768.jpeg 768w, https:\/\/aiaomei.com\/wp-content\/uploads\/2026\/04\/particulars_71-1-430x430.jpeg 430w, https:\/\/aiaomei.com\/wp-content\/uploads\/2026\/04\/particulars_71-1-700x700.jpeg 700w\" sizes=\"auto, (max-width: 1200px) 100vw, 1200px\" \/>\n\t\t\t\t\t\t\t\t\t\t\t\t\t<\/a>\n\t\t\t\t\t\t\t\t\t\t\t<\/div>\n\t\t\t\t\t\t\t\t\t\t\t\t\t<\/div>\n\t\t\t\t\t<\/div>\n\t\t\t\t\t\t<\/div>\n\t\t\t\t<\/div>\n\t\t\t\t<\/div>\n\t\t\t\t\t<\/div>\n\t\t\t\t<\/div>\n\t\t\t\t<\/div>\n\t\t","protected":false},"excerpt":{"rendered":"","protected":false},"featured_media":45810,"comment_status":"open","ping_status":"closed","template":"","meta":[],"product_brand":[],"product_cat":[923,2135],"product_tag":[],"class_list":{"0":"post-42959","1":"product","2":"type-product","3":"status-publish","4":"has-post-thumbnail","6":"product_cat-calcas","7":"product_cat-todos","9":"first","10":"instock","11":"shipping-taxable","12":"purchasable","13":"product-type-variable"},"_links":{"self":[{"href":"https:\/\/aiaomei.com\/pt-pt\/wp-json\/wp\/v2\/product\/42959","targetHints":{"allow":["GET"]}}],"collection":[{"href":"https:\/\/aiaomei.com\/pt-pt\/wp-json\/wp\/v2\/product"}],"about":[{"href":"https:\/\/aiaomei.com\/pt-pt\/wp-json\/wp\/v2\/types\/product"}],"replies":[{"embeddable":true,"href":"https:\/\/aiaomei.com\/pt-pt\/wp-json\/wp\/v2\/comments?post=42959"}],"version-history":[{"count":2,"href":"https:\/\/aiaomei.com\/pt-pt\/wp-json\/wp\/v2\/product\/42959\/revisions"}],"predecessor-version":[{"id":46605,"href":"https:\/\/aiaomei.com\/pt-pt\/wp-json\/wp\/v2\/product\/42959\/revisions\/46605"}],"wp:featuredmedia":[{"embeddable":true,"href":"https:\/\/aiaomei.com\/pt-pt\/wp-json\/wp\/v2\/media\/45810"}],"wp:attachment":[{"href":"https:\/\/aiaomei.com\/pt-pt\/wp-json\/wp\/v2\/media?parent=42959"}],"wp:term":[{"taxonomy":"product_brand","embeddable":true,"href":"https:\/\/aiaomei.com\/pt-pt\/wp-json\/wp\/v2\/product_brand?post=42959"},{"taxonomy":"product_cat","embeddable":true,"href":"https:\/\/aiaomei.com\/pt-pt\/wp-json\/wp\/v2\/product_cat?post=42959"},{"taxonomy":"product_tag","embeddable":true,"href":"https:\/\/aiaomei.com\/pt-pt\/wp-json\/wp\/v2\/product_tag?post=42959"}],"curies":[{"name":"wp","href":"https:\/\/api.w.org\/{rel}","templated":true}]}}