{"id":41754,"date":"2026-04-21T06:09:05","date_gmt":"2026-04-21T06:09:05","guid":{"rendered":"https:\/\/aiaomei.com\/product\/calcoes-de-ioga-sem-costuras-de-cintura-alta-calcoes-para-a-anca-calcas-de-ioga-justas-para-desporto-de-corrida-e-fitness-para-mulher\/"},"modified":"2026-04-30T09:12:52","modified_gmt":"2026-04-30T09:12:52","slug":"calcoes-de-ioga-sem-costuras-de-cintura-alta-calcoes-para-a-anca-calcas-de-ioga-justas-para-desporto-de-corrida-e-fitness-para-mulher","status":"publish","type":"product","link":"https:\/\/aiaomei.com\/pt-pt\/produto\/calcoes-de-ioga-sem-costuras-de-cintura-alta-calcoes-para-a-anca-calcas-de-ioga-justas-para-desporto-de-corrida-e-fitness-para-mulher\/","title":{"rendered":"Cal\u00e7\u00f5es de ioga sem costuras de cintura alta Cal\u00e7\u00f5es para a anca Cal\u00e7as de ioga justas para desporto de corrida e fitness para mulher"},"content":{"rendered":"\t\t<div data-elementor-type=\"product-post\" data-elementor-id=\"41754\" class=\"elementor elementor-41754 elementor-32011\" data-elementor-post-type=\"product\">\n\t\t\t\t<div class=\"wd-negative-gap elementor-element elementor-element-287f3847 e-flex e-con-boxed e-con e-parent\" data-id=\"287f3847\" data-element_type=\"container\" data-e-type=\"container\">\n\t\t\t\t\t<div class=\"e-con-inner\">\n\t\t\t\t<div class=\"elementor-element elementor-element-76063f93 elementor-widget elementor-widget-image\" data-id=\"76063f93\" data-element_type=\"widget\" data-e-type=\"widget\" data-widget_type=\"image.default\">\n\t\t\t\t\t\t\t\t\t\t\t\t\t\t\t<img decoding=\"async\" width=\"1200\" height=\"1030\" src=\"https:\/\/aiaomei.com\/wp-content\/uploads\/2026\/04\/04\u591a\u9009\u914d\u8272-\u82f1\u6587\u7248-31.jpg\" class=\"attachment-full size-full wp-image-41756\" alt=\"\" loading=\"lazy\" srcset=\"https:\/\/aiaomei.com\/wp-content\/uploads\/2026\/04\/04\u591a\u9009\u914d\u8272-\u82f1\u6587\u7248-31.jpg 1200w, https:\/\/aiaomei.com\/wp-content\/uploads\/2026\/04\/04\u591a\u9009\u914d\u8272-\u82f1\u6587\u7248-31-430x369.jpg 430w, https:\/\/aiaomei.com\/wp-content\/uploads\/2026\/04\/04\u591a\u9009\u914d\u8272-\u82f1\u6587\u7248-31-150x129.jpg 150w, https:\/\/aiaomei.com\/wp-content\/uploads\/2026\/04\/04\u591a\u9009\u914d\u8272-\u82f1\u6587\u7248-31-700x601.jpg 700w, https:\/\/aiaomei.com\/wp-content\/uploads\/2026\/04\/04\u591a\u9009\u914d\u8272-\u82f1\u6587\u7248-31-350x300.jpg 350w, https:\/\/aiaomei.com\/wp-content\/uploads\/2026\/04\/04\u591a\u9009\u914d\u8272-\u82f1\u6587\u7248-31-932x800.jpg 932w, https:\/\/aiaomei.com\/wp-content\/uploads\/2026\/04\/04\u591a\u9009\u914d\u8272-\u82f1\u6587\u7248-31-768x659.jpg 768w\" sizes=\"auto, (max-width: 1200px) 100vw, 1200px\" \/>\t\t\t\t\t\t\t\t\t\t\t\t\t\t\t<\/div>\n\t\t\t\t<div class=\"elementor-element elementor-element-5c2b2eb6 elementor-widget elementor-widget-image\" data-id=\"5c2b2eb6\" data-element_type=\"widget\" data-e-type=\"widget\" data-widget_type=\"image.default\">\n\t\t\t\t\t\t\t\t\t\t\t\t\t\t\t<img decoding=\"async\" width=\"1120\" height=\"1536\" src=\"https:\/\/aiaomei.com\/wp-content\/uploads\/2026\/04\/02\u6a21\u7279\u4fe1\u606f-\u82f1\u6587\u7248-31-1120x1536.jpg\" class=\"attachment-1536x1536 size-1536x1536 wp-image-41755\" alt=\"\" loading=\"lazy\" srcset=\"https:\/\/aiaomei.com\/wp-content\/uploads\/2026\/04\/02\u6a21\u7279\u4fe1\u606f-\u82f1\u6587\u7248-31-1120x1536.jpg 1120w, https:\/\/aiaomei.com\/wp-content\/uploads\/2026\/04\/02\u6a21\u7279\u4fe1\u606f-\u82f1\u6587\u7248-31-430x590.jpg 430w, https:\/\/aiaomei.com\/wp-content\/uploads\/2026\/04\/02\u6a21\u7279\u4fe1\u606f-\u82f1\u6587\u7248-31-150x206.jpg 150w, https:\/\/aiaomei.com\/wp-content\/uploads\/2026\/04\/02\u6a21\u7279\u4fe1\u606f-\u82f1\u6587\u7248-31-700x960.jpg 700w, https:\/\/aiaomei.com\/wp-content\/uploads\/2026\/04\/02\u6a21\u7279\u4fe1\u606f-\u82f1\u6587\u7248-31-219x300.jpg 219w, https:\/\/aiaomei.com\/wp-content\/uploads\/2026\/04\/02\u6a21\u7279\u4fe1\u606f-\u82f1\u6587\u7248-31-583x800.jpg 583w, https:\/\/aiaomei.com\/wp-content\/uploads\/2026\/04\/02\u6a21\u7279\u4fe1\u606f-\u82f1\u6587\u7248-31-768x1053.jpg 768w, https:\/\/aiaomei.com\/wp-content\/uploads\/2026\/04\/02\u6a21\u7279\u4fe1\u606f-\u82f1\u6587\u7248-31.jpg 1200w\" sizes=\"auto, (max-width: 1120px) 100vw, 1120px\" \/>\t\t\t\t\t\t\t\t\t\t\t\t\t\t\t<\/div>\n\t\t\t\t\t<\/div>\n\t\t\t\t<\/div>\n\t\t<div class=\"wd-negative-gap elementor-element elementor-element-3e97559c e-flex e-con-boxed e-con e-parent\" data-id=\"3e97559c\" data-element_type=\"container\" data-e-type=\"container\">\n\t\t\t\t\t<div class=\"e-con-inner\">\n\t\t\t\t<div class=\"elementor-element elementor-element-57df4af4 elementor-widget elementor-widget-image\" data-id=\"57df4af4\" data-element_type=\"widget\" data-e-type=\"widget\" data-widget_type=\"image.default\">\n\t\t\t\t\t\t\t\t\t\t\t\t\t\t\t<img decoding=\"async\" width=\"1200\" height=\"805\" src=\"https:\/\/aiaomei.com\/wp-content\/uploads\/2026\/04\/\u5c3a\u7801\u8868\uff08\u88e4\u5b50\uff09-\u82f1\u6587\u7248-16.jpg\" class=\"attachment-1536x1536 size-1536x1536 wp-image-41757\" alt=\"\" loading=\"lazy\" srcset=\"https:\/\/aiaomei.com\/wp-content\/uploads\/2026\/04\/\u5c3a\u7801\u8868\uff08\u88e4\u5b50\uff09-\u82f1\u6587\u7248-16.jpg 1200w, https:\/\/aiaomei.com\/wp-content\/uploads\/2026\/04\/\u5c3a\u7801\u8868\uff08\u88e4\u5b50\uff09-\u82f1\u6587\u7248-16-430x288.jpg 430w, https:\/\/aiaomei.com\/wp-content\/uploads\/2026\/04\/\u5c3a\u7801\u8868\uff08\u88e4\u5b50\uff09-\u82f1\u6587\u7248-16-150x101.jpg 150w, https:\/\/aiaomei.com\/wp-content\/uploads\/2026\/04\/\u5c3a\u7801\u8868\uff08\u88e4\u5b50\uff09-\u82f1\u6587\u7248-16-700x470.jpg 700w, https:\/\/aiaomei.com\/wp-content\/uploads\/2026\/04\/\u5c3a\u7801\u8868\uff08\u88e4\u5b50\uff09-\u82f1\u6587\u7248-16-400x268.jpg 400w, https:\/\/aiaomei.com\/wp-content\/uploads\/2026\/04\/\u5c3a\u7801\u8868\uff08\u88e4\u5b50\uff09-\u82f1\u6587\u7248-16-1193x800.jpg 1193w, https:\/\/aiaomei.com\/wp-content\/uploads\/2026\/04\/\u5c3a\u7801\u8868\uff08\u88e4\u5b50\uff09-\u82f1\u6587\u7248-16-768x515.jpg 768w\" sizes=\"auto, (max-width: 1200px) 100vw, 1200px\" \/>\t\t\t\t\t\t\t\t\t\t\t\t\t\t\t<\/div>\n\t\t\t\t\t<\/div>\n\t\t\t\t<\/div>\n\t\t\t\t<\/div>\n\t\t","protected":false},"excerpt":{"rendered":"","protected":false},"featured_media":45792,"comment_status":"open","ping_status":"closed","template":"","meta":[],"product_brand":[],"product_cat":[1610,2135],"product_tag":[],"class_list":{"0":"post-41754","1":"product","2":"type-product","3":"status-publish","4":"has-post-thumbnail","6":"product_cat-calcoes","7":"product_cat-todos","9":"first","10":"instock","11":"shipping-taxable","12":"purchasable","13":"product-type-variable"},"_links":{"self":[{"href":"https:\/\/aiaomei.com\/pt-pt\/wp-json\/wp\/v2\/product\/41754","targetHints":{"allow":["GET"]}}],"collection":[{"href":"https:\/\/aiaomei.com\/pt-pt\/wp-json\/wp\/v2\/product"}],"about":[{"href":"https:\/\/aiaomei.com\/pt-pt\/wp-json\/wp\/v2\/types\/product"}],"replies":[{"embeddable":true,"href":"https:\/\/aiaomei.com\/pt-pt\/wp-json\/wp\/v2\/comments?post=41754"}],"version-history":[{"count":1,"href":"https:\/\/aiaomei.com\/pt-pt\/wp-json\/wp\/v2\/product\/41754\/revisions"}],"predecessor-version":[{"id":41783,"href":"https:\/\/aiaomei.com\/pt-pt\/wp-json\/wp\/v2\/product\/41754\/revisions\/41783"}],"wp:featuredmedia":[{"embeddable":true,"href":"https:\/\/aiaomei.com\/pt-pt\/wp-json\/wp\/v2\/media\/45792"}],"wp:attachment":[{"href":"https:\/\/aiaomei.com\/pt-pt\/wp-json\/wp\/v2\/media?parent=41754"}],"wp:term":[{"taxonomy":"product_brand","embeddable":true,"href":"https:\/\/aiaomei.com\/pt-pt\/wp-json\/wp\/v2\/product_brand?post=41754"},{"taxonomy":"product_cat","embeddable":true,"href":"https:\/\/aiaomei.com\/pt-pt\/wp-json\/wp\/v2\/product_cat?post=41754"},{"taxonomy":"product_tag","embeddable":true,"href":"https:\/\/aiaomei.com\/pt-pt\/wp-json\/wp\/v2\/product_tag?post=41754"}],"curies":[{"name":"wp","href":"https:\/\/api.w.org\/{rel}","templated":true}]}}