{"id":41695,"date":"2026-04-21T06:09:05","date_gmt":"2026-04-21T06:09:05","guid":{"rendered":"https:\/\/aiaomei.com\/product\/calcoes-de-ioga-de-cintura-subida-nus-e-cruzados-calcas-justas-de-ioga-de-cintura-subida-calcas-desportivas-de-corrida-e-ciclismo-para-exterior\/"},"modified":"2026-04-30T09:09:51","modified_gmt":"2026-04-30T09:09:51","slug":"calcoes-de-ioga-de-cintura-subida-nus-e-cruzados-calcas-justas-de-ioga-de-cintura-subida-calcas-desportivas-de-corrida-e-ciclismo-para-exterior","status":"publish","type":"product","link":"https:\/\/aiaomei.com\/pt-pt\/produto\/calcoes-de-ioga-de-cintura-subida-nus-e-cruzados-calcas-justas-de-ioga-de-cintura-subida-calcas-desportivas-de-corrida-e-ciclismo-para-exterior\/","title":{"rendered":"Cal\u00e7\u00f5es de ioga de cintura subida nus e cruzados Cal\u00e7as justas de ioga de cintura subida Cal\u00e7as desportivas de corrida e ciclismo para exterior"},"content":{"rendered":"\t\t<div data-elementor-type=\"product-post\" data-elementor-id=\"41695\" class=\"elementor elementor-41695 elementor-31960\" data-elementor-post-type=\"product\">\n\t\t\t\t<div class=\"wd-negative-gap elementor-element elementor-element-3cd0fb4e e-flex e-con-boxed e-con e-parent\" data-id=\"3cd0fb4e\" data-element_type=\"container\" data-e-type=\"container\">\n\t\t\t\t\t<div class=\"e-con-inner\">\n\t\t\t\t<div class=\"elementor-element elementor-element-90c83b9 elementor-widget elementor-widget-image\" data-id=\"90c83b9\" data-element_type=\"widget\" data-e-type=\"widget\" data-widget_type=\"image.default\">\n\t\t\t\t\t\t\t\t\t\t\t\t\t\t\t<img decoding=\"async\" src=\"https:\/\/aiaomei.com\/wp-content\/uploads\/elementor\/thumbs\/04\u591a\u9009\u914d\u8272-\u82f1\u6587\u7248-30-scaled-rlskco3v5tmfoq0vu2r99qd7u5ckxxtk8qq029x3b4.jpg\" title=\"04\u591a\u9009\u914d\u8272-\u82f1\u6587\u7248\" alt=\"04\u591a\u9009\u914d\u8272-\u82f1\u6587\u7248\" loading=\"lazy\" \/>\t\t\t\t\t\t\t\t\t\t\t\t\t\t\t<\/div>\n\t\t\t\t<div class=\"elementor-element elementor-element-4a18b922 elementor-widget elementor-widget-image\" data-id=\"4a18b922\" data-element_type=\"widget\" data-e-type=\"widget\" data-widget_type=\"image.default\">\n\t\t\t\t\t\t\t\t\t\t\t\t\t\t\t<img decoding=\"async\" width=\"1120\" height=\"1536\" src=\"https:\/\/aiaomei.com\/wp-content\/uploads\/2026\/04\/02\u6a21\u7279\u4fe1\u606f-\u82f1\u6587\u7248-30-1120x1536.jpg\" class=\"attachment-1536x1536 size-1536x1536 wp-image-41696\" alt=\"\" loading=\"lazy\" srcset=\"https:\/\/aiaomei.com\/wp-content\/uploads\/2026\/04\/02\u6a21\u7279\u4fe1\u606f-\u82f1\u6587\u7248-30-1120x1536.jpg 1120w, https:\/\/aiaomei.com\/wp-content\/uploads\/2026\/04\/02\u6a21\u7279\u4fe1\u606f-\u82f1\u6587\u7248-30-scaled-430x590.jpg 430w, https:\/\/aiaomei.com\/wp-content\/uploads\/2026\/04\/02\u6a21\u7279\u4fe1\u606f-\u82f1\u6587\u7248-30-scaled-150x206.jpg 150w, https:\/\/aiaomei.com\/wp-content\/uploads\/2026\/04\/02\u6a21\u7279\u4fe1\u606f-\u82f1\u6587\u7248-30-scaled-700x960.jpg 700w, https:\/\/aiaomei.com\/wp-content\/uploads\/2026\/04\/02\u6a21\u7279\u4fe1\u606f-\u82f1\u6587\u7248-30-219x300.jpg 219w, https:\/\/aiaomei.com\/wp-content\/uploads\/2026\/04\/02\u6a21\u7279\u4fe1\u606f-\u82f1\u6587\u7248-30-583x800.jpg 583w, https:\/\/aiaomei.com\/wp-content\/uploads\/2026\/04\/02\u6a21\u7279\u4fe1\u606f-\u82f1\u6587\u7248-30-768x1053.jpg 768w, https:\/\/aiaomei.com\/wp-content\/uploads\/2026\/04\/02\u6a21\u7279\u4fe1\u606f-\u82f1\u6587\u7248-30-1493x2048.jpg 1493w, https:\/\/aiaomei.com\/wp-content\/uploads\/2026\/04\/02\u6a21\u7279\u4fe1\u606f-\u82f1\u6587\u7248-30-scaled.jpg 1867w\" sizes=\"auto, (max-width: 1120px) 100vw, 1120px\" \/>\t\t\t\t\t\t\t\t\t\t\t\t\t\t\t<\/div>\n\t\t\t\t\t<\/div>\n\t\t\t\t<\/div>\n\t\t<div class=\"wd-negative-gap elementor-element elementor-element-412c0d2b e-flex e-con-boxed e-con e-parent\" data-id=\"412c0d2b\" data-element_type=\"container\" data-e-type=\"container\">\n\t\t\t\t\t<div class=\"e-con-inner\">\n\t\t\t\t<div class=\"elementor-element elementor-element-25566032 elementor-widget elementor-widget-image\" data-id=\"25566032\" data-element_type=\"widget\" data-e-type=\"widget\" data-widget_type=\"image.default\">\n\t\t\t\t\t\t\t\t\t\t\t\t\t\t\t<img decoding=\"async\" width=\"1536\" height=\"1031\" src=\"https:\/\/aiaomei.com\/wp-content\/uploads\/2026\/04\/\u5c3a\u7801\u8868\uff08\u88e4\u5b50\uff09-\u82f1\u6587\u7248-15-1536x1031.jpg\" class=\"attachment-1536x1536 size-1536x1536 wp-image-41698\" alt=\"\" loading=\"lazy\" srcset=\"https:\/\/aiaomei.com\/wp-content\/uploads\/2026\/04\/\u5c3a\u7801\u8868\uff08\u88e4\u5b50\uff09-\u82f1\u6587\u7248-15-1536x1031.jpg 1536w, https:\/\/aiaomei.com\/wp-content\/uploads\/2026\/04\/\u5c3a\u7801\u8868\uff08\u88e4\u5b50\uff09-\u82f1\u6587\u7248-15-430x289.jpg 430w, https:\/\/aiaomei.com\/wp-content\/uploads\/2026\/04\/\u5c3a\u7801\u8868\uff08\u88e4\u5b50\uff09-\u82f1\u6587\u7248-15-150x101.jpg 150w, https:\/\/aiaomei.com\/wp-content\/uploads\/2026\/04\/\u5c3a\u7801\u8868\uff08\u88e4\u5b50\uff09-\u82f1\u6587\u7248-15-700x470.jpg 700w, https:\/\/aiaomei.com\/wp-content\/uploads\/2026\/04\/\u5c3a\u7801\u8868\uff08\u88e4\u5b50\uff09-\u82f1\u6587\u7248-15-400x268.jpg 400w, https:\/\/aiaomei.com\/wp-content\/uploads\/2026\/04\/\u5c3a\u7801\u8868\uff08\u88e4\u5b50\uff09-\u82f1\u6587\u7248-15-1192x800.jpg 1192w, https:\/\/aiaomei.com\/wp-content\/uploads\/2026\/04\/\u5c3a\u7801\u8868\uff08\u88e4\u5b50\uff09-\u82f1\u6587\u7248-15-768x515.jpg 768w, https:\/\/aiaomei.com\/wp-content\/uploads\/2026\/04\/\u5c3a\u7801\u8868\uff08\u88e4\u5b50\uff09-\u82f1\u6587\u7248-15.jpg 2000w\" sizes=\"auto, (max-width: 1536px) 100vw, 1536px\" \/>\t\t\t\t\t\t\t\t\t\t\t\t\t\t\t<\/div>\n\t\t\t\t\t<\/div>\n\t\t\t\t<\/div>\n\t\t\t\t<\/div>\n\t\t","protected":false},"excerpt":{"rendered":"","protected":false},"featured_media":45788,"comment_status":"open","ping_status":"closed","template":"","meta":[],"product_brand":[],"product_cat":[1610,2135],"product_tag":[],"class_list":{"0":"post-41695","1":"product","2":"type-product","3":"status-publish","4":"has-post-thumbnail","6":"product_cat-calcoes","7":"product_cat-todos","9":"first","10":"instock","11":"shipping-taxable","12":"purchasable","13":"product-type-variable"},"_links":{"self":[{"href":"https:\/\/aiaomei.com\/pt-pt\/wp-json\/wp\/v2\/product\/41695","targetHints":{"allow":["GET"]}}],"collection":[{"href":"https:\/\/aiaomei.com\/pt-pt\/wp-json\/wp\/v2\/product"}],"about":[{"href":"https:\/\/aiaomei.com\/pt-pt\/wp-json\/wp\/v2\/types\/product"}],"replies":[{"embeddable":true,"href":"https:\/\/aiaomei.com\/pt-pt\/wp-json\/wp\/v2\/comments?post=41695"}],"version-history":[{"count":1,"href":"https:\/\/aiaomei.com\/pt-pt\/wp-json\/wp\/v2\/product\/41695\/revisions"}],"predecessor-version":[{"id":41750,"href":"https:\/\/aiaomei.com\/pt-pt\/wp-json\/wp\/v2\/product\/41695\/revisions\/41750"}],"wp:featuredmedia":[{"embeddable":true,"href":"https:\/\/aiaomei.com\/pt-pt\/wp-json\/wp\/v2\/media\/45788"}],"wp:attachment":[{"href":"https:\/\/aiaomei.com\/pt-pt\/wp-json\/wp\/v2\/media?parent=41695"}],"wp:term":[{"taxonomy":"product_brand","embeddable":true,"href":"https:\/\/aiaomei.com\/pt-pt\/wp-json\/wp\/v2\/product_brand?post=41695"},{"taxonomy":"product_cat","embeddable":true,"href":"https:\/\/aiaomei.com\/pt-pt\/wp-json\/wp\/v2\/product_cat?post=41695"},{"taxonomy":"product_tag","embeddable":true,"href":"https:\/\/aiaomei.com\/pt-pt\/wp-json\/wp\/v2\/product_tag?post=41695"}],"curies":[{"name":"wp","href":"https:\/\/api.w.org\/{rel}","templated":true}]}}