{"id":39758,"date":"2026-04-21T06:09:07","date_gmt":"2026-04-21T06:09:07","guid":{"rendered":"https:\/\/aiaomei.com\/product\/calcas-largas-de-la-escovada-para-mulher-com-cintura-dobravel-joggers-adelgacantes-para-corrida-e-desportos-ao-ar-livre\/"},"modified":"2026-04-30T08:50:28","modified_gmt":"2026-04-30T08:50:28","slug":"calcas-largas-de-la-escovada-para-mulher-com-cintura-dobravel-joggers-adelgacantes-para-corrida-e-desportos-ao-ar-livre","status":"publish","type":"product","link":"https:\/\/aiaomei.com\/pt-pt\/produto\/calcas-largas-de-la-escovada-para-mulher-com-cintura-dobravel-joggers-adelgacantes-para-corrida-e-desportos-ao-ar-livre\/","title":{"rendered":"Cal\u00e7as largas de l\u00e3 escovada para mulher com cintura dobr\u00e1vel &#8211; Joggers adelga\u00e7antes para corrida e desportos ao ar livre"},"content":{"rendered":"\t\t<div data-elementor-type=\"product-post\" data-elementor-id=\"39758\" class=\"elementor elementor-39758 elementor-31395\" data-elementor-post-type=\"product\">\n\t\t\t\t<div class=\"wd-negative-gap elementor-element elementor-element-5d92b5c6 e-flex e-con-boxed e-con e-parent\" data-id=\"5d92b5c6\" data-element_type=\"container\" data-e-type=\"container\">\n\t\t\t\t\t<div class=\"e-con-inner\">\n\t\t\t\t<div class=\"elementor-element elementor-element-94b42ab elementor-widget elementor-widget-image\" data-id=\"94b42ab\" data-element_type=\"widget\" data-e-type=\"widget\" data-widget_type=\"image.default\">\n\t\t\t\t\t\t\t\t\t\t\t\t\t\t\t<img decoding=\"async\" src=\"https:\/\/aiaomei.com\/wp-content\/uploads\/elementor\/thumbs\/04\u591a\u9009\u914d\u8272-\u82f1\u6587\u7248-22-scaled-rlsdk2jspusahpbg4ci8fgf2wiy1xes3y39ca4l6gw.jpg\" title=\"04\u591a\u9009\u914d\u8272-\u82f1\u6587\u7248\" alt=\"04\u591a\u9009\u914d\u8272-\u82f1\u6587\u7248\" loading=\"lazy\" \/>\t\t\t\t\t\t\t\t\t\t\t\t\t\t\t<\/div>\n\t\t\t\t<div class=\"elementor-element elementor-element-46ec609 elementor-widget elementor-widget-image\" data-id=\"46ec609\" data-element_type=\"widget\" data-e-type=\"widget\" data-widget_type=\"image.default\">\n\t\t\t\t\t\t\t\t\t\t\t\t\t\t\t<img decoding=\"async\" width=\"1120\" height=\"1536\" src=\"https:\/\/aiaomei.com\/wp-content\/uploads\/2026\/04\/02\u6a21\u7279\u4fe1\u606f-\u82f1\u6587\u7248-22-1120x1536.jpg\" class=\"attachment-1536x1536 size-1536x1536 wp-image-39796\" alt=\"\" loading=\"lazy\" srcset=\"https:\/\/aiaomei.com\/wp-content\/uploads\/2026\/04\/02\u6a21\u7279\u4fe1\u606f-\u82f1\u6587\u7248-22-1120x1536.jpg 1120w, https:\/\/aiaomei.com\/wp-content\/uploads\/2026\/04\/02\u6a21\u7279\u4fe1\u606f-\u82f1\u6587\u7248-22-430x590.jpg 430w, https:\/\/aiaomei.com\/wp-content\/uploads\/2026\/04\/02\u6a21\u7279\u4fe1\u606f-\u82f1\u6587\u7248-22-150x206.jpg 150w, https:\/\/aiaomei.com\/wp-content\/uploads\/2026\/04\/02\u6a21\u7279\u4fe1\u606f-\u82f1\u6587\u7248-22-700x960.jpg 700w, https:\/\/aiaomei.com\/wp-content\/uploads\/2026\/04\/02\u6a21\u7279\u4fe1\u606f-\u82f1\u6587\u7248-22-219x300.jpg 219w, https:\/\/aiaomei.com\/wp-content\/uploads\/2026\/04\/02\u6a21\u7279\u4fe1\u606f-\u82f1\u6587\u7248-22-583x800.jpg 583w, https:\/\/aiaomei.com\/wp-content\/uploads\/2026\/04\/02\u6a21\u7279\u4fe1\u606f-\u82f1\u6587\u7248-22-768x1054.jpg 768w, https:\/\/aiaomei.com\/wp-content\/uploads\/2026\/04\/02\u6a21\u7279\u4fe1\u606f-\u82f1\u6587\u7248-22-1493x2048.jpg 1493w, https:\/\/aiaomei.com\/wp-content\/uploads\/2026\/04\/02\u6a21\u7279\u4fe1\u606f-\u82f1\u6587\u7248-22.jpg 1500w\" sizes=\"auto, (max-width: 1120px) 100vw, 1120px\" \/>\t\t\t\t\t\t\t\t\t\t\t\t\t\t\t<\/div>\n\t\t\t\t\t<\/div>\n\t\t\t\t<\/div>\n\t\t<div class=\"wd-negative-gap elementor-element elementor-element-473def61 e-flex e-con-boxed e-con e-parent\" data-id=\"473def61\" data-element_type=\"container\" data-e-type=\"container\">\n\t\t\t\t\t<div class=\"e-con-inner\">\n\t\t\t\t<div class=\"elementor-element elementor-element-2ffd4a77 elementor-widget elementor-widget-image\" data-id=\"2ffd4a77\" data-element_type=\"widget\" data-e-type=\"widget\" data-widget_type=\"image.default\">\n\t\t\t\t\t\t\t\t\t\t\t\t\t\t\t<img decoding=\"async\" width=\"1522\" height=\"1536\" src=\"https:\/\/aiaomei.com\/wp-content\/uploads\/2026\/04\/particulars_07-16-1522x1536.png\" class=\"attachment-1536x1536 size-1536x1536 wp-image-47522\" alt=\"\" loading=\"lazy\" srcset=\"https:\/\/aiaomei.com\/wp-content\/uploads\/2026\/04\/particulars_07-16-1522x1536.png 1522w, https:\/\/aiaomei.com\/wp-content\/uploads\/2026\/04\/particulars_07-16-297x300.png 297w, https:\/\/aiaomei.com\/wp-content\/uploads\/2026\/04\/particulars_07-16-793x800.png 793w, https:\/\/aiaomei.com\/wp-content\/uploads\/2026\/04\/particulars_07-16-150x151.png 150w, https:\/\/aiaomei.com\/wp-content\/uploads\/2026\/04\/particulars_07-16-768x775.png 768w, https:\/\/aiaomei.com\/wp-content\/uploads\/2026\/04\/particulars_07-16-430x434.png 430w, https:\/\/aiaomei.com\/wp-content\/uploads\/2026\/04\/particulars_07-16-700x706.png 700w, https:\/\/aiaomei.com\/wp-content\/uploads\/2026\/04\/particulars_07-16.png 1903w\" sizes=\"auto, (max-width: 1522px) 100vw, 1522px\" \/>\t\t\t\t\t\t\t\t\t\t\t\t\t\t\t<\/div>\n\t\t\t\t<div class=\"elementor-element elementor-element-25c4d484 elementor-widget elementor-widget-image\" data-id=\"25c4d484\" data-element_type=\"widget\" data-e-type=\"widget\" data-widget_type=\"image.default\">\n\t\t\t\t\t\t\t\t\t\t\t\t\t\t\t<img decoding=\"async\" width=\"1522\" height=\"1536\" src=\"https:\/\/aiaomei.com\/wp-content\/uploads\/2026\/04\/particulars_08-10-1522x1536.png\" class=\"attachment-1536x1536 size-1536x1536 wp-image-47523\" alt=\"\" loading=\"lazy\" srcset=\"https:\/\/aiaomei.com\/wp-content\/uploads\/2026\/04\/particulars_08-10-1522x1536.png 1522w, https:\/\/aiaomei.com\/wp-content\/uploads\/2026\/04\/particulars_08-10-297x300.png 297w, https:\/\/aiaomei.com\/wp-content\/uploads\/2026\/04\/particulars_08-10-793x800.png 793w, https:\/\/aiaomei.com\/wp-content\/uploads\/2026\/04\/particulars_08-10-150x151.png 150w, https:\/\/aiaomei.com\/wp-content\/uploads\/2026\/04\/particulars_08-10-768x775.png 768w, https:\/\/aiaomei.com\/wp-content\/uploads\/2026\/04\/particulars_08-10-430x434.png 430w, https:\/\/aiaomei.com\/wp-content\/uploads\/2026\/04\/particulars_08-10-700x706.png 700w, https:\/\/aiaomei.com\/wp-content\/uploads\/2026\/04\/particulars_08-10.png 1903w\" sizes=\"auto, (max-width: 1522px) 100vw, 1522px\" \/>\t\t\t\t\t\t\t\t\t\t\t\t\t\t\t<\/div>\n\t\t\t\t<div class=\"elementor-element elementor-element-f754c80 elementor-widget elementor-widget-image\" data-id=\"f754c80\" data-element_type=\"widget\" data-e-type=\"widget\" data-widget_type=\"image.default\">\n\t\t\t\t\t\t\t\t\t\t\t\t\t\t\t<img decoding=\"async\" width=\"1522\" height=\"1536\" src=\"https:\/\/aiaomei.com\/wp-content\/uploads\/2026\/04\/particulars_09-7-1522x1536.png\" class=\"attachment-1536x1536 size-1536x1536 wp-image-47524\" alt=\"\" loading=\"lazy\" srcset=\"https:\/\/aiaomei.com\/wp-content\/uploads\/2026\/04\/particulars_09-7-1522x1536.png 1522w, https:\/\/aiaomei.com\/wp-content\/uploads\/2026\/04\/particulars_09-7-297x300.png 297w, https:\/\/aiaomei.com\/wp-content\/uploads\/2026\/04\/particulars_09-7-793x800.png 793w, https:\/\/aiaomei.com\/wp-content\/uploads\/2026\/04\/particulars_09-7-150x151.png 150w, https:\/\/aiaomei.com\/wp-content\/uploads\/2026\/04\/particulars_09-7-768x775.png 768w, https:\/\/aiaomei.com\/wp-content\/uploads\/2026\/04\/particulars_09-7-430x434.png 430w, https:\/\/aiaomei.com\/wp-content\/uploads\/2026\/04\/particulars_09-7-700x706.png 700w, https:\/\/aiaomei.com\/wp-content\/uploads\/2026\/04\/particulars_09-7.png 1903w\" sizes=\"auto, (max-width: 1522px) 100vw, 1522px\" \/>\t\t\t\t\t\t\t\t\t\t\t\t\t\t\t<\/div>\n\t\t\t\t<div class=\"elementor-element elementor-element-6ce18131 elementor-widget elementor-widget-image\" data-id=\"6ce18131\" data-element_type=\"widget\" data-e-type=\"widget\" data-widget_type=\"image.default\">\n\t\t\t\t\t\t\t\t\t\t\t\t\t\t\t<img decoding=\"async\" width=\"1536\" height=\"1269\" src=\"https:\/\/aiaomei.com\/wp-content\/uploads\/2026\/04\/2223882-1536x1269.jpg\" class=\"attachment-1536x1536 size-1536x1536 wp-image-47519\" alt=\"\" loading=\"lazy\" srcset=\"https:\/\/aiaomei.com\/wp-content\/uploads\/2026\/04\/2223882-1536x1269.jpg 1536w, https:\/\/aiaomei.com\/wp-content\/uploads\/2026\/04\/2223882-363x300.jpg 363w, https:\/\/aiaomei.com\/wp-content\/uploads\/2026\/04\/2223882-968x800.jpg 968w, https:\/\/aiaomei.com\/wp-content\/uploads\/2026\/04\/2223882-768x634.jpg 768w, https:\/\/aiaomei.com\/wp-content\/uploads\/2026\/04\/2223882-430x355.jpg 430w, https:\/\/aiaomei.com\/wp-content\/uploads\/2026\/04\/2223882-700x578.jpg 700w, https:\/\/aiaomei.com\/wp-content\/uploads\/2026\/04\/2223882-150x124.jpg 150w, https:\/\/aiaomei.com\/wp-content\/uploads\/2026\/04\/2223882.jpg 1920w\" sizes=\"auto, (max-width: 1536px) 100vw, 1536px\" \/>\t\t\t\t\t\t\t\t\t\t\t\t\t\t\t<\/div>\n\t\t\t\t<div class=\"elementor-element elementor-element-2fb18837 elementor-widget elementor-widget-image\" data-id=\"2fb18837\" data-element_type=\"widget\" data-e-type=\"widget\" data-widget_type=\"image.default\">\n\t\t\t\t\t\t\t\t\t\t\t\t\t\t\t<img decoding=\"async\" width=\"1536\" height=\"875\" src=\"https:\/\/aiaomei.com\/wp-content\/uploads\/2026\/04\/2223878-1536x875.jpg\" class=\"attachment-1536x1536 size-1536x1536 wp-image-47516\" alt=\"\" loading=\"lazy\" srcset=\"https:\/\/aiaomei.com\/wp-content\/uploads\/2026\/04\/2223878-1536x875.jpg 1536w, https:\/\/aiaomei.com\/wp-content\/uploads\/2026\/04\/2223878-400x228.jpg 400w, https:\/\/aiaomei.com\/wp-content\/uploads\/2026\/04\/2223878-1300x741.jpg 1300w, https:\/\/aiaomei.com\/wp-content\/uploads\/2026\/04\/2223878-768x438.jpg 768w, https:\/\/aiaomei.com\/wp-content\/uploads\/2026\/04\/2223878-430x245.jpg 430w, https:\/\/aiaomei.com\/wp-content\/uploads\/2026\/04\/2223878-700x399.jpg 700w, https:\/\/aiaomei.com\/wp-content\/uploads\/2026\/04\/2223878-150x85.jpg 150w, https:\/\/aiaomei.com\/wp-content\/uploads\/2026\/04\/2223878.jpg 1920w\" sizes=\"auto, (max-width: 1536px) 100vw, 1536px\" \/>\t\t\t\t\t\t\t\t\t\t\t\t\t\t\t<\/div>\n\t\t\t\t\t<\/div>\n\t\t\t\t<\/div>\n\t\t\t\t<\/div>\n\t\t","protected":false},"excerpt":{"rendered":"","protected":false},"featured_media":45848,"comment_status":"open","ping_status":"closed","template":"","meta":[],"product_brand":[],"product_cat":[923,2135],"product_tag":[],"class_list":{"0":"post-39758","1":"product","2":"type-product","3":"status-publish","4":"has-post-thumbnail","6":"product_cat-calcas","7":"product_cat-todos","9":"first","10":"instock","11":"shipping-taxable","12":"purchasable","13":"product-type-variable"},"_links":{"self":[{"href":"https:\/\/aiaomei.com\/pt-pt\/wp-json\/wp\/v2\/product\/39758","targetHints":{"allow":["GET"]}}],"collection":[{"href":"https:\/\/aiaomei.com\/pt-pt\/wp-json\/wp\/v2\/product"}],"about":[{"href":"https:\/\/aiaomei.com\/pt-pt\/wp-json\/wp\/v2\/types\/product"}],"replies":[{"embeddable":true,"href":"https:\/\/aiaomei.com\/pt-pt\/wp-json\/wp\/v2\/comments?post=39758"}],"version-history":[{"count":2,"href":"https:\/\/aiaomei.com\/pt-pt\/wp-json\/wp\/v2\/product\/39758\/revisions"}],"predecessor-version":[{"id":47526,"href":"https:\/\/aiaomei.com\/pt-pt\/wp-json\/wp\/v2\/product\/39758\/revisions\/47526"}],"wp:featuredmedia":[{"embeddable":true,"href":"https:\/\/aiaomei.com\/pt-pt\/wp-json\/wp\/v2\/media\/45848"}],"wp:attachment":[{"href":"https:\/\/aiaomei.com\/pt-pt\/wp-json\/wp\/v2\/media?parent=39758"}],"wp:term":[{"taxonomy":"product_brand","embeddable":true,"href":"https:\/\/aiaomei.com\/pt-pt\/wp-json\/wp\/v2\/product_brand?post=39758"},{"taxonomy":"product_cat","embeddable":true,"href":"https:\/\/aiaomei.com\/pt-pt\/wp-json\/wp\/v2\/product_cat?post=39758"},{"taxonomy":"product_tag","embeddable":true,"href":"https:\/\/aiaomei.com\/pt-pt\/wp-json\/wp\/v2\/product_tag?post=39758"}],"curies":[{"name":"wp","href":"https:\/\/api.w.org\/{rel}","templated":true}]}}