{"id":38317,"date":"2026-04-21T06:09:34","date_gmt":"2026-04-21T06:09:34","guid":{"rendered":"https:\/\/aiaomei.com\/product\/calcas-de-fitness-europeias-e-americanas-de-corrida-nuas-de-secagem-rapida-calcas-desportivas-justas-respiraveis-para-o-exterior-calcas-de-desporto-de-cintura-alta-para-a-anca-calcas-de-ioga-para-mulh\/"},"modified":"2026-04-30T03:49:29","modified_gmt":"2026-04-30T03:49:29","slug":"calcas-de-fitness-europeias-e-americanas-de-corrida-nuas-de-secagem-rapida-calcas-desportivas-justas-respiraveis-para-o-exterior-calcas-de-desporto-de-cintura-alta-para-a-anca-calcas-de-ioga-para-mulh","status":"publish","type":"product","link":"https:\/\/aiaomei.com\/pt-pt\/produto\/calcas-de-fitness-europeias-e-americanas-de-corrida-nuas-de-secagem-rapida-calcas-desportivas-justas-respiraveis-para-o-exterior-calcas-de-desporto-de-cintura-alta-para-a-anca-calcas-de-ioga-para-mulh\/","title":{"rendered":"Cal\u00e7as de fitness europeias e americanas de corrida nuas de secagem r\u00e1pida Cal\u00e7as desportivas justas respir\u00e1veis para o exterior Cal\u00e7as de desporto de cintura alta para a anca Cal\u00e7as de ioga para mulher"},"content":{"rendered":"\t\t<div data-elementor-type=\"product-post\" data-elementor-id=\"38317\" class=\"elementor elementor-38317 elementor-29974\" data-elementor-post-type=\"product\">\n\t\t\t\t<div class=\"wd-negative-gap elementor-element elementor-element-31ee6dbe e-flex e-con-boxed e-con e-parent\" data-id=\"31ee6dbe\" data-element_type=\"container\" data-e-type=\"container\">\n\t\t\t\t\t<div class=\"e-con-inner\">\n\t\t\t\t<div class=\"elementor-element elementor-element-5991e497 elementor-widget elementor-widget-image\" data-id=\"5991e497\" data-element_type=\"widget\" data-e-type=\"widget\" data-widget_type=\"image.default\">\n\t\t\t\t\t\t\t\t\t\t\t\t\t\t\t<img decoding=\"async\" src=\"https:\/\/aiaomei.com\/wp-content\/uploads\/elementor\/thumbs\/BCK8047\u591a\u9009\u914d\u8272-\u82f1\u6587\u7248-scaled-rmgmdb0k3c4azywiuhxfsmo8pcksbquztqj9s5296o.jpg\" title=\"BCK8047\u591a\u9009\u914d\u8272-\u82f1\u6587\u7248\" alt=\"BCK8047\u591a\u9009\u914d\u8272-\u82f1\u6587\u7248\" loading=\"lazy\" \/>\t\t\t\t\t\t\t\t\t\t\t\t\t\t\t<\/div>\n\t\t\t\t<div class=\"elementor-element elementor-element-47d0e275 elementor-widget elementor-widget-image\" data-id=\"47d0e275\" data-element_type=\"widget\" data-e-type=\"widget\" data-widget_type=\"image.default\">\n\t\t\t\t\t\t\t\t\t\t\t\t\t\t\t<img decoding=\"async\" width=\"1120\" height=\"1536\" src=\"https:\/\/aiaomei.com\/wp-content\/uploads\/2026\/04\/BCK8047\u6a21\u7279-1120x1536.jpg\" class=\"attachment-1536x1536 size-1536x1536 wp-image-45467\" alt=\"\" loading=\"lazy\" srcset=\"https:\/\/aiaomei.com\/wp-content\/uploads\/2026\/04\/BCK8047\u6a21\u7279-1120x1536.jpg 1120w, https:\/\/aiaomei.com\/wp-content\/uploads\/2026\/04\/BCK8047\u6a21\u7279-219x300.jpg 219w, https:\/\/aiaomei.com\/wp-content\/uploads\/2026\/04\/BCK8047\u6a21\u7279-583x800.jpg 583w, https:\/\/aiaomei.com\/wp-content\/uploads\/2026\/04\/BCK8047\u6a21\u7279-768x1053.jpg 768w, https:\/\/aiaomei.com\/wp-content\/uploads\/2026\/04\/BCK8047\u6a21\u7279-430x590.jpg 430w, https:\/\/aiaomei.com\/wp-content\/uploads\/2026\/04\/BCK8047\u6a21\u7279-700x960.jpg 700w, https:\/\/aiaomei.com\/wp-content\/uploads\/2026\/04\/BCK8047\u6a21\u7279-150x206.jpg 150w, https:\/\/aiaomei.com\/wp-content\/uploads\/2026\/04\/BCK8047\u6a21\u7279.jpg 1200w\" sizes=\"auto, (max-width: 1120px) 100vw, 1120px\" \/>\t\t\t\t\t\t\t\t\t\t\t\t\t\t\t<\/div>\n\t\t\t\t\t<\/div>\n\t\t\t\t<\/div>\n\t\t<div class=\"wd-negative-gap elementor-element elementor-element-75b94a15 e-flex e-con-boxed e-con e-parent\" data-id=\"75b94a15\" data-element_type=\"container\" data-e-type=\"container\">\n\t\t\t\t\t<div class=\"e-con-inner\">\n\t\t\t\t<div class=\"elementor-element elementor-element-1aed8e2 elementor-widget elementor-widget-image\" data-id=\"1aed8e2\" data-element_type=\"widget\" data-e-type=\"widget\" data-widget_type=\"image.default\">\n\t\t\t\t\t\t\t\t\t\t\t\t\t\t\t<img decoding=\"async\" width=\"1200\" height=\"1210\" src=\"https:\/\/aiaomei.com\/wp-content\/uploads\/2026\/04\/particulars_007.png\" class=\"attachment-1536x1536 size-1536x1536 wp-image-46278\" alt=\"\" loading=\"lazy\" srcset=\"https:\/\/aiaomei.com\/wp-content\/uploads\/2026\/04\/particulars_007.png 1200w, https:\/\/aiaomei.com\/wp-content\/uploads\/2026\/04\/particulars_007-298x300.png 298w, https:\/\/aiaomei.com\/wp-content\/uploads\/2026\/04\/particulars_007-793x800.png 793w, https:\/\/aiaomei.com\/wp-content\/uploads\/2026\/04\/particulars_007-150x151.png 150w, https:\/\/aiaomei.com\/wp-content\/uploads\/2026\/04\/particulars_007-768x774.png 768w, https:\/\/aiaomei.com\/wp-content\/uploads\/2026\/04\/particulars_007-430x434.png 430w, https:\/\/aiaomei.com\/wp-content\/uploads\/2026\/04\/particulars_007-700x706.png 700w\" sizes=\"auto, (max-width: 1200px) 100vw, 1200px\" \/>\t\t\t\t\t\t\t\t\t\t\t\t\t\t\t<\/div>\n\t\t\t\t<div class=\"elementor-element elementor-element-234ed48b elementor-widget elementor-widget-image\" data-id=\"234ed48b\" data-element_type=\"widget\" data-e-type=\"widget\" data-widget_type=\"image.default\">\n\t\t\t\t\t\t\t\t\t\t\t\t\t\t\t<img decoding=\"async\" width=\"1200\" height=\"1210\" src=\"https:\/\/aiaomei.com\/wp-content\/uploads\/2026\/04\/particulars_008.png\" class=\"attachment-1536x1536 size-1536x1536 wp-image-46279\" alt=\"\" loading=\"lazy\" srcset=\"https:\/\/aiaomei.com\/wp-content\/uploads\/2026\/04\/particulars_008.png 1200w, https:\/\/aiaomei.com\/wp-content\/uploads\/2026\/04\/particulars_008-298x300.png 298w, https:\/\/aiaomei.com\/wp-content\/uploads\/2026\/04\/particulars_008-793x800.png 793w, https:\/\/aiaomei.com\/wp-content\/uploads\/2026\/04\/particulars_008-150x151.png 150w, https:\/\/aiaomei.com\/wp-content\/uploads\/2026\/04\/particulars_008-768x774.png 768w, https:\/\/aiaomei.com\/wp-content\/uploads\/2026\/04\/particulars_008-430x434.png 430w, https:\/\/aiaomei.com\/wp-content\/uploads\/2026\/04\/particulars_008-700x706.png 700w\" sizes=\"auto, (max-width: 1200px) 100vw, 1200px\" \/>\t\t\t\t\t\t\t\t\t\t\t\t\t\t\t<\/div>\n\t\t\t\t<div class=\"elementor-element elementor-element-2140868c elementor-widget elementor-widget-image\" data-id=\"2140868c\" data-element_type=\"widget\" data-e-type=\"widget\" data-widget_type=\"image.default\">\n\t\t\t\t\t\t\t\t\t\t\t\t\t\t\t<img decoding=\"async\" width=\"1200\" height=\"1210\" src=\"https:\/\/aiaomei.com\/wp-content\/uploads\/2026\/04\/particulars_009.png\" class=\"attachment-1536x1536 size-1536x1536 wp-image-46280\" alt=\"\" loading=\"lazy\" srcset=\"https:\/\/aiaomei.com\/wp-content\/uploads\/2026\/04\/particulars_009.png 1200w, https:\/\/aiaomei.com\/wp-content\/uploads\/2026\/04\/particulars_009-298x300.png 298w, https:\/\/aiaomei.com\/wp-content\/uploads\/2026\/04\/particulars_009-793x800.png 793w, https:\/\/aiaomei.com\/wp-content\/uploads\/2026\/04\/particulars_009-150x151.png 150w, https:\/\/aiaomei.com\/wp-content\/uploads\/2026\/04\/particulars_009-768x774.png 768w, https:\/\/aiaomei.com\/wp-content\/uploads\/2026\/04\/particulars_009-430x434.png 430w, https:\/\/aiaomei.com\/wp-content\/uploads\/2026\/04\/particulars_009-700x706.png 700w\" sizes=\"auto, (max-width: 1200px) 100vw, 1200px\" \/>\t\t\t\t\t\t\t\t\t\t\t\t\t\t\t<\/div>\n\t\t\t\t<div class=\"elementor-element elementor-element-5885cdc9 elementor-widget elementor-widget-image\" data-id=\"5885cdc9\" data-element_type=\"widget\" data-e-type=\"widget\" data-widget_type=\"image.default\">\n\t\t\t\t\t\t\t\t\t\t\t\t\t\t\t<img decoding=\"async\" width=\"1200\" height=\"992\" src=\"https:\/\/aiaomei.com\/wp-content\/uploads\/2026\/04\/2221399.jpg\" class=\"attachment-1536x1536 size-1536x1536 wp-image-46263\" alt=\"\" loading=\"lazy\" srcset=\"https:\/\/aiaomei.com\/wp-content\/uploads\/2026\/04\/2221399.jpg 1200w, https:\/\/aiaomei.com\/wp-content\/uploads\/2026\/04\/2221399-363x300.jpg 363w, https:\/\/aiaomei.com\/wp-content\/uploads\/2026\/04\/2221399-968x800.jpg 968w, https:\/\/aiaomei.com\/wp-content\/uploads\/2026\/04\/2221399-768x635.jpg 768w, https:\/\/aiaomei.com\/wp-content\/uploads\/2026\/04\/2221399-430x355.jpg 430w, https:\/\/aiaomei.com\/wp-content\/uploads\/2026\/04\/2221399-700x579.jpg 700w, https:\/\/aiaomei.com\/wp-content\/uploads\/2026\/04\/2221399-150x124.jpg 150w\" sizes=\"auto, (max-width: 1200px) 100vw, 1200px\" \/>\t\t\t\t\t\t\t\t\t\t\t\t\t\t\t<\/div>\n\t\t\t\t<div class=\"elementor-element elementor-element-5751649a elementor-widget elementor-widget-image\" data-id=\"5751649a\" data-element_type=\"widget\" data-e-type=\"widget\" data-widget_type=\"image.default\">\n\t\t\t\t\t\t\t\t\t\t\t\t\t\t\t<img decoding=\"async\" width=\"1200\" height=\"684\" src=\"https:\/\/aiaomei.com\/wp-content\/uploads\/2026\/04\/2221398.jpg\" class=\"attachment-1536x1536 size-1536x1536 wp-image-46262\" alt=\"\" loading=\"lazy\" srcset=\"https:\/\/aiaomei.com\/wp-content\/uploads\/2026\/04\/2221398.jpg 1200w, https:\/\/aiaomei.com\/wp-content\/uploads\/2026\/04\/2221398-400x228.jpg 400w, https:\/\/aiaomei.com\/wp-content\/uploads\/2026\/04\/2221398-768x438.jpg 768w, https:\/\/aiaomei.com\/wp-content\/uploads\/2026\/04\/2221398-430x245.jpg 430w, https:\/\/aiaomei.com\/wp-content\/uploads\/2026\/04\/2221398-700x399.jpg 700w, https:\/\/aiaomei.com\/wp-content\/uploads\/2026\/04\/2221398-150x86.jpg 150w\" sizes=\"auto, (max-width: 1200px) 100vw, 1200px\" \/>\t\t\t\t\t\t\t\t\t\t\t\t\t\t\t<\/div>\n\t\t<div class=\"elementor-element elementor-element-58a9a070 e-con-full e-flex e-con e-child\" data-id=\"58a9a070\" data-element_type=\"container\" data-e-type=\"container\">\n\t\t\t\t<div class=\"elementor-element elementor-element-543d8b99 elementor-widget elementor-widget-image\" data-id=\"543d8b99\" data-element_type=\"widget\" data-e-type=\"widget\" data-widget_type=\"image.default\">\n\t\t\t\t\t\t\t\t\t\t\t\t\t\t\t<img decoding=\"async\" width=\"1200\" height=\"160\" src=\"https:\/\/aiaomei.com\/wp-content\/uploads\/2026\/04\/\u901a\u7528\u7ec6\u8282\u5c55\u793a.jpg\" class=\"attachment-1536x1536 size-1536x1536 wp-image-46419\" alt=\"\" loading=\"lazy\" srcset=\"https:\/\/aiaomei.com\/wp-content\/uploads\/2026\/04\/\u901a\u7528\u7ec6\u8282\u5c55\u793a.jpg 1200w, https:\/\/aiaomei.com\/wp-content\/uploads\/2026\/04\/\u901a\u7528\u7ec6\u8282\u5c55\u793a-400x53.jpg 400w, https:\/\/aiaomei.com\/wp-content\/uploads\/2026\/04\/\u901a\u7528\u7ec6\u8282\u5c55\u793a-768x102.jpg 768w, https:\/\/aiaomei.com\/wp-content\/uploads\/2026\/04\/\u901a\u7528\u7ec6\u8282\u5c55\u793a-430x57.jpg 430w, https:\/\/aiaomei.com\/wp-content\/uploads\/2026\/04\/\u901a\u7528\u7ec6\u8282\u5c55\u793a-700x93.jpg 700w, https:\/\/aiaomei.com\/wp-content\/uploads\/2026\/04\/\u901a\u7528\u7ec6\u8282\u5c55\u793a-150x20.jpg 150w\" sizes=\"auto, (max-width: 1200px) 100vw, 1200px\" \/>\t\t\t\t\t\t\t\t\t\t\t\t\t\t\t<\/div>\n\t\t\t\t<div class=\"elementor-element elementor-element-29d9708c wd-width-100 elementor-widget elementor-widget-wd_images_gallery\" data-id=\"29d9708c\" data-element_type=\"widget\" data-e-type=\"widget\" data-widget_type=\"wd_images_gallery.default\">\n\t\t\t\t<div class=\"elementor-widget-container\">\n\t\t\t\t\t\t\t<div class=\"wd-images-gallery photoswipe-images\" style=\"--wd-align-items:center; --wd-justify-content:center;\">\n\t\t\t\t\t\t<div class=\"wd-grid-g\" style=\"--wd-col-lg:2;--wd-col-md:2;--wd-col-sm:2;--wd-gap-lg:6px;\" >\n\t\t\t\t\t\t\t\t\t\t\t\t\t\t\t\t\t\t<div class=\"wd-gallery-item wd-col\">\n\t\t\t\t\t\t\t\t\t\t\t\t\t<a  href=\"https:\/\/aiaomei.com\/wp-content\/uploads\/2026\/04\/particulars_124.jpeg\" data-width=\"1200\" data-height=\"1200\" data-index=\"1\" data-elementor-open-lightbox=\"no\">\n\t\t\t\t\t\t\n\t\t\t\t\t\t<img loading=\"lazy\" decoding=\"async\" width=\"1200\" height=\"1200\" src=\"https:\/\/aiaomei.com\/wp-content\/uploads\/2026\/04\/particulars_124.jpeg\" class=\"attachment-full size-full\" alt=\"\u8be6\u60c5_124\" srcset=\"https:\/\/aiaomei.com\/wp-content\/uploads\/2026\/04\/particulars_124.jpeg 1200w, https:\/\/aiaomei.com\/wp-content\/uploads\/2026\/04\/particulars_124-300x300.jpeg 300w, https:\/\/aiaomei.com\/wp-content\/uploads\/2026\/04\/particulars_124-800x800.jpeg 800w, https:\/\/aiaomei.com\/wp-content\/uploads\/2026\/04\/particulars_124-150x150.jpeg 150w, https:\/\/aiaomei.com\/wp-content\/uploads\/2026\/04\/particulars_124-768x768.jpeg 768w, https:\/\/aiaomei.com\/wp-content\/uploads\/2026\/04\/particulars_124-430x430.jpeg 430w, https:\/\/aiaomei.com\/wp-content\/uploads\/2026\/04\/particulars_124-700x700.jpeg 700w\" sizes=\"auto, (max-width: 1200px) 100vw, 1200px\" \/>\n\t\t\t\t\t\t\t\t\t\t\t\t\t<\/a>\n\t\t\t\t\t\t\t\t\t\t\t<\/div>\n\t\t\t\t\t\t\t\t\t\t\t\t\t\t\t<div class=\"wd-gallery-item wd-col\">\n\t\t\t\t\t\t\t\t\t\t\t\t\t<a  href=\"https:\/\/aiaomei.com\/wp-content\/uploads\/2026\/04\/particulars_129.jpeg\" data-width=\"1200\" data-height=\"1200\" data-index=\"2\" data-elementor-open-lightbox=\"no\">\n\t\t\t\t\t\t\n\t\t\t\t\t\t<img loading=\"lazy\" decoding=\"async\" width=\"1200\" height=\"1200\" src=\"https:\/\/aiaomei.com\/wp-content\/uploads\/2026\/04\/particulars_129.jpeg\" class=\"attachment-full size-full\" alt=\"\u8be6\u60c5_129\" srcset=\"https:\/\/aiaomei.com\/wp-content\/uploads\/2026\/04\/particulars_129.jpeg 1200w, https:\/\/aiaomei.com\/wp-content\/uploads\/2026\/04\/particulars_129-300x300.jpeg 300w, https:\/\/aiaomei.com\/wp-content\/uploads\/2026\/04\/particulars_129-800x800.jpeg 800w, https:\/\/aiaomei.com\/wp-content\/uploads\/2026\/04\/particulars_129-150x150.jpeg 150w, https:\/\/aiaomei.com\/wp-content\/uploads\/2026\/04\/particulars_129-768x768.jpeg 768w, https:\/\/aiaomei.com\/wp-content\/uploads\/2026\/04\/particulars_129-430x430.jpeg 430w, https:\/\/aiaomei.com\/wp-content\/uploads\/2026\/04\/particulars_129-700x700.jpeg 700w\" sizes=\"auto, (max-width: 1200px) 100vw, 1200px\" \/>\n\t\t\t\t\t\t\t\t\t\t\t\t\t<\/a>\n\t\t\t\t\t\t\t\t\t\t\t<\/div>\n\t\t\t\t\t\t\t\t\t\t\t\t\t\t\t<div class=\"wd-gallery-item wd-col\">\n\t\t\t\t\t\t\t\t\t\t\t\t\t<a  href=\"https:\/\/aiaomei.com\/wp-content\/uploads\/2026\/04\/particulars_128.jpeg\" data-width=\"1200\" data-height=\"1200\" data-index=\"3\" data-elementor-open-lightbox=\"no\">\n\t\t\t\t\t\t\n\t\t\t\t\t\t<img loading=\"lazy\" decoding=\"async\" width=\"1200\" height=\"1200\" src=\"https:\/\/aiaomei.com\/wp-content\/uploads\/2026\/04\/particulars_128.jpeg\" class=\"attachment-full size-full\" alt=\"\u8be6\u60c5_128\" srcset=\"https:\/\/aiaomei.com\/wp-content\/uploads\/2026\/04\/particulars_128.jpeg 1200w, https:\/\/aiaomei.com\/wp-content\/uploads\/2026\/04\/particulars_128-300x300.jpeg 300w, https:\/\/aiaomei.com\/wp-content\/uploads\/2026\/04\/particulars_128-800x800.jpeg 800w, https:\/\/aiaomei.com\/wp-content\/uploads\/2026\/04\/particulars_128-150x150.jpeg 150w, https:\/\/aiaomei.com\/wp-content\/uploads\/2026\/04\/particulars_128-768x768.jpeg 768w, https:\/\/aiaomei.com\/wp-content\/uploads\/2026\/04\/particulars_128-430x430.jpeg 430w, https:\/\/aiaomei.com\/wp-content\/uploads\/2026\/04\/particulars_128-700x700.jpeg 700w\" sizes=\"auto, (max-width: 1200px) 100vw, 1200px\" \/>\n\t\t\t\t\t\t\t\t\t\t\t\t\t<\/a>\n\t\t\t\t\t\t\t\t\t\t\t<\/div>\n\t\t\t\t\t\t\t\t\t\t\t\t\t\t\t<div class=\"wd-gallery-item wd-col\">\n\t\t\t\t\t\t\t\t\t\t\t\t\t<a  href=\"https:\/\/aiaomei.com\/wp-content\/uploads\/2026\/04\/particulars_127.jpeg\" data-width=\"1200\" data-height=\"1200\" data-index=\"4\" data-elementor-open-lightbox=\"no\">\n\t\t\t\t\t\t\n\t\t\t\t\t\t<img loading=\"lazy\" decoding=\"async\" width=\"1200\" height=\"1200\" src=\"https:\/\/aiaomei.com\/wp-content\/uploads\/2026\/04\/particulars_127.jpeg\" class=\"attachment-full size-full\" alt=\"\u8be6\u60c5_127\" srcset=\"https:\/\/aiaomei.com\/wp-content\/uploads\/2026\/04\/particulars_127.jpeg 1200w, https:\/\/aiaomei.com\/wp-content\/uploads\/2026\/04\/particulars_127-300x300.jpeg 300w, https:\/\/aiaomei.com\/wp-content\/uploads\/2026\/04\/particulars_127-800x800.jpeg 800w, https:\/\/aiaomei.com\/wp-content\/uploads\/2026\/04\/particulars_127-150x150.jpeg 150w, https:\/\/aiaomei.com\/wp-content\/uploads\/2026\/04\/particulars_127-768x768.jpeg 768w, https:\/\/aiaomei.com\/wp-content\/uploads\/2026\/04\/particulars_127-430x430.jpeg 430w, https:\/\/aiaomei.com\/wp-content\/uploads\/2026\/04\/particulars_127-700x700.jpeg 700w\" sizes=\"auto, (max-width: 1200px) 100vw, 1200px\" \/>\n\t\t\t\t\t\t\t\t\t\t\t\t\t<\/a>\n\t\t\t\t\t\t\t\t\t\t\t<\/div>\n\t\t\t\t\t\t\t\t\t\t\t\t\t\t\t<div class=\"wd-gallery-item wd-col\">\n\t\t\t\t\t\t\t\t\t\t\t\t\t<a  href=\"https:\/\/aiaomei.com\/wp-content\/uploads\/2026\/04\/particulars_126.jpeg\" data-width=\"1200\" data-height=\"1200\" data-index=\"5\" data-elementor-open-lightbox=\"no\">\n\t\t\t\t\t\t\n\t\t\t\t\t\t<img loading=\"lazy\" decoding=\"async\" width=\"1200\" height=\"1200\" src=\"https:\/\/aiaomei.com\/wp-content\/uploads\/2026\/04\/particulars_126.jpeg\" class=\"attachment-full size-full\" alt=\"\u8be6\u60c5_126\" srcset=\"https:\/\/aiaomei.com\/wp-content\/uploads\/2026\/04\/particulars_126.jpeg 1200w, https:\/\/aiaomei.com\/wp-content\/uploads\/2026\/04\/particulars_126-300x300.jpeg 300w, https:\/\/aiaomei.com\/wp-content\/uploads\/2026\/04\/particulars_126-800x800.jpeg 800w, https:\/\/aiaomei.com\/wp-content\/uploads\/2026\/04\/particulars_126-150x150.jpeg 150w, https:\/\/aiaomei.com\/wp-content\/uploads\/2026\/04\/particulars_126-768x768.jpeg 768w, https:\/\/aiaomei.com\/wp-content\/uploads\/2026\/04\/particulars_126-430x430.jpeg 430w, https:\/\/aiaomei.com\/wp-content\/uploads\/2026\/04\/particulars_126-700x700.jpeg 700w\" sizes=\"auto, (max-width: 1200px) 100vw, 1200px\" \/>\n\t\t\t\t\t\t\t\t\t\t\t\t\t<\/a>\n\t\t\t\t\t\t\t\t\t\t\t<\/div>\n\t\t\t\t\t\t\t\t\t\t\t\t\t\t\t<div class=\"wd-gallery-item wd-col\">\n\t\t\t\t\t\t\t\t\t\t\t\t\t<a  href=\"https:\/\/aiaomei.com\/wp-content\/uploads\/2026\/04\/particulars_132.jpeg\" data-width=\"1200\" data-height=\"839\" data-index=\"6\" data-elementor-open-lightbox=\"no\">\n\t\t\t\t\t\t\n\t\t\t\t\t\t<img loading=\"lazy\" decoding=\"async\" width=\"1200\" height=\"839\" src=\"https:\/\/aiaomei.com\/wp-content\/uploads\/2026\/04\/particulars_132.jpeg\" class=\"attachment-full size-full\" alt=\"\u8be6\u60c5_132\" srcset=\"https:\/\/aiaomei.com\/wp-content\/uploads\/2026\/04\/particulars_132.jpeg 1200w, https:\/\/aiaomei.com\/wp-content\/uploads\/2026\/04\/particulars_132-400x280.jpeg 400w, https:\/\/aiaomei.com\/wp-content\/uploads\/2026\/04\/particulars_132-1144x800.jpeg 1144w, https:\/\/aiaomei.com\/wp-content\/uploads\/2026\/04\/particulars_132-768x537.jpeg 768w, https:\/\/aiaomei.com\/wp-content\/uploads\/2026\/04\/particulars_132-430x301.jpeg 430w, https:\/\/aiaomei.com\/wp-content\/uploads\/2026\/04\/particulars_132-700x489.jpeg 700w, https:\/\/aiaomei.com\/wp-content\/uploads\/2026\/04\/particulars_132-150x105.jpeg 150w\" sizes=\"auto, (max-width: 1200px) 100vw, 1200px\" \/>\n\t\t\t\t\t\t\t\t\t\t\t\t\t<\/a>\n\t\t\t\t\t\t\t\t\t\t\t<\/div>\n\t\t\t\t\t\t\t\t\t\t\t\t\t\t\t<div class=\"wd-gallery-item wd-col\">\n\t\t\t\t\t\t\t\t\t\t\t\t\t<a  href=\"https:\/\/aiaomei.com\/wp-content\/uploads\/2026\/04\/particulars_131.jpeg\" data-width=\"1200\" data-height=\"800\" data-index=\"7\" data-elementor-open-lightbox=\"no\">\n\t\t\t\t\t\t\n\t\t\t\t\t\t<img loading=\"lazy\" decoding=\"async\" width=\"1200\" height=\"800\" src=\"https:\/\/aiaomei.com\/wp-content\/uploads\/2026\/04\/particulars_131.jpeg\" class=\"attachment-full size-full\" alt=\"\u8be6\u60c5_131\" srcset=\"https:\/\/aiaomei.com\/wp-content\/uploads\/2026\/04\/particulars_131.jpeg 1200w, https:\/\/aiaomei.com\/wp-content\/uploads\/2026\/04\/particulars_131-400x267.jpeg 400w, https:\/\/aiaomei.com\/wp-content\/uploads\/2026\/04\/particulars_131-768x512.jpeg 768w, https:\/\/aiaomei.com\/wp-content\/uploads\/2026\/04\/particulars_131-430x287.jpeg 430w, https:\/\/aiaomei.com\/wp-content\/uploads\/2026\/04\/particulars_131-700x467.jpeg 700w, https:\/\/aiaomei.com\/wp-content\/uploads\/2026\/04\/particulars_131-150x100.jpeg 150w\" sizes=\"auto, (max-width: 1200px) 100vw, 1200px\" \/>\n\t\t\t\t\t\t\t\t\t\t\t\t\t<\/a>\n\t\t\t\t\t\t\t\t\t\t\t<\/div>\n\t\t\t\t\t\t\t\t\t\t\t\t\t\t\t<div class=\"wd-gallery-item wd-col\">\n\t\t\t\t\t\t\t\t\t\t\t\t\t<a  href=\"https:\/\/aiaomei.com\/wp-content\/uploads\/2026\/04\/particulars_130.jpeg\" data-width=\"1200\" data-height=\"800\" data-index=\"8\" data-elementor-open-lightbox=\"no\">\n\t\t\t\t\t\t\n\t\t\t\t\t\t<img loading=\"lazy\" decoding=\"async\" width=\"1200\" height=\"800\" src=\"https:\/\/aiaomei.com\/wp-content\/uploads\/2026\/04\/particulars_130.jpeg\" class=\"attachment-full size-full\" alt=\"\u8be6\u60c5_130\" srcset=\"https:\/\/aiaomei.com\/wp-content\/uploads\/2026\/04\/particulars_130.jpeg 1200w, https:\/\/aiaomei.com\/wp-content\/uploads\/2026\/04\/particulars_130-400x267.jpeg 400w, https:\/\/aiaomei.com\/wp-content\/uploads\/2026\/04\/particulars_130-768x512.jpeg 768w, https:\/\/aiaomei.com\/wp-content\/uploads\/2026\/04\/particulars_130-430x287.jpeg 430w, https:\/\/aiaomei.com\/wp-content\/uploads\/2026\/04\/particulars_130-700x467.jpeg 700w, https:\/\/aiaomei.com\/wp-content\/uploads\/2026\/04\/particulars_130-150x100.jpeg 150w\" sizes=\"auto, (max-width: 1200px) 100vw, 1200px\" \/>\n\t\t\t\t\t\t\t\t\t\t\t\t\t<\/a>\n\t\t\t\t\t\t\t\t\t\t\t<\/div>\n\t\t\t\t\t\t\t\t\t\t\t\t\t<\/div>\n\t\t\t\t\t<\/div>\n\t\t\t\t\t\t<\/div>\n\t\t\t\t<\/div>\n\t\t\t\t<\/div>\n\t\t\t\t\t<\/div>\n\t\t\t\t<\/div>\n\t\t\t\t<\/div>\n\t\t","protected":false},"excerpt":{"rendered":"","protected":false},"featured_media":45804,"comment_status":"open","ping_status":"closed","template":"","meta":[],"product_brand":[],"product_cat":[923,2135],"product_tag":[],"class_list":{"0":"post-38317","1":"product","2":"type-product","3":"status-publish","4":"has-post-thumbnail","6":"product_cat-calcas","7":"product_cat-todos","9":"first","10":"instock","11":"shipping-taxable","12":"purchasable","13":"product-type-variable"},"_links":{"self":[{"href":"https:\/\/aiaomei.com\/pt-pt\/wp-json\/wp\/v2\/product\/38317","targetHints":{"allow":["GET"]}}],"collection":[{"href":"https:\/\/aiaomei.com\/pt-pt\/wp-json\/wp\/v2\/product"}],"about":[{"href":"https:\/\/aiaomei.com\/pt-pt\/wp-json\/wp\/v2\/types\/product"}],"replies":[{"embeddable":true,"href":"https:\/\/aiaomei.com\/pt-pt\/wp-json\/wp\/v2\/comments?post=38317"}],"version-history":[{"count":4,"href":"https:\/\/aiaomei.com\/pt-pt\/wp-json\/wp\/v2\/product\/38317\/revisions"}],"predecessor-version":[{"id":46558,"href":"https:\/\/aiaomei.com\/pt-pt\/wp-json\/wp\/v2\/product\/38317\/revisions\/46558"}],"wp:featuredmedia":[{"embeddable":true,"href":"https:\/\/aiaomei.com\/pt-pt\/wp-json\/wp\/v2\/media\/45804"}],"wp:attachment":[{"href":"https:\/\/aiaomei.com\/pt-pt\/wp-json\/wp\/v2\/media?parent=38317"}],"wp:term":[{"taxonomy":"product_brand","embeddable":true,"href":"https:\/\/aiaomei.com\/pt-pt\/wp-json\/wp\/v2\/product_brand?post=38317"},{"taxonomy":"product_cat","embeddable":true,"href":"https:\/\/aiaomei.com\/pt-pt\/wp-json\/wp\/v2\/product_cat?post=38317"},{"taxonomy":"product_tag","embeddable":true,"href":"https:\/\/aiaomei.com\/pt-pt\/wp-json\/wp\/v2\/product_tag?post=38317"}],"curies":[{"name":"wp","href":"https:\/\/api.w.org\/{rel}","templated":true}]}}