{"id":37114,"date":"2026-04-21T06:09:35","date_gmt":"2026-04-21T06:09:35","guid":{"rendered":"https:\/\/aiaomei.com\/product\/calcas-de-ioga-de-cintura-subida-escovadas-para-mulher-calcas-de-fitness-de-secagem-rapida-para-uso-exterior-calcas-desportivas-justas-com-aspeto-adelgacante\/"},"modified":"2026-04-30T06:50:50","modified_gmt":"2026-04-30T06:50:50","slug":"calcas-de-ioga-de-cintura-subida-escovadas-para-mulher-calcas-de-fitness-de-secagem-rapida-para-uso-exterior-calcas-desportivas-justas-com-aspeto-adelgacante","status":"publish","type":"product","link":"https:\/\/aiaomei.com\/pt-pt\/produto\/calcas-de-ioga-de-cintura-subida-escovadas-para-mulher-calcas-de-fitness-de-secagem-rapida-para-uso-exterior-calcas-desportivas-justas-com-aspeto-adelgacante\/","title":{"rendered":"Cal\u00e7as de ioga de cintura subida escovadas para mulher Cal\u00e7as de fitness de secagem r\u00e1pida para uso exterior Cal\u00e7as desportivas justas com aspeto adelga\u00e7ante"},"content":{"rendered":"\t\t<div data-elementor-type=\"product-post\" data-elementor-id=\"37114\" class=\"elementor elementor-37114 elementor-29691\" data-elementor-post-type=\"product\">\n\t\t\t\t<div class=\"wd-negative-gap elementor-element elementor-element-70b024c5 e-flex e-con-boxed e-con e-parent\" data-id=\"70b024c5\" data-element_type=\"container\" data-e-type=\"container\">\n\t\t\t\t\t<div class=\"e-con-inner\">\n\t\t\t\t<div class=\"elementor-element elementor-element-148c381c elementor-widget elementor-widget-image\" data-id=\"148c381c\" data-element_type=\"widget\" data-e-type=\"widget\" data-widget_type=\"image.default\">\n\t\t\t\t\t\t\t\t\t\t\t\t\t\t\t<img decoding=\"async\" src=\"https:\/\/aiaomei.com\/wp-content\/uploads\/elementor\/thumbs\/04\u591a\u9009\u914d\u8272-\u82f1\u6587\u7248-7-scaled-rlqsdx5s79c0zaw89p8bttmldraxs62hn7150s86ps.jpg\" title=\"04\u591a\u9009\u914d\u8272-\u82f1\u6587\u7248\" alt=\"04\u591a\u9009\u914d\u8272-\u82f1\u6587\u7248\" loading=\"lazy\" \/>\t\t\t\t\t\t\t\t\t\t\t\t\t\t\t<\/div>\n\t\t\t\t<div class=\"elementor-element elementor-element-3101e148 elementor-widget elementor-widget-image\" data-id=\"3101e148\" data-element_type=\"widget\" data-e-type=\"widget\" data-widget_type=\"image.default\">\n\t\t\t\t\t\t\t\t\t\t\t\t\t\t\t<img loading=\"lazy\" decoding=\"async\" width=\"1120\" height=\"1536\" src=\"https:\/\/aiaomei.com\/wp-content\/uploads\/2026\/04\/02\u6a21\u7279\u4fe1\u606f-\u82f1\u6587\u7248-7-1120x1536.jpg\" class=\"attachment-1536x1536 size-1536x1536 wp-image-37215\" alt=\"\" srcset=\"https:\/\/aiaomei.com\/wp-content\/uploads\/2026\/04\/02\u6a21\u7279\u4fe1\u606f-\u82f1\u6587\u7248-7-1120x1536.jpg 1120w, https:\/\/aiaomei.com\/wp-content\/uploads\/2026\/04\/02\u6a21\u7279\u4fe1\u606f-\u82f1\u6587\u7248-7-430x590.jpg 430w, https:\/\/aiaomei.com\/wp-content\/uploads\/2026\/04\/02\u6a21\u7279\u4fe1\u606f-\u82f1\u6587\u7248-7-150x206.jpg 150w, https:\/\/aiaomei.com\/wp-content\/uploads\/2026\/04\/02\u6a21\u7279\u4fe1\u606f-\u82f1\u6587\u7248-7-700x960.jpg 700w, https:\/\/aiaomei.com\/wp-content\/uploads\/2026\/04\/02\u6a21\u7279\u4fe1\u606f-\u82f1\u6587\u7248-7-219x300.jpg 219w, https:\/\/aiaomei.com\/wp-content\/uploads\/2026\/04\/02\u6a21\u7279\u4fe1\u606f-\u82f1\u6587\u7248-7-583x800.jpg 583w, https:\/\/aiaomei.com\/wp-content\/uploads\/2026\/04\/02\u6a21\u7279\u4fe1\u606f-\u82f1\u6587\u7248-7-768x1053.jpg 768w, https:\/\/aiaomei.com\/wp-content\/uploads\/2026\/04\/02\u6a21\u7279\u4fe1\u606f-\u82f1\u6587\u7248-7-1493x2048.jpg 1493w, https:\/\/aiaomei.com\/wp-content\/uploads\/2026\/04\/02\u6a21\u7279\u4fe1\u606f-\u82f1\u6587\u7248-7.jpg 1500w\" sizes=\"auto, (max-width: 1120px) 100vw, 1120px\" \/>\t\t\t\t\t\t\t\t\t\t\t\t\t\t\t<\/div>\n\t\t\t\t\t<\/div>\n\t\t\t\t<\/div>\n\t\t<div class=\"wd-negative-gap elementor-element elementor-element-2908131e e-flex e-con-boxed e-con e-parent\" data-id=\"2908131e\" data-element_type=\"container\" data-e-type=\"container\">\n\t\t\t\t\t<div class=\"e-con-inner\">\n\t\t\t\t<div class=\"elementor-element elementor-element-397b9e9 elementor-widget elementor-widget-image\" data-id=\"397b9e9\" data-element_type=\"widget\" data-e-type=\"widget\" data-widget_type=\"image.default\">\n\t\t\t\t\t\t\t\t\t\t\t\t\t\t\t<img loading=\"lazy\" decoding=\"async\" width=\"1500\" height=\"1513\" src=\"https:\/\/aiaomei.com\/wp-content\/uploads\/2026\/04\/particulars_008-2.png\" class=\"attachment-1536x1536 size-1536x1536 wp-image-46874\" alt=\"\" srcset=\"https:\/\/aiaomei.com\/wp-content\/uploads\/2026\/04\/particulars_008-2.png 1500w, https:\/\/aiaomei.com\/wp-content\/uploads\/2026\/04\/particulars_008-2-297x300.png 297w, https:\/\/aiaomei.com\/wp-content\/uploads\/2026\/04\/particulars_008-2-793x800.png 793w, https:\/\/aiaomei.com\/wp-content\/uploads\/2026\/04\/particulars_008-2-150x151.png 150w, https:\/\/aiaomei.com\/wp-content\/uploads\/2026\/04\/particulars_008-2-768x775.png 768w, https:\/\/aiaomei.com\/wp-content\/uploads\/2026\/04\/particulars_008-2-430x434.png 430w, https:\/\/aiaomei.com\/wp-content\/uploads\/2026\/04\/particulars_008-2-700x706.png 700w\" sizes=\"auto, (max-width: 1500px) 100vw, 1500px\" \/>\t\t\t\t\t\t\t\t\t\t\t\t\t\t\t<\/div>\n\t\t\t\t<div class=\"elementor-element elementor-element-5ad6d058 elementor-widget elementor-widget-image\" data-id=\"5ad6d058\" data-element_type=\"widget\" data-e-type=\"widget\" data-widget_type=\"image.default\">\n\t\t\t\t\t\t\t\t\t\t\t\t\t\t\t<img loading=\"lazy\" decoding=\"async\" width=\"1500\" height=\"1513\" src=\"https:\/\/aiaomei.com\/wp-content\/uploads\/2026\/04\/particulars_009-1.png\" class=\"attachment-1536x1536 size-1536x1536 wp-image-46875\" alt=\"\" srcset=\"https:\/\/aiaomei.com\/wp-content\/uploads\/2026\/04\/particulars_009-1.png 1500w, https:\/\/aiaomei.com\/wp-content\/uploads\/2026\/04\/particulars_009-1-297x300.png 297w, https:\/\/aiaomei.com\/wp-content\/uploads\/2026\/04\/particulars_009-1-793x800.png 793w, https:\/\/aiaomei.com\/wp-content\/uploads\/2026\/04\/particulars_009-1-150x151.png 150w, https:\/\/aiaomei.com\/wp-content\/uploads\/2026\/04\/particulars_009-1-768x775.png 768w, https:\/\/aiaomei.com\/wp-content\/uploads\/2026\/04\/particulars_009-1-430x434.png 430w, https:\/\/aiaomei.com\/wp-content\/uploads\/2026\/04\/particulars_009-1-700x706.png 700w\" sizes=\"auto, (max-width: 1500px) 100vw, 1500px\" \/>\t\t\t\t\t\t\t\t\t\t\t\t\t\t\t<\/div>\n\t\t\t\t<div class=\"elementor-element elementor-element-35702857 elementor-widget elementor-widget-image\" data-id=\"35702857\" data-element_type=\"widget\" data-e-type=\"widget\" data-widget_type=\"image.default\">\n\t\t\t\t\t\t\t\t\t\t\t\t\t\t\t<img loading=\"lazy\" decoding=\"async\" width=\"1500\" height=\"1513\" src=\"https:\/\/aiaomei.com\/wp-content\/uploads\/2026\/04\/particulars_010.png\" class=\"attachment-1536x1536 size-1536x1536 wp-image-46876\" alt=\"\" srcset=\"https:\/\/aiaomei.com\/wp-content\/uploads\/2026\/04\/particulars_010.png 1500w, https:\/\/aiaomei.com\/wp-content\/uploads\/2026\/04\/particulars_010-297x300.png 297w, https:\/\/aiaomei.com\/wp-content\/uploads\/2026\/04\/particulars_010-793x800.png 793w, https:\/\/aiaomei.com\/wp-content\/uploads\/2026\/04\/particulars_010-150x151.png 150w, https:\/\/aiaomei.com\/wp-content\/uploads\/2026\/04\/particulars_010-768x775.png 768w, https:\/\/aiaomei.com\/wp-content\/uploads\/2026\/04\/particulars_010-430x434.png 430w, https:\/\/aiaomei.com\/wp-content\/uploads\/2026\/04\/particulars_010-700x706.png 700w\" sizes=\"auto, (max-width: 1500px) 100vw, 1500px\" \/>\t\t\t\t\t\t\t\t\t\t\t\t\t\t\t<\/div>\n\t\t\t\t<div class=\"elementor-element elementor-element-5711d208 elementor-widget elementor-widget-image\" data-id=\"5711d208\" data-element_type=\"widget\" data-e-type=\"widget\" data-widget_type=\"image.default\">\n\t\t\t\t\t\t\t\t\t\t\t\t\t\t\t<img loading=\"lazy\" decoding=\"async\" width=\"1200\" height=\"992\" src=\"https:\/\/aiaomei.com\/wp-content\/uploads\/2026\/04\/2223935.jpg\" class=\"attachment-1536x1536 size-1536x1536 wp-image-46871\" alt=\"\" srcset=\"https:\/\/aiaomei.com\/wp-content\/uploads\/2026\/04\/2223935.jpg 1200w, https:\/\/aiaomei.com\/wp-content\/uploads\/2026\/04\/2223935-363x300.jpg 363w, https:\/\/aiaomei.com\/wp-content\/uploads\/2026\/04\/2223935-968x800.jpg 968w, https:\/\/aiaomei.com\/wp-content\/uploads\/2026\/04\/2223935-768x635.jpg 768w, https:\/\/aiaomei.com\/wp-content\/uploads\/2026\/04\/2223935-430x355.jpg 430w, https:\/\/aiaomei.com\/wp-content\/uploads\/2026\/04\/2223935-700x579.jpg 700w, https:\/\/aiaomei.com\/wp-content\/uploads\/2026\/04\/2223935-150x124.jpg 150w\" sizes=\"auto, (max-width: 1200px) 100vw, 1200px\" \/>\t\t\t\t\t\t\t\t\t\t\t\t\t\t\t<\/div>\n\t\t\t\t<div class=\"elementor-element elementor-element-79be42a0 elementor-widget elementor-widget-image\" data-id=\"79be42a0\" data-element_type=\"widget\" data-e-type=\"widget\" data-widget_type=\"image.default\">\n\t\t\t\t\t\t\t\t\t\t\t\t\t\t\t<img loading=\"lazy\" decoding=\"async\" width=\"1200\" height=\"684\" src=\"https:\/\/aiaomei.com\/wp-content\/uploads\/2026\/04\/2223931.jpg\" class=\"attachment-1536x1536 size-1536x1536 wp-image-46868\" alt=\"\" srcset=\"https:\/\/aiaomei.com\/wp-content\/uploads\/2026\/04\/2223931.jpg 1200w, https:\/\/aiaomei.com\/wp-content\/uploads\/2026\/04\/2223931-400x228.jpg 400w, https:\/\/aiaomei.com\/wp-content\/uploads\/2026\/04\/2223931-768x438.jpg 768w, https:\/\/aiaomei.com\/wp-content\/uploads\/2026\/04\/2223931-430x245.jpg 430w, https:\/\/aiaomei.com\/wp-content\/uploads\/2026\/04\/2223931-700x399.jpg 700w, https:\/\/aiaomei.com\/wp-content\/uploads\/2026\/04\/2223931-150x86.jpg 150w\" sizes=\"auto, (max-width: 1200px) 100vw, 1200px\" \/>\t\t\t\t\t\t\t\t\t\t\t\t\t\t\t<\/div>\n\t\t<div class=\"elementor-element elementor-element-30549ceb e-con-full e-flex e-con e-child\" data-id=\"30549ceb\" data-element_type=\"container\" data-e-type=\"container\">\n\t\t\t\t<div class=\"elementor-element elementor-element-50b598a2 elementor-widget elementor-widget-image\" data-id=\"50b598a2\" data-element_type=\"widget\" data-e-type=\"widget\" data-widget_type=\"image.default\">\n\t\t\t\t\t\t\t\t\t\t\t\t\t\t\t<img loading=\"lazy\" decoding=\"async\" width=\"1200\" height=\"160\" src=\"https:\/\/aiaomei.com\/wp-content\/uploads\/2026\/04\/\u901a\u7528\u7ec6\u8282\u5c55\u793a.jpg\" class=\"attachment-1536x1536 size-1536x1536 wp-image-46419\" alt=\"\" srcset=\"https:\/\/aiaomei.com\/wp-content\/uploads\/2026\/04\/\u901a\u7528\u7ec6\u8282\u5c55\u793a.jpg 1200w, https:\/\/aiaomei.com\/wp-content\/uploads\/2026\/04\/\u901a\u7528\u7ec6\u8282\u5c55\u793a-400x53.jpg 400w, https:\/\/aiaomei.com\/wp-content\/uploads\/2026\/04\/\u901a\u7528\u7ec6\u8282\u5c55\u793a-768x102.jpg 768w, https:\/\/aiaomei.com\/wp-content\/uploads\/2026\/04\/\u901a\u7528\u7ec6\u8282\u5c55\u793a-430x57.jpg 430w, https:\/\/aiaomei.com\/wp-content\/uploads\/2026\/04\/\u901a\u7528\u7ec6\u8282\u5c55\u793a-700x93.jpg 700w, https:\/\/aiaomei.com\/wp-content\/uploads\/2026\/04\/\u901a\u7528\u7ec6\u8282\u5c55\u793a-150x20.jpg 150w\" sizes=\"auto, (max-width: 1200px) 100vw, 1200px\" \/>\t\t\t\t\t\t\t\t\t\t\t\t\t\t\t<\/div>\n\t\t\t\t<div class=\"elementor-element elementor-element-69c488b wd-width-100 elementor-widget elementor-widget-wd_images_gallery\" data-id=\"69c488b\" data-element_type=\"widget\" data-e-type=\"widget\" data-widget_type=\"wd_images_gallery.default\">\n\t\t\t\t<div class=\"elementor-widget-container\">\n\t\t\t\t\t\t\t<div class=\"wd-images-gallery photoswipe-images\" style=\"--wd-align-items:center; --wd-justify-content:center;\">\n\t\t\t\t\t\t<div class=\"wd-grid-g\" style=\"--wd-col-lg:2;--wd-col-md:2;--wd-col-sm:2;--wd-gap-lg:0px;\" >\n\t\t\t\t\t\t\t\t\t\t\t\t\t\t\t\t\t\t<div class=\"wd-gallery-item wd-col\">\n\t\t\t\t\t\t\t\t\t\t\t\t\t<a  href=\"https:\/\/aiaomei.com\/wp-content\/uploads\/2026\/04\/particulars_147.jpeg\" data-width=\"1200\" data-height=\"800\" data-index=\"1\" data-elementor-open-lightbox=\"no\">\n\t\t\t\t\t\t\n\t\t\t\t\t\t<img loading=\"lazy\" decoding=\"async\" width=\"1200\" height=\"800\" src=\"https:\/\/aiaomei.com\/wp-content\/uploads\/2026\/04\/particulars_147.jpeg\" class=\"attachment-full size-full\" alt=\"\u8be6\u60c5_147\" srcset=\"https:\/\/aiaomei.com\/wp-content\/uploads\/2026\/04\/particulars_147.jpeg 1200w, https:\/\/aiaomei.com\/wp-content\/uploads\/2026\/04\/particulars_147-400x267.jpeg 400w, https:\/\/aiaomei.com\/wp-content\/uploads\/2026\/04\/particulars_147-768x512.jpeg 768w, https:\/\/aiaomei.com\/wp-content\/uploads\/2026\/04\/particulars_147-430x287.jpeg 430w, https:\/\/aiaomei.com\/wp-content\/uploads\/2026\/04\/particulars_147-700x467.jpeg 700w, https:\/\/aiaomei.com\/wp-content\/uploads\/2026\/04\/particulars_147-150x100.jpeg 150w\" sizes=\"auto, (max-width: 1200px) 100vw, 1200px\" \/>\n\t\t\t\t\t\t\t\t\t\t\t\t\t<\/a>\n\t\t\t\t\t\t\t\t\t\t\t<\/div>\n\t\t\t\t\t\t\t\t\t\t\t\t\t\t\t<div class=\"wd-gallery-item wd-col\">\n\t\t\t\t\t\t\t\t\t\t\t\t\t<a  href=\"https:\/\/aiaomei.com\/wp-content\/uploads\/2026\/04\/particulars_146.jpeg\" data-width=\"1200\" data-height=\"800\" data-index=\"2\" data-elementor-open-lightbox=\"no\">\n\t\t\t\t\t\t\n\t\t\t\t\t\t<img loading=\"lazy\" decoding=\"async\" width=\"1200\" height=\"800\" src=\"https:\/\/aiaomei.com\/wp-content\/uploads\/2026\/04\/particulars_146.jpeg\" class=\"attachment-full size-full\" alt=\"\u8be6\u60c5_146\" srcset=\"https:\/\/aiaomei.com\/wp-content\/uploads\/2026\/04\/particulars_146.jpeg 1200w, https:\/\/aiaomei.com\/wp-content\/uploads\/2026\/04\/particulars_146-400x267.jpeg 400w, https:\/\/aiaomei.com\/wp-content\/uploads\/2026\/04\/particulars_146-768x512.jpeg 768w, https:\/\/aiaomei.com\/wp-content\/uploads\/2026\/04\/particulars_146-430x287.jpeg 430w, https:\/\/aiaomei.com\/wp-content\/uploads\/2026\/04\/particulars_146-700x467.jpeg 700w, https:\/\/aiaomei.com\/wp-content\/uploads\/2026\/04\/particulars_146-150x100.jpeg 150w\" sizes=\"auto, (max-width: 1200px) 100vw, 1200px\" \/>\n\t\t\t\t\t\t\t\t\t\t\t\t\t<\/a>\n\t\t\t\t\t\t\t\t\t\t\t<\/div>\n\t\t\t\t\t\t\t\t\t\t\t\t\t\t\t<div class=\"wd-gallery-item wd-col\">\n\t\t\t\t\t\t\t\t\t\t\t\t\t<a  href=\"https:\/\/aiaomei.com\/wp-content\/uploads\/2026\/04\/particulars_145.jpeg\" data-width=\"1200\" data-height=\"800\" data-index=\"3\" data-elementor-open-lightbox=\"no\">\n\t\t\t\t\t\t\n\t\t\t\t\t\t<img loading=\"lazy\" decoding=\"async\" width=\"1200\" height=\"800\" src=\"https:\/\/aiaomei.com\/wp-content\/uploads\/2026\/04\/particulars_145.jpeg\" class=\"attachment-full size-full\" alt=\"\u8be6\u60c5_145\" srcset=\"https:\/\/aiaomei.com\/wp-content\/uploads\/2026\/04\/particulars_145.jpeg 1200w, https:\/\/aiaomei.com\/wp-content\/uploads\/2026\/04\/particulars_145-400x267.jpeg 400w, https:\/\/aiaomei.com\/wp-content\/uploads\/2026\/04\/particulars_145-768x512.jpeg 768w, https:\/\/aiaomei.com\/wp-content\/uploads\/2026\/04\/particulars_145-430x287.jpeg 430w, https:\/\/aiaomei.com\/wp-content\/uploads\/2026\/04\/particulars_145-700x467.jpeg 700w, https:\/\/aiaomei.com\/wp-content\/uploads\/2026\/04\/particulars_145-150x100.jpeg 150w\" sizes=\"auto, (max-width: 1200px) 100vw, 1200px\" \/>\n\t\t\t\t\t\t\t\t\t\t\t\t\t<\/a>\n\t\t\t\t\t\t\t\t\t\t\t<\/div>\n\t\t\t\t\t\t\t\t\t\t\t\t\t\t\t<div class=\"wd-gallery-item wd-col\">\n\t\t\t\t\t\t\t\t\t\t\t\t\t<a  href=\"https:\/\/aiaomei.com\/wp-content\/uploads\/2026\/04\/particulars_144.jpeg\" data-width=\"1200\" data-height=\"800\" data-index=\"4\" data-elementor-open-lightbox=\"no\">\n\t\t\t\t\t\t\n\t\t\t\t\t\t<img loading=\"lazy\" decoding=\"async\" width=\"1200\" height=\"800\" src=\"https:\/\/aiaomei.com\/wp-content\/uploads\/2026\/04\/particulars_144.jpeg\" class=\"attachment-full size-full\" alt=\"\u8be6\u60c5_144\" srcset=\"https:\/\/aiaomei.com\/wp-content\/uploads\/2026\/04\/particulars_144.jpeg 1200w, https:\/\/aiaomei.com\/wp-content\/uploads\/2026\/04\/particulars_144-400x267.jpeg 400w, https:\/\/aiaomei.com\/wp-content\/uploads\/2026\/04\/particulars_144-768x512.jpeg 768w, https:\/\/aiaomei.com\/wp-content\/uploads\/2026\/04\/particulars_144-430x287.jpeg 430w, https:\/\/aiaomei.com\/wp-content\/uploads\/2026\/04\/particulars_144-700x467.jpeg 700w, https:\/\/aiaomei.com\/wp-content\/uploads\/2026\/04\/particulars_144-150x100.jpeg 150w\" sizes=\"auto, (max-width: 1200px) 100vw, 1200px\" \/>\n\t\t\t\t\t\t\t\t\t\t\t\t\t<\/a>\n\t\t\t\t\t\t\t\t\t\t\t<\/div>\n\t\t\t\t\t\t\t\t\t\t\t\t\t<\/div>\n\t\t\t\t\t<\/div>\n\t\t\t\t\t\t<\/div>\n\t\t\t\t<\/div>\n\t\t\t\t<\/div>\n\t\t\t\t\t<\/div>\n\t\t\t\t<\/div>\n\t\t\t\t<\/div>\n\t\t","protected":false},"excerpt":{"rendered":"","protected":false},"featured_media":45829,"comment_status":"open","ping_status":"closed","template":"","meta":[],"product_brand":[],"product_cat":[923,2135],"product_tag":[],"class_list":{"0":"post-37114","1":"product","2":"type-product","3":"status-publish","4":"has-post-thumbnail","6":"product_cat-calcas","7":"product_cat-todos","9":"first","10":"instock","11":"shipping-taxable","12":"purchasable","13":"product-type-variable"},"_links":{"self":[{"href":"https:\/\/aiaomei.com\/pt-pt\/wp-json\/wp\/v2\/product\/37114","targetHints":{"allow":["GET"]}}],"collection":[{"href":"https:\/\/aiaomei.com\/pt-pt\/wp-json\/wp\/v2\/product"}],"about":[{"href":"https:\/\/aiaomei.com\/pt-pt\/wp-json\/wp\/v2\/types\/product"}],"replies":[{"embeddable":true,"href":"https:\/\/aiaomei.com\/pt-pt\/wp-json\/wp\/v2\/comments?post=37114"}],"version-history":[{"count":2,"href":"https:\/\/aiaomei.com\/pt-pt\/wp-json\/wp\/v2\/product\/37114\/revisions"}],"predecessor-version":[{"id":46878,"href":"https:\/\/aiaomei.com\/pt-pt\/wp-json\/wp\/v2\/product\/37114\/revisions\/46878"}],"wp:featuredmedia":[{"embeddable":true,"href":"https:\/\/aiaomei.com\/pt-pt\/wp-json\/wp\/v2\/media\/45829"}],"wp:attachment":[{"href":"https:\/\/aiaomei.com\/pt-pt\/wp-json\/wp\/v2\/media?parent=37114"}],"wp:term":[{"taxonomy":"product_brand","embeddable":true,"href":"https:\/\/aiaomei.com\/pt-pt\/wp-json\/wp\/v2\/product_brand?post=37114"},{"taxonomy":"product_cat","embeddable":true,"href":"https:\/\/aiaomei.com\/pt-pt\/wp-json\/wp\/v2\/product_cat?post=37114"},{"taxonomy":"product_tag","embeddable":true,"href":"https:\/\/aiaomei.com\/pt-pt\/wp-json\/wp\/v2\/product_tag?post=37114"}],"curies":[{"name":"wp","href":"https:\/\/api.w.org\/{rel}","templated":true}]}}