{"id":44140,"date":"2026-04-21T06:09:05","date_gmt":"2026-04-21T06:09:05","guid":{"rendered":"https:\/\/aiaomei.com\/product\/short-de-sport-a-taille-haute-transfrontalier-europeen-et-americain-short-de-yoga-decontracte-a-couleurs-contrastees-short-de-fitness-pour-la-course-a-pied-en-plein-air\/"},"modified":"2026-04-30T09:19:41","modified_gmt":"2026-04-30T09:19:41","slug":"short-de-sport-a-taille-haute-transfrontalier-europeen-et-americain-short-de-yoga-decontracte-a-couleurs-contrastees-short-de-fitness-pour-la-course-a-pied-en-plein-air","status":"publish","type":"product","link":"https:\/\/aiaomei.com\/fr\/produit\/short-de-sport-a-taille-haute-transfrontalier-europeen-et-americain-short-de-yoga-decontracte-a-couleurs-contrastees-short-de-fitness-pour-la-course-a-pied-en-plein-air\/","title":{"rendered":"Short de sport \u00e0 taille haute transfrontalier europ\u00e9en et am\u00e9ricain, short de yoga d\u00e9contract\u00e9 \u00e0 couleurs contrast\u00e9es, short de fitness pour la course \u00e0 pied en plein air"},"content":{"rendered":"\t\t<div data-elementor-type=\"product-post\" data-elementor-id=\"44140\" class=\"elementor elementor-44140 elementor-32033\" data-elementor-post-type=\"product\">\n\t\t\t\t<div class=\"wd-negative-gap elementor-element elementor-element-49d642d6 e-flex e-con-boxed e-con e-parent\" data-id=\"49d642d6\" data-element_type=\"container\" data-e-type=\"container\">\n\t\t\t\t\t<div class=\"e-con-inner\">\n\t\t\t\t<div class=\"elementor-element elementor-element-7a78549 elementor-widget elementor-widget-image\" data-id=\"7a78549\" data-element_type=\"widget\" data-e-type=\"widget\" data-widget_type=\"image.default\">\n\t\t\t\t\t\t\t\t\t\t\t\t\t\t\t<img decoding=\"async\" src=\"https:\/\/aiaomei.com\/wp-content\/uploads\/elementor\/thumbs\/04\u591a\u9009\u914d\u8272-\u82f1\u6587\u7248-32-rlskk6tdu3x0kf3nxbrt7u1yx4aairo99ylu9yrpj4.jpg\" title=\"04\u591a\u9009\u914d\u8272-\u82f1\u6587\u7248\" alt=\"04\u591a\u9009\u914d\u8272-\u82f1\u6587\u7248\" loading=\"lazy\" \/>\t\t\t\t\t\t\t\t\t\t\t\t\t\t\t<\/div>\n\t\t\t\t<div class=\"elementor-element elementor-element-6a02fe65 elementor-widget elementor-widget-image\" data-id=\"6a02fe65\" data-element_type=\"widget\" data-e-type=\"widget\" data-widget_type=\"image.default\">\n\t\t\t\t\t\t\t\t\t\t\t\t\t\t\t<img decoding=\"async\" width=\"1120\" height=\"1536\" src=\"https:\/\/aiaomei.com\/wp-content\/uploads\/2026\/04\/02\u6a21\u7279\u4fe1\u606f-\u82f1\u6587\u7248-32-1120x1536.jpg\" class=\"attachment-1536x1536 size-1536x1536 wp-image-44141\" alt=\"\" loading=\"lazy\" srcset=\"https:\/\/aiaomei.com\/wp-content\/uploads\/2026\/04\/02\u6a21\u7279\u4fe1\u606f-\u82f1\u6587\u7248-32-1120x1536.jpg 1120w, https:\/\/aiaomei.com\/wp-content\/uploads\/2026\/04\/02\u6a21\u7279\u4fe1\u606f-\u82f1\u6587\u7248-32-430x590.jpg 430w, https:\/\/aiaomei.com\/wp-content\/uploads\/2026\/04\/02\u6a21\u7279\u4fe1\u606f-\u82f1\u6587\u7248-32-150x206.jpg 150w, https:\/\/aiaomei.com\/wp-content\/uploads\/2026\/04\/02\u6a21\u7279\u4fe1\u606f-\u82f1\u6587\u7248-32-700x960.jpg 700w, https:\/\/aiaomei.com\/wp-content\/uploads\/2026\/04\/02\u6a21\u7279\u4fe1\u606f-\u82f1\u6587\u7248-32-219x300.jpg 219w, https:\/\/aiaomei.com\/wp-content\/uploads\/2026\/04\/02\u6a21\u7279\u4fe1\u606f-\u82f1\u6587\u7248-32-583x800.jpg 583w, https:\/\/aiaomei.com\/wp-content\/uploads\/2026\/04\/02\u6a21\u7279\u4fe1\u606f-\u82f1\u6587\u7248-32-768x1053.jpg 768w, https:\/\/aiaomei.com\/wp-content\/uploads\/2026\/04\/02\u6a21\u7279\u4fe1\u606f-\u82f1\u6587\u7248-32.jpg 1200w\" sizes=\"auto, (max-width: 1120px) 100vw, 1120px\" \/>\t\t\t\t\t\t\t\t\t\t\t\t\t\t\t<\/div>\n\t\t\t\t\t<\/div>\n\t\t\t\t<\/div>\n\t\t<div class=\"wd-negative-gap elementor-element elementor-element-61c13dfc e-flex e-con-boxed e-con e-parent\" data-id=\"61c13dfc\" data-element_type=\"container\" data-e-type=\"container\">\n\t\t\t\t\t<div class=\"e-con-inner\">\n\t\t\t\t<div class=\"elementor-element elementor-element-7716de48 elementor-widget elementor-widget-image\" data-id=\"7716de48\" data-element_type=\"widget\" data-e-type=\"widget\" data-widget_type=\"image.default\">\n\t\t\t\t\t\t\t\t\t\t\t\t\t\t\t<img decoding=\"async\" width=\"1536\" height=\"1031\" src=\"https:\/\/aiaomei.com\/wp-content\/uploads\/2026\/04\/\u5c3a\u7801\u8868\uff08\u88e4\u5b50\uff09-\u82f1\u6587\u7248-17-1536x1031.jpg\" class=\"attachment-1536x1536 size-1536x1536 wp-image-44143\" alt=\"\" loading=\"lazy\" srcset=\"https:\/\/aiaomei.com\/wp-content\/uploads\/2026\/04\/\u5c3a\u7801\u8868\uff08\u88e4\u5b50\uff09-\u82f1\u6587\u7248-17-1536x1031.jpg 1536w, https:\/\/aiaomei.com\/wp-content\/uploads\/2026\/04\/\u5c3a\u7801\u8868\uff08\u88e4\u5b50\uff09-\u82f1\u6587\u7248-17-430x289.jpg 430w, https:\/\/aiaomei.com\/wp-content\/uploads\/2026\/04\/\u5c3a\u7801\u8868\uff08\u88e4\u5b50\uff09-\u82f1\u6587\u7248-17-150x101.jpg 150w, https:\/\/aiaomei.com\/wp-content\/uploads\/2026\/04\/\u5c3a\u7801\u8868\uff08\u88e4\u5b50\uff09-\u82f1\u6587\u7248-17-700x470.jpg 700w, https:\/\/aiaomei.com\/wp-content\/uploads\/2026\/04\/\u5c3a\u7801\u8868\uff08\u88e4\u5b50\uff09-\u82f1\u6587\u7248-17-400x268.jpg 400w, https:\/\/aiaomei.com\/wp-content\/uploads\/2026\/04\/\u5c3a\u7801\u8868\uff08\u88e4\u5b50\uff09-\u82f1\u6587\u7248-17-1192x800.jpg 1192w, https:\/\/aiaomei.com\/wp-content\/uploads\/2026\/04\/\u5c3a\u7801\u8868\uff08\u88e4\u5b50\uff09-\u82f1\u6587\u7248-17-768x515.jpg 768w, https:\/\/aiaomei.com\/wp-content\/uploads\/2026\/04\/\u5c3a\u7801\u8868\uff08\u88e4\u5b50\uff09-\u82f1\u6587\u7248-17.jpg 2000w\" sizes=\"auto, (max-width: 1536px) 100vw, 1536px\" \/>\t\t\t\t\t\t\t\t\t\t\t\t\t\t\t<\/div>\n\t\t\t\t\t<\/div>\n\t\t\t\t<\/div>\n\t\t\t\t<\/div>\n\t\t","protected":false},"excerpt":{"rendered":"","protected":false},"featured_media":45776,"comment_status":"open","ping_status":"closed","template":"","meta":[],"product_brand":[],"product_cat":[1688,2144],"product_tag":[],"class_list":{"0":"post-44140","1":"product","2":"type-product","3":"status-publish","4":"has-post-thumbnail","6":"product_cat-short","7":"product_cat-tous","9":"first","10":"instock","11":"shipping-taxable","12":"purchasable","13":"product-type-variable"},"_links":{"self":[{"href":"https:\/\/aiaomei.com\/fr\/wp-json\/wp\/v2\/product\/44140","targetHints":{"allow":["GET"]}}],"collection":[{"href":"https:\/\/aiaomei.com\/fr\/wp-json\/wp\/v2\/product"}],"about":[{"href":"https:\/\/aiaomei.com\/fr\/wp-json\/wp\/v2\/types\/product"}],"replies":[{"embeddable":true,"href":"https:\/\/aiaomei.com\/fr\/wp-json\/wp\/v2\/comments?post=44140"}],"version-history":[{"count":1,"href":"https:\/\/aiaomei.com\/fr\/wp-json\/wp\/v2\/product\/44140\/revisions"}],"predecessor-version":[{"id":44177,"href":"https:\/\/aiaomei.com\/fr\/wp-json\/wp\/v2\/product\/44140\/revisions\/44177"}],"wp:featuredmedia":[{"embeddable":true,"href":"https:\/\/aiaomei.com\/fr\/wp-json\/wp\/v2\/media\/45776"}],"wp:attachment":[{"href":"https:\/\/aiaomei.com\/fr\/wp-json\/wp\/v2\/media?parent=44140"}],"wp:term":[{"taxonomy":"product_brand","embeddable":true,"href":"https:\/\/aiaomei.com\/fr\/wp-json\/wp\/v2\/product_brand?post=44140"},{"taxonomy":"product_cat","embeddable":true,"href":"https:\/\/aiaomei.com\/fr\/wp-json\/wp\/v2\/product_cat?post=44140"},{"taxonomy":"product_tag","embeddable":true,"href":"https:\/\/aiaomei.com\/fr\/wp-json\/wp\/v2\/product_tag?post=44140"}],"curies":[{"name":"wp","href":"https:\/\/api.w.org\/{rel}","templated":true}]}}