{"id":43997,"date":"2026-04-21T06:09:06","date_gmt":"2026-04-21T06:09:06","guid":{"rendered":"https:\/\/aiaomei.com\/product\/combinaison-une-piece-de-yoga-a-manches-courtes-avec-fermeture-eclair-pour-lete-europeen-et-americain-combinaison-une-piece-de-sport-moulante-pour-la-danse-et-le-fitness-pour-les-femmes\/"},"modified":"2026-04-30T05:29:37","modified_gmt":"2026-04-30T05:29:37","slug":"combinaison-une-piece-de-yoga-a-manches-courtes-avec-fermeture-eclair-pour-lete-europeen-et-americain-combinaison-une-piece-de-sport-moulante-pour-la-danse-et-le-fitness-pour-les-femmes","status":"publish","type":"product","link":"https:\/\/aiaomei.com\/fr\/produit\/combinaison-une-piece-de-yoga-a-manches-courtes-avec-fermeture-eclair-pour-lete-europeen-et-americain-combinaison-une-piece-de-sport-moulante-pour-la-danse-et-le-fitness-pour-les-femmes\/","title":{"rendered":"Combinaison une pi\u00e8ce de yoga \u00e0 manches courtes avec fermeture \u00e9clair pour l&rsquo;\u00e9t\u00e9 europ\u00e9en et am\u00e9ricain Combinaison une pi\u00e8ce de sport moulante pour la danse et le fitness pour les femmes"},"content":{"rendered":"\t\t<div data-elementor-type=\"product-post\" data-elementor-id=\"43997\" class=\"elementor elementor-43997 elementor-31727\" data-elementor-post-type=\"product\">\n\t\t\t\t<div class=\"wd-negative-gap elementor-element elementor-element-5b5884ae e-flex e-con-boxed e-con e-parent\" data-id=\"5b5884ae\" data-element_type=\"container\" data-e-type=\"container\">\n\t\t\t\t\t<div class=\"e-con-inner\">\n\t\t\t\t<div class=\"elementor-element elementor-element-100cb6cf elementor-widget elementor-widget-image\" data-id=\"100cb6cf\" data-element_type=\"widget\" data-e-type=\"widget\" data-widget_type=\"image.default\">\n\t\t\t\t\t\t\t\t\t\t\t\t\t\t\t<img decoding=\"async\" width=\"1200\" height=\"1044\" src=\"https:\/\/aiaomei.com\/wp-content\/uploads\/2026\/04\/\u5c3a\u7801\u8868\uff08\u8fde\u4f53\u8863\uff09-\u82f1\u6587\u7248-2.jpg\" class=\"attachment-1536x1536 size-1536x1536 wp-image-44017\" alt=\"\" loading=\"lazy\" srcset=\"https:\/\/aiaomei.com\/wp-content\/uploads\/2026\/04\/\u5c3a\u7801\u8868\uff08\u8fde\u4f53\u8863\uff09-\u82f1\u6587\u7248-2.jpg 1200w, https:\/\/aiaomei.com\/wp-content\/uploads\/2026\/04\/\u5c3a\u7801\u8868\uff08\u8fde\u4f53\u8863\uff09-\u82f1\u6587\u7248-2-430x374.jpg 430w, https:\/\/aiaomei.com\/wp-content\/uploads\/2026\/04\/\u5c3a\u7801\u8868\uff08\u8fde\u4f53\u8863\uff09-\u82f1\u6587\u7248-2-150x131.jpg 150w, https:\/\/aiaomei.com\/wp-content\/uploads\/2026\/04\/\u5c3a\u7801\u8868\uff08\u8fde\u4f53\u8863\uff09-\u82f1\u6587\u7248-2-700x609.jpg 700w, https:\/\/aiaomei.com\/wp-content\/uploads\/2026\/04\/\u5c3a\u7801\u8868\uff08\u8fde\u4f53\u8863\uff09-\u82f1\u6587\u7248-2-345x300.jpg 345w, https:\/\/aiaomei.com\/wp-content\/uploads\/2026\/04\/\u5c3a\u7801\u8868\uff08\u8fde\u4f53\u8863\uff09-\u82f1\u6587\u7248-2-920x800.jpg 920w, https:\/\/aiaomei.com\/wp-content\/uploads\/2026\/04\/\u5c3a\u7801\u8868\uff08\u8fde\u4f53\u8863\uff09-\u82f1\u6587\u7248-2-768x668.jpg 768w\" sizes=\"auto, (max-width: 1200px) 100vw, 1200px\" \/>\t\t\t\t\t\t\t\t\t\t\t\t\t\t\t<\/div>\n\t\t\t\t\t<\/div>\n\t\t\t\t<\/div>\n\t\t\t\t<\/div>\n\t\t","protected":false},"excerpt":{"rendered":"","protected":false},"featured_media":45749,"comment_status":"open","ping_status":"closed","template":"","meta":[],"product_brand":[],"product_cat":[1426,2144],"product_tag":[],"class_list":{"0":"post-43997","1":"product","2":"type-product","3":"status-publish","4":"has-post-thumbnail","6":"product_cat-combinaison","7":"product_cat-tous","9":"first","10":"instock","11":"shipping-taxable","12":"purchasable","13":"product-type-variable"},"_links":{"self":[{"href":"https:\/\/aiaomei.com\/fr\/wp-json\/wp\/v2\/product\/43997","targetHints":{"allow":["GET"]}}],"collection":[{"href":"https:\/\/aiaomei.com\/fr\/wp-json\/wp\/v2\/product"}],"about":[{"href":"https:\/\/aiaomei.com\/fr\/wp-json\/wp\/v2\/types\/product"}],"replies":[{"embeddable":true,"href":"https:\/\/aiaomei.com\/fr\/wp-json\/wp\/v2\/comments?post=43997"}],"version-history":[{"count":1,"href":"https:\/\/aiaomei.com\/fr\/wp-json\/wp\/v2\/product\/43997\/revisions"}],"predecessor-version":[{"id":44064,"href":"https:\/\/aiaomei.com\/fr\/wp-json\/wp\/v2\/product\/43997\/revisions\/44064"}],"wp:featuredmedia":[{"embeddable":true,"href":"https:\/\/aiaomei.com\/fr\/wp-json\/wp\/v2\/media\/45749"}],"wp:attachment":[{"href":"https:\/\/aiaomei.com\/fr\/wp-json\/wp\/v2\/media?parent=43997"}],"wp:term":[{"taxonomy":"product_brand","embeddable":true,"href":"https:\/\/aiaomei.com\/fr\/wp-json\/wp\/v2\/product_brand?post=43997"},{"taxonomy":"product_cat","embeddable":true,"href":"https:\/\/aiaomei.com\/fr\/wp-json\/wp\/v2\/product_cat?post=43997"},{"taxonomy":"product_tag","embeddable":true,"href":"https:\/\/aiaomei.com\/fr\/wp-json\/wp\/v2\/product_tag?post=43997"}],"curies":[{"name":"wp","href":"https:\/\/api.w.org\/{rel}","templated":true}]}}