{"id":42450,"date":"2026-04-02T07:39:27","date_gmt":"2026-04-02T07:39:27","guid":{"rendered":"https:\/\/aiaomei.com\/product\/short-de-yoga-moulant-brosse-europeen-et-americain-short-de-sport-de-course-a-pied-pour-femmes-taille-haute-pantalon-de-fitness-avec-contraction-du-ventre\/"},"modified":"2026-04-30T06:50:10","modified_gmt":"2026-04-30T06:50:10","slug":"short-de-yoga-moulant-brosse-europeen-et-americain-short-de-sport-de-course-a-pied-pour-femmes-taille-haute-pantalon-de-fitness-avec-contraction-du-ventre","status":"publish","type":"product","link":"https:\/\/aiaomei.com\/fr\/produit\/short-de-yoga-moulant-brosse-europeen-et-americain-short-de-sport-de-course-a-pied-pour-femmes-taille-haute-pantalon-de-fitness-avec-contraction-du-ventre\/","title":{"rendered":"Short de yoga moulant bross\u00e9 europ\u00e9en et am\u00e9ricain short de sport de course \u00e0 pied pour femmes taille haute pantalon de fitness avec contraction du ventre"},"content":{"rendered":"\t\t<div data-elementor-type=\"product-post\" data-elementor-id=\"42450\" class=\"elementor elementor-42450 elementor-29278\" data-elementor-post-type=\"product\">\n\t\t\t\t<div class=\"wd-negative-gap elementor-element elementor-element-5234b7ec e-flex e-con-boxed e-con e-parent\" data-id=\"5234b7ec\" data-element_type=\"container\" data-e-type=\"container\">\n\t\t\t\t\t<div class=\"e-con-inner\">\n\t\t\t\t<div class=\"elementor-element elementor-element-7837e9bc elementor-widget elementor-widget-image\" data-id=\"7837e9bc\" data-element_type=\"widget\" data-e-type=\"widget\" data-widget_type=\"image.default\">\n\t\t\t\t\t\t\t\t\t\t\t\t\t\t\t<img decoding=\"async\" src=\"https:\/\/aiaomei.com\/wp-content\/uploads\/elementor\/thumbs\/04\u591a\u9009\u914d\u8272-\u82f1\u6587\u7248-1-scaled-rlqpi9iiizfyvo4spxjo4j7n8zfukqjpcvuesr6m0w.jpg\" title=\"04\u591a\u9009\u914d\u8272-\u82f1\u6587\u7248\" alt=\"04\u591a\u9009\u914d\u8272-\u82f1\u6587\u7248\" loading=\"lazy\" \/>\t\t\t\t\t\t\t\t\t\t\t\t\t\t\t<\/div>\n\t\t\t\t<div class=\"elementor-element elementor-element-149095d5 elementor-widget elementor-widget-image\" data-id=\"149095d5\" data-element_type=\"widget\" data-e-type=\"widget\" data-widget_type=\"image.default\">\n\t\t\t\t\t\t\t\t\t\t\t\t\t\t\t<img decoding=\"async\" width=\"1120\" height=\"1536\" src=\"https:\/\/aiaomei.com\/wp-content\/uploads\/2026\/04\/02\u6a21\u7279\u4fe1\u606f-\u82f1\u6587\u7248-1-1120x1536.jpg\" class=\"attachment-1536x1536 size-1536x1536 wp-image-42477\" alt=\"\" loading=\"lazy\" srcset=\"https:\/\/aiaomei.com\/wp-content\/uploads\/2026\/04\/02\u6a21\u7279\u4fe1\u606f-\u82f1\u6587\u7248-1-1120x1536.jpg 1120w, https:\/\/aiaomei.com\/wp-content\/uploads\/2026\/04\/02\u6a21\u7279\u4fe1\u606f-\u82f1\u6587\u7248-1-430x590.jpg 430w, https:\/\/aiaomei.com\/wp-content\/uploads\/2026\/04\/02\u6a21\u7279\u4fe1\u606f-\u82f1\u6587\u7248-1-150x206.jpg 150w, https:\/\/aiaomei.com\/wp-content\/uploads\/2026\/04\/02\u6a21\u7279\u4fe1\u606f-\u82f1\u6587\u7248-1-700x960.jpg 700w, https:\/\/aiaomei.com\/wp-content\/uploads\/2026\/04\/02\u6a21\u7279\u4fe1\u606f-\u82f1\u6587\u7248-1-219x300.jpg 219w, https:\/\/aiaomei.com\/wp-content\/uploads\/2026\/04\/02\u6a21\u7279\u4fe1\u606f-\u82f1\u6587\u7248-1-583x800.jpg 583w, https:\/\/aiaomei.com\/wp-content\/uploads\/2026\/04\/02\u6a21\u7279\u4fe1\u606f-\u82f1\u6587\u7248-1-768x1053.jpg 768w, https:\/\/aiaomei.com\/wp-content\/uploads\/2026\/04\/02\u6a21\u7279\u4fe1\u606f-\u82f1\u6587\u7248-1-1493x2048.jpg 1493w, https:\/\/aiaomei.com\/wp-content\/uploads\/2026\/04\/02\u6a21\u7279\u4fe1\u606f-\u82f1\u6587\u7248-1.jpg 1500w\" sizes=\"auto, (max-width: 1120px) 100vw, 1120px\" \/>\t\t\t\t\t\t\t\t\t\t\t\t\t\t\t<\/div>\n\t\t\t\t\t<\/div>\n\t\t\t\t<\/div>\n\t\t<div class=\"wd-negative-gap elementor-element elementor-element-42c73407 e-flex e-con-boxed e-con e-parent\" data-id=\"42c73407\" data-element_type=\"container\" data-e-type=\"container\">\n\t\t\t\t\t<div class=\"e-con-inner\">\n\t\t\t\t<div class=\"elementor-element elementor-element-652160fc elementor-widget elementor-widget-image\" data-id=\"652160fc\" data-element_type=\"widget\" data-e-type=\"widget\" data-widget_type=\"image.default\">\n\t\t\t\t\t\t\t\t\t\t\t\t\t\t\t<img decoding=\"async\" width=\"1200\" height=\"1210\" src=\"https:\/\/aiaomei.com\/wp-content\/uploads\/2026\/04\/particulars_009-2.png\" class=\"attachment-1536x1536 size-1536x1536 wp-image-46863\" alt=\"\" loading=\"lazy\" srcset=\"https:\/\/aiaomei.com\/wp-content\/uploads\/2026\/04\/particulars_009-2.png 1200w, https:\/\/aiaomei.com\/wp-content\/uploads\/2026\/04\/particulars_009-2-298x300.png 298w, https:\/\/aiaomei.com\/wp-content\/uploads\/2026\/04\/particulars_009-2-793x800.png 793w, https:\/\/aiaomei.com\/wp-content\/uploads\/2026\/04\/particulars_009-2-150x151.png 150w, https:\/\/aiaomei.com\/wp-content\/uploads\/2026\/04\/particulars_009-2-768x774.png 768w, https:\/\/aiaomei.com\/wp-content\/uploads\/2026\/04\/particulars_009-2-430x434.png 430w, https:\/\/aiaomei.com\/wp-content\/uploads\/2026\/04\/particulars_009-2-700x706.png 700w\" sizes=\"auto, (max-width: 1200px) 100vw, 1200px\" \/>\t\t\t\t\t\t\t\t\t\t\t\t\t\t\t<\/div>\n\t\t\t\t<div class=\"elementor-element elementor-element-378795d elementor-widget elementor-widget-image\" data-id=\"378795d\" data-element_type=\"widget\" data-e-type=\"widget\" data-widget_type=\"image.default\">\n\t\t\t\t\t\t\t\t\t\t\t\t\t\t\t<img decoding=\"async\" width=\"1200\" height=\"1210\" src=\"https:\/\/aiaomei.com\/wp-content\/uploads\/2026\/04\/particulars_010-1.png\" class=\"attachment-1536x1536 size-1536x1536 wp-image-46864\" alt=\"\" loading=\"lazy\" srcset=\"https:\/\/aiaomei.com\/wp-content\/uploads\/2026\/04\/particulars_010-1.png 1200w, https:\/\/aiaomei.com\/wp-content\/uploads\/2026\/04\/particulars_010-1-298x300.png 298w, https:\/\/aiaomei.com\/wp-content\/uploads\/2026\/04\/particulars_010-1-793x800.png 793w, https:\/\/aiaomei.com\/wp-content\/uploads\/2026\/04\/particulars_010-1-150x151.png 150w, https:\/\/aiaomei.com\/wp-content\/uploads\/2026\/04\/particulars_010-1-768x774.png 768w, https:\/\/aiaomei.com\/wp-content\/uploads\/2026\/04\/particulars_010-1-430x434.png 430w, https:\/\/aiaomei.com\/wp-content\/uploads\/2026\/04\/particulars_010-1-700x706.png 700w\" sizes=\"auto, (max-width: 1200px) 100vw, 1200px\" \/>\t\t\t\t\t\t\t\t\t\t\t\t\t\t\t<\/div>\n\t\t\t\t<div class=\"elementor-element elementor-element-2c86ea3f elementor-widget elementor-widget-image\" data-id=\"2c86ea3f\" data-element_type=\"widget\" data-e-type=\"widget\" data-widget_type=\"image.default\">\n\t\t\t\t\t\t\t\t\t\t\t\t\t\t\t<img decoding=\"async\" width=\"1200\" height=\"1210\" src=\"https:\/\/aiaomei.com\/wp-content\/uploads\/2026\/04\/particulars_011.png\" class=\"attachment-1536x1536 size-1536x1536 wp-image-46865\" alt=\"\" loading=\"lazy\" srcset=\"https:\/\/aiaomei.com\/wp-content\/uploads\/2026\/04\/particulars_011.png 1200w, https:\/\/aiaomei.com\/wp-content\/uploads\/2026\/04\/particulars_011-298x300.png 298w, https:\/\/aiaomei.com\/wp-content\/uploads\/2026\/04\/particulars_011-793x800.png 793w, https:\/\/aiaomei.com\/wp-content\/uploads\/2026\/04\/particulars_011-150x151.png 150w, https:\/\/aiaomei.com\/wp-content\/uploads\/2026\/04\/particulars_011-768x774.png 768w, https:\/\/aiaomei.com\/wp-content\/uploads\/2026\/04\/particulars_011-430x434.png 430w, https:\/\/aiaomei.com\/wp-content\/uploads\/2026\/04\/particulars_011-700x706.png 700w\" sizes=\"auto, (max-width: 1200px) 100vw, 1200px\" \/>\t\t\t\t\t\t\t\t\t\t\t\t\t\t\t<\/div>\n\t\t\t\t<div class=\"elementor-element elementor-element-216742fa elementor-widget elementor-widget-image\" data-id=\"216742fa\" data-element_type=\"widget\" data-e-type=\"widget\" data-widget_type=\"image.default\">\n\t\t\t\t\t\t\t\t\t\t\t\t\t\t\t<img decoding=\"async\" width=\"1200\" height=\"992\" src=\"https:\/\/aiaomei.com\/wp-content\/uploads\/2026\/04\/2223992.jpg\" class=\"attachment-1536x1536 size-1536x1536 wp-image-46859\" alt=\"\" loading=\"lazy\" srcset=\"https:\/\/aiaomei.com\/wp-content\/uploads\/2026\/04\/2223992.jpg 1200w, https:\/\/aiaomei.com\/wp-content\/uploads\/2026\/04\/2223992-363x300.jpg 363w, https:\/\/aiaomei.com\/wp-content\/uploads\/2026\/04\/2223992-968x800.jpg 968w, https:\/\/aiaomei.com\/wp-content\/uploads\/2026\/04\/2223992-768x635.jpg 768w, https:\/\/aiaomei.com\/wp-content\/uploads\/2026\/04\/2223992-430x355.jpg 430w, https:\/\/aiaomei.com\/wp-content\/uploads\/2026\/04\/2223992-700x579.jpg 700w, https:\/\/aiaomei.com\/wp-content\/uploads\/2026\/04\/2223992-150x124.jpg 150w\" sizes=\"auto, (max-width: 1200px) 100vw, 1200px\" \/>\t\t\t\t\t\t\t\t\t\t\t\t\t\t\t<\/div>\n\t\t\t\t<div class=\"elementor-element elementor-element-3fe2f040 elementor-widget elementor-widget-image\" data-id=\"3fe2f040\" data-element_type=\"widget\" data-e-type=\"widget\" data-widget_type=\"image.default\">\n\t\t\t\t\t\t\t\t\t\t\t\t\t\t\t<img decoding=\"async\" width=\"1200\" height=\"684\" src=\"https:\/\/aiaomei.com\/wp-content\/uploads\/2026\/04\/2223991.jpg\" class=\"attachment-1536x1536 size-1536x1536 wp-image-46858\" alt=\"\" loading=\"lazy\" srcset=\"https:\/\/aiaomei.com\/wp-content\/uploads\/2026\/04\/2223991.jpg 1200w, https:\/\/aiaomei.com\/wp-content\/uploads\/2026\/04\/2223991-400x228.jpg 400w, https:\/\/aiaomei.com\/wp-content\/uploads\/2026\/04\/2223991-768x438.jpg 768w, https:\/\/aiaomei.com\/wp-content\/uploads\/2026\/04\/2223991-430x245.jpg 430w, https:\/\/aiaomei.com\/wp-content\/uploads\/2026\/04\/2223991-700x399.jpg 700w, https:\/\/aiaomei.com\/wp-content\/uploads\/2026\/04\/2223991-150x86.jpg 150w\" sizes=\"auto, (max-width: 1200px) 100vw, 1200px\" \/>\t\t\t\t\t\t\t\t\t\t\t\t\t\t\t<\/div>\n\t\t<div class=\"elementor-element elementor-element-63f2dde2 e-con-full e-flex e-con e-child\" data-id=\"63f2dde2\" data-element_type=\"container\" data-e-type=\"container\">\n\t\t\t\t<div class=\"elementor-element elementor-element-4c7b34a5 elementor-widget elementor-widget-image\" data-id=\"4c7b34a5\" data-element_type=\"widget\" data-e-type=\"widget\" data-widget_type=\"image.default\">\n\t\t\t\t\t\t\t\t\t\t\t\t\t\t\t<img decoding=\"async\" width=\"1200\" height=\"160\" src=\"https:\/\/aiaomei.com\/wp-content\/uploads\/2026\/04\/\u901a\u7528\u7ec6\u8282\u5c55\u793a.jpg\" class=\"attachment-1536x1536 size-1536x1536 wp-image-46350\" alt=\"\" loading=\"lazy\" srcset=\"https:\/\/aiaomei.com\/wp-content\/uploads\/2026\/04\/\u901a\u7528\u7ec6\u8282\u5c55\u793a.jpg 1200w, https:\/\/aiaomei.com\/wp-content\/uploads\/2026\/04\/\u901a\u7528\u7ec6\u8282\u5c55\u793a-400x53.jpg 400w, https:\/\/aiaomei.com\/wp-content\/uploads\/2026\/04\/\u901a\u7528\u7ec6\u8282\u5c55\u793a-768x102.jpg 768w, https:\/\/aiaomei.com\/wp-content\/uploads\/2026\/04\/\u901a\u7528\u7ec6\u8282\u5c55\u793a-430x57.jpg 430w, https:\/\/aiaomei.com\/wp-content\/uploads\/2026\/04\/\u901a\u7528\u7ec6\u8282\u5c55\u793a-700x93.jpg 700w, https:\/\/aiaomei.com\/wp-content\/uploads\/2026\/04\/\u901a\u7528\u7ec6\u8282\u5c55\u793a-150x20.jpg 150w\" sizes=\"auto, (max-width: 1200px) 100vw, 1200px\" \/>\t\t\t\t\t\t\t\t\t\t\t\t\t\t\t<\/div>\n\t\t\t\t<div class=\"elementor-element elementor-element-77ccb9b7 wd-width-100 elementor-widget elementor-widget-wd_images_gallery\" data-id=\"77ccb9b7\" data-element_type=\"widget\" data-e-type=\"widget\" data-widget_type=\"wd_images_gallery.default\">\n\t\t\t\t<div class=\"elementor-widget-container\">\n\t\t\t\t\t\t\t<div class=\"wd-images-gallery photoswipe-images\" style=\"--wd-align-items:center; --wd-justify-content:center;\">\n\t\t\t\t\t\t<div class=\"wd-grid-g\" style=\"--wd-col-lg:2;--wd-col-md:2;--wd-col-sm:2;--wd-gap-lg:0px;\" >\n\t\t\t\t\t\t\t\t\t\t\t\t\t\t\t\t\t\t<div class=\"wd-gallery-item wd-col\">\n\t\t\t\t\t\t\t\t\t\t\t\t\t<a  href=\"https:\/\/aiaomei.com\/wp-content\/uploads\/2026\/04\/particulars_156.jpeg\" data-width=\"1200\" data-height=\"800\" data-index=\"1\" data-elementor-open-lightbox=\"no\">\n\t\t\t\t\t\t\n\t\t\t\t\t\t<img loading=\"lazy\" decoding=\"async\" width=\"1200\" height=\"800\" src=\"https:\/\/aiaomei.com\/wp-content\/uploads\/2026\/04\/particulars_156.jpeg\" class=\"attachment-full size-full\" alt=\"\u8be6\u60c5_156\" srcset=\"https:\/\/aiaomei.com\/wp-content\/uploads\/2026\/04\/particulars_156.jpeg 1200w, https:\/\/aiaomei.com\/wp-content\/uploads\/2026\/04\/particulars_156-400x267.jpeg 400w, https:\/\/aiaomei.com\/wp-content\/uploads\/2026\/04\/particulars_156-768x512.jpeg 768w, https:\/\/aiaomei.com\/wp-content\/uploads\/2026\/04\/particulars_156-430x287.jpeg 430w, https:\/\/aiaomei.com\/wp-content\/uploads\/2026\/04\/particulars_156-700x467.jpeg 700w, https:\/\/aiaomei.com\/wp-content\/uploads\/2026\/04\/particulars_156-150x100.jpeg 150w\" sizes=\"auto, (max-width: 1200px) 100vw, 1200px\" \/>\n\t\t\t\t\t\t\t\t\t\t\t\t\t<\/a>\n\t\t\t\t\t\t\t\t\t\t\t<\/div>\n\t\t\t\t\t\t\t\t\t\t\t\t\t\t\t<div class=\"wd-gallery-item wd-col\">\n\t\t\t\t\t\t\t\t\t\t\t\t\t<a  href=\"https:\/\/aiaomei.com\/wp-content\/uploads\/2026\/04\/particulars_155.jpeg\" data-width=\"1200\" data-height=\"800\" data-index=\"2\" data-elementor-open-lightbox=\"no\">\n\t\t\t\t\t\t\n\t\t\t\t\t\t<img loading=\"lazy\" decoding=\"async\" width=\"1200\" height=\"800\" src=\"https:\/\/aiaomei.com\/wp-content\/uploads\/2026\/04\/particulars_155.jpeg\" class=\"attachment-full size-full\" alt=\"\u8be6\u60c5_155\" srcset=\"https:\/\/aiaomei.com\/wp-content\/uploads\/2026\/04\/particulars_155.jpeg 1200w, https:\/\/aiaomei.com\/wp-content\/uploads\/2026\/04\/particulars_155-400x267.jpeg 400w, https:\/\/aiaomei.com\/wp-content\/uploads\/2026\/04\/particulars_155-768x512.jpeg 768w, https:\/\/aiaomei.com\/wp-content\/uploads\/2026\/04\/particulars_155-430x287.jpeg 430w, https:\/\/aiaomei.com\/wp-content\/uploads\/2026\/04\/particulars_155-700x467.jpeg 700w, https:\/\/aiaomei.com\/wp-content\/uploads\/2026\/04\/particulars_155-150x100.jpeg 150w\" sizes=\"auto, (max-width: 1200px) 100vw, 1200px\" \/>\n\t\t\t\t\t\t\t\t\t\t\t\t\t<\/a>\n\t\t\t\t\t\t\t\t\t\t\t<\/div>\n\t\t\t\t\t\t\t\t\t\t\t\t\t\t\t<div class=\"wd-gallery-item wd-col\">\n\t\t\t\t\t\t\t\t\t\t\t\t\t<a  href=\"https:\/\/aiaomei.com\/wp-content\/uploads\/2026\/04\/particulars_154.jpeg\" data-width=\"1200\" data-height=\"800\" data-index=\"3\" data-elementor-open-lightbox=\"no\">\n\t\t\t\t\t\t\n\t\t\t\t\t\t<img loading=\"lazy\" decoding=\"async\" width=\"1200\" height=\"800\" src=\"https:\/\/aiaomei.com\/wp-content\/uploads\/2026\/04\/particulars_154.jpeg\" class=\"attachment-full size-full\" alt=\"\u8be6\u60c5_154\" srcset=\"https:\/\/aiaomei.com\/wp-content\/uploads\/2026\/04\/particulars_154.jpeg 1200w, https:\/\/aiaomei.com\/wp-content\/uploads\/2026\/04\/particulars_154-400x267.jpeg 400w, https:\/\/aiaomei.com\/wp-content\/uploads\/2026\/04\/particulars_154-768x512.jpeg 768w, https:\/\/aiaomei.com\/wp-content\/uploads\/2026\/04\/particulars_154-430x287.jpeg 430w, https:\/\/aiaomei.com\/wp-content\/uploads\/2026\/04\/particulars_154-700x467.jpeg 700w, https:\/\/aiaomei.com\/wp-content\/uploads\/2026\/04\/particulars_154-150x100.jpeg 150w\" sizes=\"auto, (max-width: 1200px) 100vw, 1200px\" \/>\n\t\t\t\t\t\t\t\t\t\t\t\t\t<\/a>\n\t\t\t\t\t\t\t\t\t\t\t<\/div>\n\t\t\t\t\t\t\t\t\t\t\t\t\t\t\t<div class=\"wd-gallery-item wd-col\">\n\t\t\t\t\t\t\t\t\t\t\t\t\t<a  href=\"https:\/\/aiaomei.com\/wp-content\/uploads\/2026\/04\/particulars_153.jpeg\" data-width=\"1200\" data-height=\"800\" data-index=\"4\" data-elementor-open-lightbox=\"no\">\n\t\t\t\t\t\t\n\t\t\t\t\t\t<img loading=\"lazy\" decoding=\"async\" width=\"1200\" height=\"800\" src=\"https:\/\/aiaomei.com\/wp-content\/uploads\/2026\/04\/particulars_153.jpeg\" class=\"attachment-full size-full\" alt=\"\u8be6\u60c5_153\" srcset=\"https:\/\/aiaomei.com\/wp-content\/uploads\/2026\/04\/particulars_153.jpeg 1200w, https:\/\/aiaomei.com\/wp-content\/uploads\/2026\/04\/particulars_153-400x267.jpeg 400w, https:\/\/aiaomei.com\/wp-content\/uploads\/2026\/04\/particulars_153-768x512.jpeg 768w, https:\/\/aiaomei.com\/wp-content\/uploads\/2026\/04\/particulars_153-430x287.jpeg 430w, https:\/\/aiaomei.com\/wp-content\/uploads\/2026\/04\/particulars_153-700x467.jpeg 700w, https:\/\/aiaomei.com\/wp-content\/uploads\/2026\/04\/particulars_153-150x100.jpeg 150w\" sizes=\"auto, (max-width: 1200px) 100vw, 1200px\" \/>\n\t\t\t\t\t\t\t\t\t\t\t\t\t<\/a>\n\t\t\t\t\t\t\t\t\t\t\t<\/div>\n\t\t\t\t\t\t\t\t\t\t\t\t\t\t\t<div class=\"wd-gallery-item wd-col\">\n\t\t\t\t\t\t\t\t\t\t\t\t\t<a  href=\"https:\/\/aiaomei.com\/wp-content\/uploads\/2026\/04\/particulars_152.jpeg\" data-width=\"1200\" data-height=\"800\" data-index=\"5\" data-elementor-open-lightbox=\"no\">\n\t\t\t\t\t\t\n\t\t\t\t\t\t<img loading=\"lazy\" decoding=\"async\" width=\"1200\" height=\"800\" src=\"https:\/\/aiaomei.com\/wp-content\/uploads\/2026\/04\/particulars_152.jpeg\" class=\"attachment-full size-full\" alt=\"\u8be6\u60c5_152\" srcset=\"https:\/\/aiaomei.com\/wp-content\/uploads\/2026\/04\/particulars_152.jpeg 1200w, https:\/\/aiaomei.com\/wp-content\/uploads\/2026\/04\/particulars_152-400x267.jpeg 400w, https:\/\/aiaomei.com\/wp-content\/uploads\/2026\/04\/particulars_152-768x512.jpeg 768w, https:\/\/aiaomei.com\/wp-content\/uploads\/2026\/04\/particulars_152-430x287.jpeg 430w, https:\/\/aiaomei.com\/wp-content\/uploads\/2026\/04\/particulars_152-700x467.jpeg 700w, https:\/\/aiaomei.com\/wp-content\/uploads\/2026\/04\/particulars_152-150x100.jpeg 150w\" sizes=\"auto, (max-width: 1200px) 100vw, 1200px\" \/>\n\t\t\t\t\t\t\t\t\t\t\t\t\t<\/a>\n\t\t\t\t\t\t\t\t\t\t\t<\/div>\n\t\t\t\t\t\t\t\t\t\t\t\t\t\t\t<div class=\"wd-gallery-item wd-col\">\n\t\t\t\t\t\t\t\t\t\t\t\t\t<a  href=\"https:\/\/aiaomei.com\/wp-content\/uploads\/2026\/04\/particulars_151.jpeg\" data-width=\"1200\" data-height=\"800\" data-index=\"6\" data-elementor-open-lightbox=\"no\">\n\t\t\t\t\t\t\n\t\t\t\t\t\t<img loading=\"lazy\" decoding=\"async\" width=\"1200\" height=\"800\" src=\"https:\/\/aiaomei.com\/wp-content\/uploads\/2026\/04\/particulars_151.jpeg\" class=\"attachment-full size-full\" alt=\"\u8be6\u60c5_151\" srcset=\"https:\/\/aiaomei.com\/wp-content\/uploads\/2026\/04\/particulars_151.jpeg 1200w, https:\/\/aiaomei.com\/wp-content\/uploads\/2026\/04\/particulars_151-400x267.jpeg 400w, https:\/\/aiaomei.com\/wp-content\/uploads\/2026\/04\/particulars_151-768x512.jpeg 768w, https:\/\/aiaomei.com\/wp-content\/uploads\/2026\/04\/particulars_151-430x287.jpeg 430w, https:\/\/aiaomei.com\/wp-content\/uploads\/2026\/04\/particulars_151-700x467.jpeg 700w, https:\/\/aiaomei.com\/wp-content\/uploads\/2026\/04\/particulars_151-150x100.jpeg 150w\" sizes=\"auto, (max-width: 1200px) 100vw, 1200px\" \/>\n\t\t\t\t\t\t\t\t\t\t\t\t\t<\/a>\n\t\t\t\t\t\t\t\t\t\t\t<\/div>\n\t\t\t\t\t\t\t\t\t\t\t\t\t\t\t<div class=\"wd-gallery-item wd-col\">\n\t\t\t\t\t\t\t\t\t\t\t\t\t<a  href=\"https:\/\/aiaomei.com\/wp-content\/uploads\/2026\/04\/particulars_150.jpeg\" data-width=\"1200\" data-height=\"800\" data-index=\"7\" data-elementor-open-lightbox=\"no\">\n\t\t\t\t\t\t\n\t\t\t\t\t\t<img loading=\"lazy\" decoding=\"async\" width=\"1200\" height=\"800\" src=\"https:\/\/aiaomei.com\/wp-content\/uploads\/2026\/04\/particulars_150.jpeg\" class=\"attachment-full size-full\" alt=\"\u8be6\u60c5_150\" srcset=\"https:\/\/aiaomei.com\/wp-content\/uploads\/2026\/04\/particulars_150.jpeg 1200w, https:\/\/aiaomei.com\/wp-content\/uploads\/2026\/04\/particulars_150-400x267.jpeg 400w, https:\/\/aiaomei.com\/wp-content\/uploads\/2026\/04\/particulars_150-768x512.jpeg 768w, https:\/\/aiaomei.com\/wp-content\/uploads\/2026\/04\/particulars_150-430x287.jpeg 430w, https:\/\/aiaomei.com\/wp-content\/uploads\/2026\/04\/particulars_150-700x467.jpeg 700w, https:\/\/aiaomei.com\/wp-content\/uploads\/2026\/04\/particulars_150-150x100.jpeg 150w\" sizes=\"auto, (max-width: 1200px) 100vw, 1200px\" \/>\n\t\t\t\t\t\t\t\t\t\t\t\t\t<\/a>\n\t\t\t\t\t\t\t\t\t\t\t<\/div>\n\t\t\t\t\t\t\t\t\t\t\t\t\t\t\t<div class=\"wd-gallery-item wd-col\">\n\t\t\t\t\t\t\t\t\t\t\t\t\t<a  href=\"https:\/\/aiaomei.com\/wp-content\/uploads\/2026\/04\/particulars_149.jpeg\" data-width=\"1200\" data-height=\"800\" data-index=\"8\" data-elementor-open-lightbox=\"no\">\n\t\t\t\t\t\t\n\t\t\t\t\t\t<img loading=\"lazy\" decoding=\"async\" width=\"1200\" height=\"800\" src=\"https:\/\/aiaomei.com\/wp-content\/uploads\/2026\/04\/particulars_149.jpeg\" class=\"attachment-full size-full\" alt=\"\u8be6\u60c5_149\" srcset=\"https:\/\/aiaomei.com\/wp-content\/uploads\/2026\/04\/particulars_149.jpeg 1200w, https:\/\/aiaomei.com\/wp-content\/uploads\/2026\/04\/particulars_149-400x267.jpeg 400w, https:\/\/aiaomei.com\/wp-content\/uploads\/2026\/04\/particulars_149-768x512.jpeg 768w, https:\/\/aiaomei.com\/wp-content\/uploads\/2026\/04\/particulars_149-430x287.jpeg 430w, https:\/\/aiaomei.com\/wp-content\/uploads\/2026\/04\/particulars_149-700x467.jpeg 700w, https:\/\/aiaomei.com\/wp-content\/uploads\/2026\/04\/particulars_149-150x100.jpeg 150w\" sizes=\"auto, (max-width: 1200px) 100vw, 1200px\" \/>\n\t\t\t\t\t\t\t\t\t\t\t\t\t<\/a>\n\t\t\t\t\t\t\t\t\t\t\t<\/div>\n\t\t\t\t\t\t\t\t\t\t\t\t\t<\/div>\n\t\t\t\t\t<\/div>\n\t\t\t\t\t\t<\/div>\n\t\t\t\t<\/div>\n\t\t\t\t<\/div>\n\t\t\t\t\t<\/div>\n\t\t\t\t<\/div>\n\t\t\t\t<\/div>\n\t\t","protected":false},"excerpt":{"rendered":"","protected":false},"featured_media":45763,"comment_status":"open","ping_status":"closed","template":"","meta":[],"product_brand":[],"product_cat":[1688,2144],"product_tag":[],"class_list":{"0":"post-42450","1":"product","2":"type-product","3":"status-publish","4":"has-post-thumbnail","6":"product_cat-short","7":"product_cat-tous","9":"first","10":"instock","11":"shipping-taxable","12":"purchasable","13":"product-type-variable"},"_links":{"self":[{"href":"https:\/\/aiaomei.com\/fr\/wp-json\/wp\/v2\/product\/42450","targetHints":{"allow":["GET"]}}],"collection":[{"href":"https:\/\/aiaomei.com\/fr\/wp-json\/wp\/v2\/product"}],"about":[{"href":"https:\/\/aiaomei.com\/fr\/wp-json\/wp\/v2\/types\/product"}],"replies":[{"embeddable":true,"href":"https:\/\/aiaomei.com\/fr\/wp-json\/wp\/v2\/comments?post=42450"}],"version-history":[{"count":2,"href":"https:\/\/aiaomei.com\/fr\/wp-json\/wp\/v2\/product\/42450\/revisions"}],"predecessor-version":[{"id":46867,"href":"https:\/\/aiaomei.com\/fr\/wp-json\/wp\/v2\/product\/42450\/revisions\/46867"}],"wp:featuredmedia":[{"embeddable":true,"href":"https:\/\/aiaomei.com\/fr\/wp-json\/wp\/v2\/media\/45763"}],"wp:attachment":[{"href":"https:\/\/aiaomei.com\/fr\/wp-json\/wp\/v2\/media?parent=42450"}],"wp:term":[{"taxonomy":"product_brand","embeddable":true,"href":"https:\/\/aiaomei.com\/fr\/wp-json\/wp\/v2\/product_brand?post=42450"},{"taxonomy":"product_cat","embeddable":true,"href":"https:\/\/aiaomei.com\/fr\/wp-json\/wp\/v2\/product_cat?post=42450"},{"taxonomy":"product_tag","embeddable":true,"href":"https:\/\/aiaomei.com\/fr\/wp-json\/wp\/v2\/product_tag?post=42450"}],"curies":[{"name":"wp","href":"https:\/\/api.w.org\/{rel}","templated":true}]}}