{"id":41622,"date":"2026-04-21T06:09:04","date_gmt":"2026-04-21T06:09:04","guid":{"rendered":"https:\/\/aiaomei.com\/product\/veste-de-yoga-zippee-pour-le-sport-de-course-a-pied-en-exterieur-veste-de-fitness-a-manches-longues-pour-femmes-vetements-de-yoga-a-sechage-rapide\/"},"modified":"2026-04-30T03:13:16","modified_gmt":"2026-04-30T03:13:16","slug":"veste-de-yoga-zippee-pour-le-sport-de-course-a-pied-en-exterieur-veste-de-fitness-a-manches-longues-pour-femmes-vetements-de-yoga-a-sechage-rapide","status":"publish","type":"product","link":"https:\/\/aiaomei.com\/fr\/produit\/veste-de-yoga-zippee-pour-le-sport-de-course-a-pied-en-exterieur-veste-de-fitness-a-manches-longues-pour-femmes-vetements-de-yoga-a-sechage-rapide\/","title":{"rendered":"Veste de yoga zipp\u00e9e pour le sport de course \u00e0 pied en ext\u00e9rieur, veste de fitness \u00e0 manches longues pour femmes, v\u00eatements de yoga \u00e0 s\u00e9chage rapide"},"content":{"rendered":"\t\t<div data-elementor-type=\"product-post\" data-elementor-id=\"41622\" class=\"elementor elementor-41622 elementor-32528\" data-elementor-post-type=\"product\">\n\t\t\t\t<div class=\"wd-negative-gap elementor-element elementor-element-2047686e e-flex e-con-boxed e-con e-parent\" data-id=\"2047686e\" data-element_type=\"container\" data-e-type=\"container\">\n\t\t\t\t\t<div class=\"e-con-inner\">\n\t\t\t\t<div class=\"elementor-element elementor-element-7c426c6d elementor-widget elementor-widget-image\" data-id=\"7c426c6d\" data-element_type=\"widget\" data-e-type=\"widget\" data-widget_type=\"image.default\">\n\t\t\t\t\t\t\t\t\t\t\t\t\t\t\t<img decoding=\"async\" src=\"https:\/\/aiaomei.com\/wp-content\/uploads\/elementor\/thumbs\/04\u591a\u9009\u914d\u8272-\u82f1\u6587\u7248-37-rltx4o9itlgl7jbw04aedlzn6286tr1bo5ndtm9v5s.jpg\" title=\"04\u591a\u9009\u914d\u8272-\u82f1\u6587\u7248\" alt=\"04\u591a\u9009\u914d\u8272-\u82f1\u6587\u7248\" loading=\"lazy\" \/>\t\t\t\t\t\t\t\t\t\t\t\t\t\t\t<\/div>\n\t\t\t\t<div class=\"elementor-element elementor-element-79db62bf elementor-widget elementor-widget-image\" data-id=\"79db62bf\" data-element_type=\"widget\" data-e-type=\"widget\" data-widget_type=\"image.default\">\n\t\t\t\t\t\t\t\t\t\t\t\t\t\t\t<img decoding=\"async\" width=\"1120\" height=\"1536\" src=\"https:\/\/aiaomei.com\/wp-content\/uploads\/2026\/04\/02\u6a21\u7279\u4fe1\u606f-\u82f1\u6587\u7248-37-1120x1536.jpg\" class=\"attachment-1536x1536 size-1536x1536 wp-image-41623\" alt=\"\" loading=\"lazy\" srcset=\"https:\/\/aiaomei.com\/wp-content\/uploads\/2026\/04\/02\u6a21\u7279\u4fe1\u606f-\u82f1\u6587\u7248-37-1120x1536.jpg 1120w, https:\/\/aiaomei.com\/wp-content\/uploads\/2026\/04\/02\u6a21\u7279\u4fe1\u606f-\u82f1\u6587\u7248-37-430x590.jpg 430w, https:\/\/aiaomei.com\/wp-content\/uploads\/2026\/04\/02\u6a21\u7279\u4fe1\u606f-\u82f1\u6587\u7248-37-150x206.jpg 150w, https:\/\/aiaomei.com\/wp-content\/uploads\/2026\/04\/02\u6a21\u7279\u4fe1\u606f-\u82f1\u6587\u7248-37-700x960.jpg 700w, https:\/\/aiaomei.com\/wp-content\/uploads\/2026\/04\/02\u6a21\u7279\u4fe1\u606f-\u82f1\u6587\u7248-37-219x300.jpg 219w, https:\/\/aiaomei.com\/wp-content\/uploads\/2026\/04\/02\u6a21\u7279\u4fe1\u606f-\u82f1\u6587\u7248-37-583x800.jpg 583w, https:\/\/aiaomei.com\/wp-content\/uploads\/2026\/04\/02\u6a21\u7279\u4fe1\u606f-\u82f1\u6587\u7248-37-768x1053.jpg 768w, https:\/\/aiaomei.com\/wp-content\/uploads\/2026\/04\/02\u6a21\u7279\u4fe1\u606f-\u82f1\u6587\u7248-37.jpg 1200w\" sizes=\"auto, (max-width: 1120px) 100vw, 1120px\" \/>\t\t\t\t\t\t\t\t\t\t\t\t\t\t\t<\/div>\n\t\t\t\t\t<\/div>\n\t\t\t\t<\/div>\n\t\t<div class=\"wd-negative-gap elementor-element elementor-element-63b24ca9 e-flex e-con-boxed e-con e-parent\" data-id=\"63b24ca9\" data-element_type=\"container\" data-e-type=\"container\">\n\t\t\t\t\t<div class=\"e-con-inner\">\n\t\t\t\t<div class=\"elementor-element elementor-element-128048a5 elementor-widget elementor-widget-image\" data-id=\"128048a5\" data-element_type=\"widget\" data-e-type=\"widget\" data-widget_type=\"image.default\">\n\t\t\t\t\t\t\t\t\t\t\t\t\t\t\t<img decoding=\"async\" width=\"1200\" height=\"887\" src=\"https:\/\/aiaomei.com\/wp-content\/uploads\/2026\/04\/\u5c3a\u7801\u8868\uff08\u6709\u8896\u4e0a\u8863\uff09-\u82f1\u6587\u7248-2.jpg\" class=\"attachment-1536x1536 size-1536x1536 wp-image-41625\" alt=\"\" loading=\"lazy\" srcset=\"https:\/\/aiaomei.com\/wp-content\/uploads\/2026\/04\/\u5c3a\u7801\u8868\uff08\u6709\u8896\u4e0a\u8863\uff09-\u82f1\u6587\u7248-2.jpg 1200w, https:\/\/aiaomei.com\/wp-content\/uploads\/2026\/04\/\u5c3a\u7801\u8868\uff08\u6709\u8896\u4e0a\u8863\uff09-\u82f1\u6587\u7248-2-430x318.jpg 430w, https:\/\/aiaomei.com\/wp-content\/uploads\/2026\/04\/\u5c3a\u7801\u8868\uff08\u6709\u8896\u4e0a\u8863\uff09-\u82f1\u6587\u7248-2-150x111.jpg 150w, https:\/\/aiaomei.com\/wp-content\/uploads\/2026\/04\/\u5c3a\u7801\u8868\uff08\u6709\u8896\u4e0a\u8863\uff09-\u82f1\u6587\u7248-2-700x517.jpg 700w, https:\/\/aiaomei.com\/wp-content\/uploads\/2026\/04\/\u5c3a\u7801\u8868\uff08\u6709\u8896\u4e0a\u8863\uff09-\u82f1\u6587\u7248-2-400x296.jpg 400w, https:\/\/aiaomei.com\/wp-content\/uploads\/2026\/04\/\u5c3a\u7801\u8868\uff08\u6709\u8896\u4e0a\u8863\uff09-\u82f1\u6587\u7248-2-1082x800.jpg 1082w, https:\/\/aiaomei.com\/wp-content\/uploads\/2026\/04\/\u5c3a\u7801\u8868\uff08\u6709\u8896\u4e0a\u8863\uff09-\u82f1\u6587\u7248-2-768x568.jpg 768w\" sizes=\"auto, (max-width: 1200px) 100vw, 1200px\" \/>\t\t\t\t\t\t\t\t\t\t\t\t\t\t\t<\/div>\n\t\t\t\t\t<\/div>\n\t\t\t\t<\/div>\n\t\t\t\t<\/div>\n\t\t","protected":false},"excerpt":{"rendered":"","protected":false},"featured_media":45670,"comment_status":"open","ping_status":"closed","template":"","meta":[],"product_brand":[54],"product_cat":[1489,2144],"product_tag":[],"class_list":{"0":"post-41622","1":"product","2":"type-product","3":"status-publish","4":"has-post-thumbnail","6":"product_brand-aiaomei","7":"product_cat-manches-longues","8":"product_cat-tous","10":"first","11":"instock","12":"shipping-taxable","13":"purchasable","14":"product-type-variable"},"_links":{"self":[{"href":"https:\/\/aiaomei.com\/fr\/wp-json\/wp\/v2\/product\/41622","targetHints":{"allow":["GET"]}}],"collection":[{"href":"https:\/\/aiaomei.com\/fr\/wp-json\/wp\/v2\/product"}],"about":[{"href":"https:\/\/aiaomei.com\/fr\/wp-json\/wp\/v2\/types\/product"}],"replies":[{"embeddable":true,"href":"https:\/\/aiaomei.com\/fr\/wp-json\/wp\/v2\/comments?post=41622"}],"version-history":[{"count":1,"href":"https:\/\/aiaomei.com\/fr\/wp-json\/wp\/v2\/product\/41622\/revisions"}],"predecessor-version":[{"id":41694,"href":"https:\/\/aiaomei.com\/fr\/wp-json\/wp\/v2\/product\/41622\/revisions\/41694"}],"wp:featuredmedia":[{"embeddable":true,"href":"https:\/\/aiaomei.com\/fr\/wp-json\/wp\/v2\/media\/45670"}],"wp:attachment":[{"href":"https:\/\/aiaomei.com\/fr\/wp-json\/wp\/v2\/media?parent=41622"}],"wp:term":[{"taxonomy":"product_brand","embeddable":true,"href":"https:\/\/aiaomei.com\/fr\/wp-json\/wp\/v2\/product_brand?post=41622"},{"taxonomy":"product_cat","embeddable":true,"href":"https:\/\/aiaomei.com\/fr\/wp-json\/wp\/v2\/product_cat?post=41622"},{"taxonomy":"product_tag","embeddable":true,"href":"https:\/\/aiaomei.com\/fr\/wp-json\/wp\/v2\/product_tag?post=41622"}],"curies":[{"name":"wp","href":"https:\/\/api.w.org\/{rel}","templated":true}]}}