{"id":41107,"date":"2026-04-21T06:09:04","date_gmt":"2026-04-21T06:09:04","guid":{"rendered":"https:\/\/aiaomei.com\/product\/frontieres-europeenne-et-americaine-pantalon-de-yoga-nu-pantalon-moulant-a-taille-haute-de-couleur-contrastee-vetements-de-sport-de-course-a-pied-et-de-fitness-pour-femmes\/"},"modified":"2026-04-30T08:28:57","modified_gmt":"2026-04-30T08:28:57","slug":"frontieres-europeenne-et-americaine-pantalon-de-yoga-nu-pantalon-moulant-a-taille-haute-de-couleur-contrastee-vetements-de-sport-de-course-a-pied-et-de-fitness-pour-femmes","status":"publish","type":"product","link":"https:\/\/aiaomei.com\/fr\/produit\/frontieres-europeenne-et-americaine-pantalon-de-yoga-nu-pantalon-moulant-a-taille-haute-de-couleur-contrastee-vetements-de-sport-de-course-a-pied-et-de-fitness-pour-femmes\/","title":{"rendered":"Fronti\u00e8res europ\u00e9enne et am\u00e9ricaine Pantalon de yoga nu Pantalon moulant \u00e0 taille haute de couleur contrast\u00e9e V\u00eatements de sport, de course \u00e0 pied et de fitness pour femmes"},"content":{"rendered":"\t\t<div data-elementor-type=\"product-post\" data-elementor-id=\"41107\" class=\"elementor elementor-41107 elementor-32354\" data-elementor-post-type=\"product\">\n\t\t\t\t<div class=\"wd-negative-gap elementor-element elementor-element-66afe53c e-flex e-con-boxed e-con e-parent\" data-id=\"66afe53c\" data-element_type=\"container\" data-e-type=\"container\">\n\t\t\t\t\t<div class=\"e-con-inner\">\n\t\t\t\t<div class=\"elementor-element elementor-element-4cc9d6e2 elementor-widget elementor-widget-image\" data-id=\"4cc9d6e2\" data-element_type=\"widget\" data-e-type=\"widget\" data-widget_type=\"image.default\">\n\t\t\t\t\t\t\t\t\t\t\t\t\t\t\t<img decoding=\"async\" width=\"1120\" height=\"1536\" src=\"https:\/\/aiaomei.com\/wp-content\/uploads\/2026\/04\/02\u6a21\u7279\u4fe1\u606f-\u82f1\u6587\u7248-36-1120x1536.jpg\" class=\"attachment-1536x1536 size-1536x1536 wp-image-41115\" alt=\"\" loading=\"lazy\" srcset=\"https:\/\/aiaomei.com\/wp-content\/uploads\/2026\/04\/02\u6a21\u7279\u4fe1\u606f-\u82f1\u6587\u7248-36-1120x1536.jpg 1120w, https:\/\/aiaomei.com\/wp-content\/uploads\/2026\/04\/02\u6a21\u7279\u4fe1\u606f-\u82f1\u6587\u7248-36-430x590.jpg 430w, https:\/\/aiaomei.com\/wp-content\/uploads\/2026\/04\/02\u6a21\u7279\u4fe1\u606f-\u82f1\u6587\u7248-36-150x206.jpg 150w, https:\/\/aiaomei.com\/wp-content\/uploads\/2026\/04\/02\u6a21\u7279\u4fe1\u606f-\u82f1\u6587\u7248-36-700x960.jpg 700w, https:\/\/aiaomei.com\/wp-content\/uploads\/2026\/04\/02\u6a21\u7279\u4fe1\u606f-\u82f1\u6587\u7248-36-219x300.jpg 219w, https:\/\/aiaomei.com\/wp-content\/uploads\/2026\/04\/02\u6a21\u7279\u4fe1\u606f-\u82f1\u6587\u7248-36-583x800.jpg 583w, https:\/\/aiaomei.com\/wp-content\/uploads\/2026\/04\/02\u6a21\u7279\u4fe1\u606f-\u82f1\u6587\u7248-36-768x1053.jpg 768w, https:\/\/aiaomei.com\/wp-content\/uploads\/2026\/04\/02\u6a21\u7279\u4fe1\u606f-\u82f1\u6587\u7248-36.jpg 1200w\" sizes=\"auto, (max-width: 1120px) 100vw, 1120px\" \/>\t\t\t\t\t\t\t\t\t\t\t\t\t\t\t<\/div>\n\t\t\t\t\t<\/div>\n\t\t\t\t<\/div>\n\t\t<div class=\"wd-negative-gap elementor-element elementor-element-5385a19e e-flex e-con-boxed e-con e-parent\" data-id=\"5385a19e\" data-element_type=\"container\" data-e-type=\"container\">\n\t\t\t\t\t<div class=\"e-con-inner\">\n\t\t\t\t<div class=\"elementor-element elementor-element-165fcab1 elementor-widget elementor-widget-image\" data-id=\"165fcab1\" data-element_type=\"widget\" data-e-type=\"widget\" data-widget_type=\"image.default\">\n\t\t\t\t\t\t\t\t\t\t\t\t\t\t\t<img decoding=\"async\" width=\"1200\" height=\"1036\" src=\"https:\/\/aiaomei.com\/wp-content\/uploads\/2026\/04\/04\u591a\u9009\u914d\u8272-\u82f1\u6587\u7248-36.jpg\" class=\"attachment-1536x1536 size-1536x1536 wp-image-41116\" alt=\"\" loading=\"lazy\" srcset=\"https:\/\/aiaomei.com\/wp-content\/uploads\/2026\/04\/04\u591a\u9009\u914d\u8272-\u82f1\u6587\u7248-36.jpg 1200w, https:\/\/aiaomei.com\/wp-content\/uploads\/2026\/04\/04\u591a\u9009\u914d\u8272-\u82f1\u6587\u7248-36-430x371.jpg 430w, https:\/\/aiaomei.com\/wp-content\/uploads\/2026\/04\/04\u591a\u9009\u914d\u8272-\u82f1\u6587\u7248-36-150x130.jpg 150w, https:\/\/aiaomei.com\/wp-content\/uploads\/2026\/04\/04\u591a\u9009\u914d\u8272-\u82f1\u6587\u7248-36-700x604.jpg 700w, https:\/\/aiaomei.com\/wp-content\/uploads\/2026\/04\/04\u591a\u9009\u914d\u8272-\u82f1\u6587\u7248-36-347x300.jpg 347w, https:\/\/aiaomei.com\/wp-content\/uploads\/2026\/04\/04\u591a\u9009\u914d\u8272-\u82f1\u6587\u7248-36-927x800.jpg 927w, https:\/\/aiaomei.com\/wp-content\/uploads\/2026\/04\/04\u591a\u9009\u914d\u8272-\u82f1\u6587\u7248-36-768x663.jpg 768w\" sizes=\"auto, (max-width: 1200px) 100vw, 1200px\" \/>\t\t\t\t\t\t\t\t\t\t\t\t\t\t\t<\/div>\n\t\t\t\t\t<\/div>\n\t\t\t\t<\/div>\n\t\t<div class=\"wd-negative-gap elementor-element elementor-element-c26c33f e-flex e-con-boxed e-con e-parent\" data-id=\"c26c33f\" data-element_type=\"container\" data-e-type=\"container\">\n\t\t\t\t\t<div class=\"e-con-inner\">\n\t\t\t\t<div class=\"elementor-element elementor-element-a38a5f7 elementor-widget elementor-widget-image\" data-id=\"a38a5f7\" data-element_type=\"widget\" data-e-type=\"widget\" data-widget_type=\"image.default\">\n\t\t\t\t\t\t\t\t\t\t\t\t\t\t\t<img decoding=\"async\" width=\"1200\" height=\"805\" src=\"https:\/\/aiaomei.com\/wp-content\/uploads\/2026\/04\/\u5c3a\u7801\u8868\uff08\u88e4\u5b50\uff09-\u82f1\u6587\u7248-19.jpg\" class=\"attachment-1536x1536 size-1536x1536 wp-image-41117\" alt=\"\" loading=\"lazy\" srcset=\"https:\/\/aiaomei.com\/wp-content\/uploads\/2026\/04\/\u5c3a\u7801\u8868\uff08\u88e4\u5b50\uff09-\u82f1\u6587\u7248-19.jpg 1200w, https:\/\/aiaomei.com\/wp-content\/uploads\/2026\/04\/\u5c3a\u7801\u8868\uff08\u88e4\u5b50\uff09-\u82f1\u6587\u7248-19-430x288.jpg 430w, https:\/\/aiaomei.com\/wp-content\/uploads\/2026\/04\/\u5c3a\u7801\u8868\uff08\u88e4\u5b50\uff09-\u82f1\u6587\u7248-19-150x101.jpg 150w, https:\/\/aiaomei.com\/wp-content\/uploads\/2026\/04\/\u5c3a\u7801\u8868\uff08\u88e4\u5b50\uff09-\u82f1\u6587\u7248-19-700x470.jpg 700w, https:\/\/aiaomei.com\/wp-content\/uploads\/2026\/04\/\u5c3a\u7801\u8868\uff08\u88e4\u5b50\uff09-\u82f1\u6587\u7248-19-400x268.jpg 400w, https:\/\/aiaomei.com\/wp-content\/uploads\/2026\/04\/\u5c3a\u7801\u8868\uff08\u88e4\u5b50\uff09-\u82f1\u6587\u7248-19-1193x800.jpg 1193w, https:\/\/aiaomei.com\/wp-content\/uploads\/2026\/04\/\u5c3a\u7801\u8868\uff08\u88e4\u5b50\uff09-\u82f1\u6587\u7248-19-768x515.jpg 768w\" sizes=\"auto, (max-width: 1200px) 100vw, 1200px\" \/>\t\t\t\t\t\t\t\t\t\t\t\t\t\t\t<\/div>\n\t\t\t\t\t<\/div>\n\t\t\t\t<\/div>\n\t\t\t\t<\/div>\n\t\t","protected":false},"excerpt":{"rendered":"","protected":false},"featured_media":45872,"comment_status":"open","ping_status":"closed","template":"","meta":[],"product_brand":[],"product_cat":[897,2144],"product_tag":[],"class_list":{"0":"post-41107","1":"product","2":"type-product","3":"status-publish","4":"has-post-thumbnail","6":"product_cat-pantalon","7":"product_cat-tous","9":"first","10":"instock","11":"shipping-taxable","12":"purchasable","13":"product-type-variable"},"_links":{"self":[{"href":"https:\/\/aiaomei.com\/fr\/wp-json\/wp\/v2\/product\/41107","targetHints":{"allow":["GET"]}}],"collection":[{"href":"https:\/\/aiaomei.com\/fr\/wp-json\/wp\/v2\/product"}],"about":[{"href":"https:\/\/aiaomei.com\/fr\/wp-json\/wp\/v2\/types\/product"}],"replies":[{"embeddable":true,"href":"https:\/\/aiaomei.com\/fr\/wp-json\/wp\/v2\/comments?post=41107"}],"version-history":[{"count":1,"href":"https:\/\/aiaomei.com\/fr\/wp-json\/wp\/v2\/product\/41107\/revisions"}],"predecessor-version":[{"id":41182,"href":"https:\/\/aiaomei.com\/fr\/wp-json\/wp\/v2\/product\/41107\/revisions\/41182"}],"wp:featuredmedia":[{"embeddable":true,"href":"https:\/\/aiaomei.com\/fr\/wp-json\/wp\/v2\/media\/45872"}],"wp:attachment":[{"href":"https:\/\/aiaomei.com\/fr\/wp-json\/wp\/v2\/media?parent=41107"}],"wp:term":[{"taxonomy":"product_brand","embeddable":true,"href":"https:\/\/aiaomei.com\/fr\/wp-json\/wp\/v2\/product_brand?post=41107"},{"taxonomy":"product_cat","embeddable":true,"href":"https:\/\/aiaomei.com\/fr\/wp-json\/wp\/v2\/product_cat?post=41107"},{"taxonomy":"product_tag","embeddable":true,"href":"https:\/\/aiaomei.com\/fr\/wp-json\/wp\/v2\/product_tag?post=41107"}],"curies":[{"name":"wp","href":"https:\/\/api.w.org\/{rel}","templated":true}]}}