{"id":40392,"date":"2026-04-21T06:09:36","date_gmt":"2026-04-21T06:09:36","guid":{"rendered":"https:\/\/aiaomei.com\/product\/europe-et-amerique-gilet-de-yoga-moulant-a-sechage-rapide-vetements-de-fitness-all-match-running-beauty-back-sports-underwear\/"},"modified":"2026-04-30T08:16:27","modified_gmt":"2026-04-30T08:16:27","slug":"europe-et-amerique-gilet-de-yoga-moulant-a-sechage-rapide-vetements-de-fitness-all-match-running-beauty-back-sports-underwear","status":"publish","type":"product","link":"https:\/\/aiaomei.com\/fr\/produit\/europe-et-amerique-gilet-de-yoga-moulant-a-sechage-rapide-vetements-de-fitness-all-match-running-beauty-back-sports-underwear\/","title":{"rendered":"Europe et Am\u00e9rique Gilet de yoga moulant \u00e0 s\u00e9chage rapide V\u00eatements de fitness All-match Running Beauty Back Sports Underwear"},"content":{"rendered":"\t\t<div data-elementor-type=\"product-post\" data-elementor-id=\"40392\" class=\"elementor elementor-40392 elementor-29525\" data-elementor-post-type=\"product\">\n\t\t\t\t<div class=\"wd-negative-gap elementor-element elementor-element-6034a766 e-flex e-con-boxed e-con e-parent\" data-id=\"6034a766\" data-element_type=\"container\" data-e-type=\"container\">\n\t\t\t\t\t<div class=\"e-con-inner\">\n\t\t\t\t<div class=\"elementor-element elementor-element-63e943cb elementor-widget elementor-widget-image\" data-id=\"63e943cb\" data-element_type=\"widget\" data-e-type=\"widget\" data-widget_type=\"image.default\">\n\t\t\t\t\t\t\t\t\t\t\t\t\t\t\t<img decoding=\"async\" src=\"https:\/\/aiaomei.com\/wp-content\/uploads\/elementor\/thumbs\/04\u591a\u9009\u914d\u8272-\u82f1\u6587\u7248-4-rlqr8idr40ntycdyevihidnjmhuzy3ndvpuvww5j40.jpg\" title=\"04\u591a\u9009\u914d\u8272-\u82f1\u6587\u7248\" alt=\"04\u591a\u9009\u914d\u8272-\u82f1\u6587\u7248\" loading=\"lazy\" \/>\t\t\t\t\t\t\t\t\t\t\t\t\t\t\t<\/div>\n\t\t\t\t<div class=\"elementor-element elementor-element-76149db6 elementor-widget elementor-widget-image\" data-id=\"76149db6\" data-element_type=\"widget\" data-e-type=\"widget\" data-widget_type=\"image.default\">\n\t\t\t\t\t\t\t\t\t\t\t\t\t\t\t<img loading=\"lazy\" decoding=\"async\" width=\"1120\" height=\"1536\" src=\"https:\/\/aiaomei.com\/wp-content\/uploads\/2026\/04\/02\u6a21\u7279\u4fe1\u606f-\u82f1\u6587\u7248-4-1120x1536.jpg\" class=\"attachment-1536x1536 size-1536x1536 wp-image-40404\" alt=\"\" srcset=\"https:\/\/aiaomei.com\/wp-content\/uploads\/2026\/04\/02\u6a21\u7279\u4fe1\u606f-\u82f1\u6587\u7248-4-1120x1536.jpg 1120w, https:\/\/aiaomei.com\/wp-content\/uploads\/2026\/04\/02\u6a21\u7279\u4fe1\u606f-\u82f1\u6587\u7248-4-430x590.jpg 430w, https:\/\/aiaomei.com\/wp-content\/uploads\/2026\/04\/02\u6a21\u7279\u4fe1\u606f-\u82f1\u6587\u7248-4-150x206.jpg 150w, https:\/\/aiaomei.com\/wp-content\/uploads\/2026\/04\/02\u6a21\u7279\u4fe1\u606f-\u82f1\u6587\u7248-4-700x960.jpg 700w, https:\/\/aiaomei.com\/wp-content\/uploads\/2026\/04\/02\u6a21\u7279\u4fe1\u606f-\u82f1\u6587\u7248-4-219x300.jpg 219w, https:\/\/aiaomei.com\/wp-content\/uploads\/2026\/04\/02\u6a21\u7279\u4fe1\u606f-\u82f1\u6587\u7248-4-583x800.jpg 583w, https:\/\/aiaomei.com\/wp-content\/uploads\/2026\/04\/02\u6a21\u7279\u4fe1\u606f-\u82f1\u6587\u7248-4-768x1053.jpg 768w, https:\/\/aiaomei.com\/wp-content\/uploads\/2026\/04\/02\u6a21\u7279\u4fe1\u606f-\u82f1\u6587\u7248-4.jpg 1200w\" sizes=\"auto, (max-width: 1120px) 100vw, 1120px\" \/>\t\t\t\t\t\t\t\t\t\t\t\t\t\t\t<\/div>\n\t\t\t\t\t<\/div>\n\t\t\t\t<\/div>\n\t\t<div class=\"wd-negative-gap elementor-element elementor-element-5147c529 e-flex e-con-boxed e-con e-parent\" data-id=\"5147c529\" data-element_type=\"container\" data-e-type=\"container\">\n\t\t\t\t\t<div class=\"e-con-inner\">\n\t\t\t\t<div class=\"elementor-element elementor-element-33fc959 elementor-widget elementor-widget-image\" data-id=\"33fc959\" data-element_type=\"widget\" data-e-type=\"widget\" data-widget_type=\"image.default\">\n\t\t\t\t\t\t\t\t\t\t\t\t\t\t\t<img loading=\"lazy\" decoding=\"async\" width=\"1200\" height=\"1210\" src=\"https:\/\/aiaomei.com\/wp-content\/uploads\/2026\/04\/particulars_06-5.png\" class=\"attachment-1536x1536 size-1536x1536 wp-image-47275\" alt=\"\" srcset=\"https:\/\/aiaomei.com\/wp-content\/uploads\/2026\/04\/particulars_06-5.png 1200w, https:\/\/aiaomei.com\/wp-content\/uploads\/2026\/04\/particulars_06-5-298x300.png 298w, https:\/\/aiaomei.com\/wp-content\/uploads\/2026\/04\/particulars_06-5-793x800.png 793w, https:\/\/aiaomei.com\/wp-content\/uploads\/2026\/04\/particulars_06-5-150x151.png 150w, https:\/\/aiaomei.com\/wp-content\/uploads\/2026\/04\/particulars_06-5-768x774.png 768w, https:\/\/aiaomei.com\/wp-content\/uploads\/2026\/04\/particulars_06-5-430x434.png 430w, https:\/\/aiaomei.com\/wp-content\/uploads\/2026\/04\/particulars_06-5-700x706.png 700w\" sizes=\"auto, (max-width: 1200px) 100vw, 1200px\" \/>\t\t\t\t\t\t\t\t\t\t\t\t\t\t\t<\/div>\n\t\t\t\t<div class=\"elementor-element elementor-element-69434549 elementor-widget elementor-widget-image\" data-id=\"69434549\" data-element_type=\"widget\" data-e-type=\"widget\" data-widget_type=\"image.default\">\n\t\t\t\t\t\t\t\t\t\t\t\t\t\t\t<img loading=\"lazy\" decoding=\"async\" width=\"1200\" height=\"1210\" src=\"https:\/\/aiaomei.com\/wp-content\/uploads\/2026\/04\/particulars_07-5.png\" class=\"attachment-1536x1536 size-1536x1536 wp-image-47276\" alt=\"\" srcset=\"https:\/\/aiaomei.com\/wp-content\/uploads\/2026\/04\/particulars_07-5.png 1200w, https:\/\/aiaomei.com\/wp-content\/uploads\/2026\/04\/particulars_07-5-298x300.png 298w, https:\/\/aiaomei.com\/wp-content\/uploads\/2026\/04\/particulars_07-5-793x800.png 793w, https:\/\/aiaomei.com\/wp-content\/uploads\/2026\/04\/particulars_07-5-150x151.png 150w, https:\/\/aiaomei.com\/wp-content\/uploads\/2026\/04\/particulars_07-5-768x774.png 768w, https:\/\/aiaomei.com\/wp-content\/uploads\/2026\/04\/particulars_07-5-430x434.png 430w, https:\/\/aiaomei.com\/wp-content\/uploads\/2026\/04\/particulars_07-5-700x706.png 700w\" sizes=\"auto, (max-width: 1200px) 100vw, 1200px\" \/>\t\t\t\t\t\t\t\t\t\t\t\t\t\t\t<\/div>\n\t\t\t\t<div class=\"elementor-element elementor-element-169c452d elementor-widget elementor-widget-image\" data-id=\"169c452d\" data-element_type=\"widget\" data-e-type=\"widget\" data-widget_type=\"image.default\">\n\t\t\t\t\t\t\t\t\t\t\t\t\t\t\t<img loading=\"lazy\" decoding=\"async\" width=\"1200\" height=\"1210\" src=\"https:\/\/aiaomei.com\/wp-content\/uploads\/2026\/04\/particulars_08-3.png\" class=\"attachment-1536x1536 size-1536x1536 wp-image-47277\" alt=\"\" srcset=\"https:\/\/aiaomei.com\/wp-content\/uploads\/2026\/04\/particulars_08-3.png 1200w, https:\/\/aiaomei.com\/wp-content\/uploads\/2026\/04\/particulars_08-3-298x300.png 298w, https:\/\/aiaomei.com\/wp-content\/uploads\/2026\/04\/particulars_08-3-793x800.png 793w, https:\/\/aiaomei.com\/wp-content\/uploads\/2026\/04\/particulars_08-3-150x151.png 150w, https:\/\/aiaomei.com\/wp-content\/uploads\/2026\/04\/particulars_08-3-768x774.png 768w, https:\/\/aiaomei.com\/wp-content\/uploads\/2026\/04\/particulars_08-3-430x434.png 430w, https:\/\/aiaomei.com\/wp-content\/uploads\/2026\/04\/particulars_08-3-700x706.png 700w\" sizes=\"auto, (max-width: 1200px) 100vw, 1200px\" \/>\t\t\t\t\t\t\t\t\t\t\t\t\t\t\t<\/div>\n\t\t\t\t<div class=\"elementor-element elementor-element-db34d1e elementor-widget elementor-widget-image\" data-id=\"db34d1e\" data-element_type=\"widget\" data-e-type=\"widget\" data-widget_type=\"image.default\">\n\t\t\t\t\t\t\t\t\t\t\t\t\t\t\t<img loading=\"lazy\" decoding=\"async\" width=\"1200\" height=\"1070\" src=\"https:\/\/aiaomei.com\/wp-content\/uploads\/2026\/04\/2224152.jpg\" class=\"attachment-1536x1536 size-1536x1536 wp-image-47270\" alt=\"\" srcset=\"https:\/\/aiaomei.com\/wp-content\/uploads\/2026\/04\/2224152.jpg 1200w, https:\/\/aiaomei.com\/wp-content\/uploads\/2026\/04\/2224152-336x300.jpg 336w, https:\/\/aiaomei.com\/wp-content\/uploads\/2026\/04\/2224152-897x800.jpg 897w, https:\/\/aiaomei.com\/wp-content\/uploads\/2026\/04\/2224152-768x685.jpg 768w, https:\/\/aiaomei.com\/wp-content\/uploads\/2026\/04\/2224152-430x383.jpg 430w, https:\/\/aiaomei.com\/wp-content\/uploads\/2026\/04\/2224152-700x624.jpg 700w, https:\/\/aiaomei.com\/wp-content\/uploads\/2026\/04\/2224152-150x134.jpg 150w\" sizes=\"auto, (max-width: 1200px) 100vw, 1200px\" \/>\t\t\t\t\t\t\t\t\t\t\t\t\t\t\t<\/div>\n\t\t\t\t<div class=\"elementor-element elementor-element-70a6eed4 elementor-widget elementor-widget-image\" data-id=\"70a6eed4\" data-element_type=\"widget\" data-e-type=\"widget\" data-widget_type=\"image.default\">\n\t\t\t\t\t\t\t\t\t\t\t\t\t\t\t<img loading=\"lazy\" decoding=\"async\" width=\"1200\" height=\"684\" src=\"https:\/\/aiaomei.com\/wp-content\/uploads\/2026\/04\/2224151.jpg\" class=\"attachment-1536x1536 size-1536x1536 wp-image-47269\" alt=\"\" srcset=\"https:\/\/aiaomei.com\/wp-content\/uploads\/2026\/04\/2224151.jpg 1200w, https:\/\/aiaomei.com\/wp-content\/uploads\/2026\/04\/2224151-400x228.jpg 400w, https:\/\/aiaomei.com\/wp-content\/uploads\/2026\/04\/2224151-768x438.jpg 768w, https:\/\/aiaomei.com\/wp-content\/uploads\/2026\/04\/2224151-430x245.jpg 430w, https:\/\/aiaomei.com\/wp-content\/uploads\/2026\/04\/2224151-700x399.jpg 700w, https:\/\/aiaomei.com\/wp-content\/uploads\/2026\/04\/2224151-150x86.jpg 150w\" sizes=\"auto, (max-width: 1200px) 100vw, 1200px\" \/>\t\t\t\t\t\t\t\t\t\t\t\t\t\t\t<\/div>\n\t\t<div class=\"elementor-element elementor-element-4dce8f71 e-con-full e-flex e-con e-child\" data-id=\"4dce8f71\" data-element_type=\"container\" data-e-type=\"container\">\n\t\t\t\t<div class=\"elementor-element elementor-element-27d42cf9 elementor-widget elementor-widget-image\" data-id=\"27d42cf9\" data-element_type=\"widget\" data-e-type=\"widget\" data-widget_type=\"image.default\">\n\t\t\t\t\t\t\t\t\t\t\t\t\t\t\t<img loading=\"lazy\" decoding=\"async\" width=\"1200\" height=\"160\" src=\"https:\/\/aiaomei.com\/wp-content\/uploads\/2026\/04\/\u901a\u7528\u7ec6\u8282\u5c55\u793a.jpg\" class=\"attachment-1536x1536 size-1536x1536 wp-image-46350\" alt=\"\" srcset=\"https:\/\/aiaomei.com\/wp-content\/uploads\/2026\/04\/\u901a\u7528\u7ec6\u8282\u5c55\u793a.jpg 1200w, https:\/\/aiaomei.com\/wp-content\/uploads\/2026\/04\/\u901a\u7528\u7ec6\u8282\u5c55\u793a-400x53.jpg 400w, https:\/\/aiaomei.com\/wp-content\/uploads\/2026\/04\/\u901a\u7528\u7ec6\u8282\u5c55\u793a-768x102.jpg 768w, https:\/\/aiaomei.com\/wp-content\/uploads\/2026\/04\/\u901a\u7528\u7ec6\u8282\u5c55\u793a-430x57.jpg 430w, https:\/\/aiaomei.com\/wp-content\/uploads\/2026\/04\/\u901a\u7528\u7ec6\u8282\u5c55\u793a-700x93.jpg 700w, https:\/\/aiaomei.com\/wp-content\/uploads\/2026\/04\/\u901a\u7528\u7ec6\u8282\u5c55\u793a-150x20.jpg 150w\" sizes=\"auto, (max-width: 1200px) 100vw, 1200px\" \/>\t\t\t\t\t\t\t\t\t\t\t\t\t\t\t<\/div>\n\t\t\t\t<div class=\"elementor-element elementor-element-2d9c912a wd-width-100 elementor-widget elementor-widget-wd_images_gallery\" data-id=\"2d9c912a\" data-element_type=\"widget\" data-e-type=\"widget\" data-widget_type=\"wd_images_gallery.default\">\n\t\t\t\t<div class=\"elementor-widget-container\">\n\t\t\t\t\t\t\t<div class=\"wd-images-gallery photoswipe-images\" style=\"--wd-align-items:center; --wd-justify-content:center;\">\n\t\t\t\t\t\t<div class=\"wd-grid-g\" style=\"--wd-col-lg:2;--wd-col-md:2;--wd-col-sm:2;--wd-gap-lg:0px;\" >\n\t\t\t\t\t\t\t\t\t\t\t\t\t\t\t\t\t\t<div class=\"wd-gallery-item wd-col\">\n\t\t\t\t\t\t\t\t\t\t\t\t\t<a  href=\"https:\/\/aiaomei.com\/wp-content\/uploads\/2026\/04\/particulars_66-2.jpeg\" data-width=\"1200\" data-height=\"800\" data-index=\"1\" data-elementor-open-lightbox=\"no\">\n\t\t\t\t\t\t\n\t\t\t\t\t\t<img loading=\"lazy\" decoding=\"async\" width=\"1200\" height=\"800\" src=\"https:\/\/aiaomei.com\/wp-content\/uploads\/2026\/04\/particulars_66-2.jpeg\" class=\"attachment-full size-full\" alt=\"\u8be6\u60c5_66\" srcset=\"https:\/\/aiaomei.com\/wp-content\/uploads\/2026\/04\/particulars_66-2.jpeg 1200w, https:\/\/aiaomei.com\/wp-content\/uploads\/2026\/04\/particulars_66-2-400x267.jpeg 400w, https:\/\/aiaomei.com\/wp-content\/uploads\/2026\/04\/particulars_66-2-768x512.jpeg 768w, https:\/\/aiaomei.com\/wp-content\/uploads\/2026\/04\/particulars_66-2-430x287.jpeg 430w, https:\/\/aiaomei.com\/wp-content\/uploads\/2026\/04\/particulars_66-2-700x467.jpeg 700w, https:\/\/aiaomei.com\/wp-content\/uploads\/2026\/04\/particulars_66-2-150x100.jpeg 150w\" sizes=\"auto, (max-width: 1200px) 100vw, 1200px\" \/>\n\t\t\t\t\t\t\t\t\t\t\t\t\t<\/a>\n\t\t\t\t\t\t\t\t\t\t\t<\/div>\n\t\t\t\t\t\t\t\t\t\t\t\t\t\t\t<div class=\"wd-gallery-item wd-col\">\n\t\t\t\t\t\t\t\t\t\t\t\t\t<a  href=\"https:\/\/aiaomei.com\/wp-content\/uploads\/2026\/04\/particulars_65-3.jpeg\" data-width=\"1200\" data-height=\"800\" data-index=\"2\" data-elementor-open-lightbox=\"no\">\n\t\t\t\t\t\t\n\t\t\t\t\t\t<img loading=\"lazy\" decoding=\"async\" width=\"1200\" height=\"800\" src=\"https:\/\/aiaomei.com\/wp-content\/uploads\/2026\/04\/particulars_65-3.jpeg\" class=\"attachment-full size-full\" alt=\"\u8be6\u60c5_65\" srcset=\"https:\/\/aiaomei.com\/wp-content\/uploads\/2026\/04\/particulars_65-3.jpeg 1200w, https:\/\/aiaomei.com\/wp-content\/uploads\/2026\/04\/particulars_65-3-400x267.jpeg 400w, https:\/\/aiaomei.com\/wp-content\/uploads\/2026\/04\/particulars_65-3-768x512.jpeg 768w, https:\/\/aiaomei.com\/wp-content\/uploads\/2026\/04\/particulars_65-3-430x287.jpeg 430w, https:\/\/aiaomei.com\/wp-content\/uploads\/2026\/04\/particulars_65-3-700x467.jpeg 700w, https:\/\/aiaomei.com\/wp-content\/uploads\/2026\/04\/particulars_65-3-150x100.jpeg 150w\" sizes=\"auto, (max-width: 1200px) 100vw, 1200px\" \/>\n\t\t\t\t\t\t\t\t\t\t\t\t\t<\/a>\n\t\t\t\t\t\t\t\t\t\t\t<\/div>\n\t\t\t\t\t\t\t\t\t\t\t\t\t\t\t<div class=\"wd-gallery-item wd-col\">\n\t\t\t\t\t\t\t\t\t\t\t\t\t<a  href=\"https:\/\/aiaomei.com\/wp-content\/uploads\/2026\/04\/particulars_64-2.jpeg\" data-width=\"1200\" data-height=\"800\" data-index=\"3\" data-elementor-open-lightbox=\"no\">\n\t\t\t\t\t\t\n\t\t\t\t\t\t<img loading=\"lazy\" decoding=\"async\" width=\"1200\" height=\"800\" src=\"https:\/\/aiaomei.com\/wp-content\/uploads\/2026\/04\/particulars_64-2.jpeg\" class=\"attachment-full size-full\" alt=\"\u8be6\u60c5_64\" srcset=\"https:\/\/aiaomei.com\/wp-content\/uploads\/2026\/04\/particulars_64-2.jpeg 1200w, https:\/\/aiaomei.com\/wp-content\/uploads\/2026\/04\/particulars_64-2-400x267.jpeg 400w, https:\/\/aiaomei.com\/wp-content\/uploads\/2026\/04\/particulars_64-2-768x512.jpeg 768w, https:\/\/aiaomei.com\/wp-content\/uploads\/2026\/04\/particulars_64-2-430x287.jpeg 430w, https:\/\/aiaomei.com\/wp-content\/uploads\/2026\/04\/particulars_64-2-700x467.jpeg 700w, https:\/\/aiaomei.com\/wp-content\/uploads\/2026\/04\/particulars_64-2-150x100.jpeg 150w\" sizes=\"auto, (max-width: 1200px) 100vw, 1200px\" \/>\n\t\t\t\t\t\t\t\t\t\t\t\t\t<\/a>\n\t\t\t\t\t\t\t\t\t\t\t<\/div>\n\t\t\t\t\t\t\t\t\t\t\t\t\t\t\t<div class=\"wd-gallery-item wd-col\">\n\t\t\t\t\t\t\t\t\t\t\t\t\t<a  href=\"https:\/\/aiaomei.com\/wp-content\/uploads\/2026\/04\/particulars_63-2.jpeg\" data-width=\"1200\" data-height=\"800\" data-index=\"4\" data-elementor-open-lightbox=\"no\">\n\t\t\t\t\t\t\n\t\t\t\t\t\t<img loading=\"lazy\" decoding=\"async\" width=\"1200\" height=\"800\" src=\"https:\/\/aiaomei.com\/wp-content\/uploads\/2026\/04\/particulars_63-2.jpeg\" class=\"attachment-full size-full\" alt=\"\u8be6\u60c5_63\" srcset=\"https:\/\/aiaomei.com\/wp-content\/uploads\/2026\/04\/particulars_63-2.jpeg 1200w, https:\/\/aiaomei.com\/wp-content\/uploads\/2026\/04\/particulars_63-2-400x267.jpeg 400w, https:\/\/aiaomei.com\/wp-content\/uploads\/2026\/04\/particulars_63-2-768x512.jpeg 768w, https:\/\/aiaomei.com\/wp-content\/uploads\/2026\/04\/particulars_63-2-430x287.jpeg 430w, https:\/\/aiaomei.com\/wp-content\/uploads\/2026\/04\/particulars_63-2-700x467.jpeg 700w, https:\/\/aiaomei.com\/wp-content\/uploads\/2026\/04\/particulars_63-2-150x100.jpeg 150w\" sizes=\"auto, (max-width: 1200px) 100vw, 1200px\" \/>\n\t\t\t\t\t\t\t\t\t\t\t\t\t<\/a>\n\t\t\t\t\t\t\t\t\t\t\t<\/div>\n\t\t\t\t\t\t\t\t\t\t\t\t\t<\/div>\n\t\t\t\t\t<\/div>\n\t\t\t\t\t\t<\/div>\n\t\t\t\t<\/div>\n\t\t\t\t<\/div>\n\t\t\t\t\t<\/div>\n\t\t\t\t<\/div>\n\t\t\t\t<\/div>\n\t\t","protected":false},"excerpt":{"rendered":"","protected":false},"featured_media":45711,"comment_status":"open","ping_status":"closed","template":"","meta":[],"product_brand":[],"product_cat":[882,2144],"product_tag":[],"class_list":{"0":"post-40392","1":"product","2":"type-product","3":"status-publish","4":"has-post-thumbnail","6":"product_cat-debardeur","7":"product_cat-tous","9":"first","10":"instock","11":"shipping-taxable","12":"purchasable","13":"product-type-variable"},"_links":{"self":[{"href":"https:\/\/aiaomei.com\/fr\/wp-json\/wp\/v2\/product\/40392","targetHints":{"allow":["GET"]}}],"collection":[{"href":"https:\/\/aiaomei.com\/fr\/wp-json\/wp\/v2\/product"}],"about":[{"href":"https:\/\/aiaomei.com\/fr\/wp-json\/wp\/v2\/types\/product"}],"replies":[{"embeddable":true,"href":"https:\/\/aiaomei.com\/fr\/wp-json\/wp\/v2\/comments?post=40392"}],"version-history":[{"count":2,"href":"https:\/\/aiaomei.com\/fr\/wp-json\/wp\/v2\/product\/40392\/revisions"}],"predecessor-version":[{"id":47280,"href":"https:\/\/aiaomei.com\/fr\/wp-json\/wp\/v2\/product\/40392\/revisions\/47280"}],"wp:featuredmedia":[{"embeddable":true,"href":"https:\/\/aiaomei.com\/fr\/wp-json\/wp\/v2\/media\/45711"}],"wp:attachment":[{"href":"https:\/\/aiaomei.com\/fr\/wp-json\/wp\/v2\/media?parent=40392"}],"wp:term":[{"taxonomy":"product_brand","embeddable":true,"href":"https:\/\/aiaomei.com\/fr\/wp-json\/wp\/v2\/product_brand?post=40392"},{"taxonomy":"product_cat","embeddable":true,"href":"https:\/\/aiaomei.com\/fr\/wp-json\/wp\/v2\/product_cat?post=40392"},{"taxonomy":"product_tag","embeddable":true,"href":"https:\/\/aiaomei.com\/fr\/wp-json\/wp\/v2\/product_tag?post=40392"}],"curies":[{"name":"wp","href":"https:\/\/api.w.org\/{rel}","templated":true}]}}