{"id":38040,"date":"2026-04-21T06:09:36","date_gmt":"2026-04-21T06:09:36","guid":{"rendered":"https:\/\/aiaomei.com\/product\/pantalon-brosse-personnalise-pantalon-large-decontracte-drape-pantalon-elastique-a-cordon-de-serrage-pour-femmes-pratiquant-le-sport-et-le-fitness\/"},"modified":"2026-04-30T08:20:50","modified_gmt":"2026-04-30T08:20:50","slug":"pantalon-brosse-personnalise-pantalon-large-decontracte-drape-pantalon-elastique-a-cordon-de-serrage-pour-femmes-pratiquant-le-sport-et-le-fitness","status":"publish","type":"product","link":"https:\/\/aiaomei.com\/fr\/produit\/pantalon-brosse-personnalise-pantalon-large-decontracte-drape-pantalon-elastique-a-cordon-de-serrage-pour-femmes-pratiquant-le-sport-et-le-fitness\/","title":{"rendered":"Pantalon bross\u00e9 personnalis\u00e9, pantalon large d\u00e9contract\u00e9 drap\u00e9, pantalon \u00e9lastique \u00e0 cordon de serrage pour femmes pratiquant le sport et le fitness"},"content":{"rendered":"\t\t<div data-elementor-type=\"product-post\" data-elementor-id=\"38040\" class=\"elementor elementor-38040 elementor-29473\" data-elementor-post-type=\"product\">\n\t\t\t\t<div class=\"wd-negative-gap elementor-element elementor-element-633579d6 e-flex e-con-boxed e-con e-parent\" data-id=\"633579d6\" data-element_type=\"container\" data-e-type=\"container\">\n\t\t\t\t\t<div class=\"e-con-inner\">\n\t\t\t\t<div class=\"elementor-element elementor-element-7ac831cc elementor-widget elementor-widget-image\" data-id=\"7ac831cc\" data-element_type=\"widget\" data-e-type=\"widget\" data-widget_type=\"image.default\">\n\t\t\t\t\t\t\t\t\t\t\t\t\t\t\t<img loading=\"lazy\" decoding=\"async\" width=\"1120\" height=\"1536\" src=\"https:\/\/aiaomei.com\/wp-content\/uploads\/2026\/04\/02\u6a21\u7279\u4fe1\u606f-\u82f1\u6587\u7248-3-1120x1536.jpg\" class=\"attachment-1536x1536 size-1536x1536 wp-image-38052\" alt=\"\" srcset=\"https:\/\/aiaomei.com\/wp-content\/uploads\/2026\/04\/02\u6a21\u7279\u4fe1\u606f-\u82f1\u6587\u7248-3-1120x1536.jpg 1120w, https:\/\/aiaomei.com\/wp-content\/uploads\/2026\/04\/02\u6a21\u7279\u4fe1\u606f-\u82f1\u6587\u7248-3-430x590.jpg 430w, https:\/\/aiaomei.com\/wp-content\/uploads\/2026\/04\/02\u6a21\u7279\u4fe1\u606f-\u82f1\u6587\u7248-3-150x206.jpg 150w, https:\/\/aiaomei.com\/wp-content\/uploads\/2026\/04\/02\u6a21\u7279\u4fe1\u606f-\u82f1\u6587\u7248-3-700x960.jpg 700w, https:\/\/aiaomei.com\/wp-content\/uploads\/2026\/04\/02\u6a21\u7279\u4fe1\u606f-\u82f1\u6587\u7248-3-219x300.jpg 219w, https:\/\/aiaomei.com\/wp-content\/uploads\/2026\/04\/02\u6a21\u7279\u4fe1\u606f-\u82f1\u6587\u7248-3-583x800.jpg 583w, https:\/\/aiaomei.com\/wp-content\/uploads\/2026\/04\/02\u6a21\u7279\u4fe1\u606f-\u82f1\u6587\u7248-3-768x1053.jpg 768w, https:\/\/aiaomei.com\/wp-content\/uploads\/2026\/04\/02\u6a21\u7279\u4fe1\u606f-\u82f1\u6587\u7248-3.jpg 1200w\" sizes=\"auto, (max-width: 1120px) 100vw, 1120px\" \/>\t\t\t\t\t\t\t\t\t\t\t\t\t\t\t<\/div>\n\t\t\t\t\t<\/div>\n\t\t\t\t<\/div>\n\t\t<div class=\"wd-negative-gap elementor-element elementor-element-9642d6b e-flex e-con-boxed e-con e-parent\" data-id=\"9642d6b\" data-element_type=\"container\" data-e-type=\"container\">\n\t\t\t\t\t<div class=\"e-con-inner\">\n\t\t\t\t<div class=\"elementor-element elementor-element-9fed275 elementor-widget elementor-widget-wd_image_or_svg\" data-id=\"9fed275\" data-element_type=\"widget\" data-e-type=\"widget\" data-widget_type=\"wd_image_or_svg.default\">\n\t\t\t\t<div class=\"elementor-widget-container\">\n\t\t\t\t\t\n\t\t<div class=\"wd-image text-left\">\n\t\t\t\t\t\t\t\t<img loading=\"lazy\" decoding=\"async\" width=\"1200\" height=\"1020\" src=\"https:\/\/aiaomei.com\/wp-content\/uploads\/2026\/04\/04\u591a\u9009\u914d\u8272-\u82f1\u6587\u7248-3.jpg\" class=\"attachment-full size-full\" alt=\"\" srcset=\"https:\/\/aiaomei.com\/wp-content\/uploads\/2026\/04\/04\u591a\u9009\u914d\u8272-\u82f1\u6587\u7248-3.jpg 1200w, https:\/\/aiaomei.com\/wp-content\/uploads\/2026\/04\/04\u591a\u9009\u914d\u8272-\u82f1\u6587\u7248-3-430x366.jpg 430w, https:\/\/aiaomei.com\/wp-content\/uploads\/2026\/04\/04\u591a\u9009\u914d\u8272-\u82f1\u6587\u7248-3-150x128.jpg 150w, https:\/\/aiaomei.com\/wp-content\/uploads\/2026\/04\/04\u591a\u9009\u914d\u8272-\u82f1\u6587\u7248-3-700x595.jpg 700w, https:\/\/aiaomei.com\/wp-content\/uploads\/2026\/04\/04\u591a\u9009\u914d\u8272-\u82f1\u6587\u7248-3-353x300.jpg 353w, https:\/\/aiaomei.com\/wp-content\/uploads\/2026\/04\/04\u591a\u9009\u914d\u8272-\u82f1\u6587\u7248-3-941x800.jpg 941w, https:\/\/aiaomei.com\/wp-content\/uploads\/2026\/04\/04\u591a\u9009\u914d\u8272-\u82f1\u6587\u7248-3-768x653.jpg 768w\" sizes=\"auto, (max-width: 1200px) 100vw, 1200px\" \/>\t\t\t\t\t<\/div>\n\n\t\t\t\t\t\t<\/div>\n\t\t\t\t<\/div>\n\t\t\t\t\t<\/div>\n\t\t\t\t<\/div>\n\t\t<div class=\"wd-negative-gap elementor-element elementor-element-7f4b7481 e-flex e-con-boxed e-con e-parent\" data-id=\"7f4b7481\" data-element_type=\"container\" data-e-type=\"container\">\n\t\t\t\t\t<div class=\"e-con-inner\">\n\t\t\t\t<div class=\"elementor-element elementor-element-20ad1a27 elementor-widget elementor-widget-image\" data-id=\"20ad1a27\" data-element_type=\"widget\" data-e-type=\"widget\" data-widget_type=\"image.default\">\n\t\t\t\t\t\t\t\t\t\t\t\t\t\t\t<img loading=\"lazy\" decoding=\"async\" width=\"1500\" height=\"1109\" src=\"https:\/\/aiaomei.com\/wp-content\/uploads\/2021\/08\/\u5c3a\u7801\u8868\uff08\u6709\u8896\u4e0a\u8863\uff09-\u82f1\u6587\u7248.jpg\" class=\"attachment-1536x1536 size-1536x1536 wp-image-35498\" alt=\"\" srcset=\"https:\/\/aiaomei.com\/wp-content\/uploads\/2021\/08\/\u5c3a\u7801\u8868\uff08\u6709\u8896\u4e0a\u8863\uff09-\u82f1\u6587\u7248.jpg 1500w, https:\/\/aiaomei.com\/wp-content\/uploads\/2021\/08\/\u5c3a\u7801\u8868\uff08\u6709\u8896\u4e0a\u8863\uff09-\u82f1\u6587\u7248-430x318.jpg 430w, https:\/\/aiaomei.com\/wp-content\/uploads\/2021\/08\/\u5c3a\u7801\u8868\uff08\u6709\u8896\u4e0a\u8863\uff09-\u82f1\u6587\u7248-150x111.jpg 150w, https:\/\/aiaomei.com\/wp-content\/uploads\/2021\/08\/\u5c3a\u7801\u8868\uff08\u6709\u8896\u4e0a\u8863\uff09-\u82f1\u6587\u7248-700x518.jpg 700w, https:\/\/aiaomei.com\/wp-content\/uploads\/2021\/08\/\u5c3a\u7801\u8868\uff08\u6709\u8896\u4e0a\u8863\uff09-\u82f1\u6587\u7248-400x296.jpg 400w, https:\/\/aiaomei.com\/wp-content\/uploads\/2021\/08\/\u5c3a\u7801\u8868\uff08\u6709\u8896\u4e0a\u8863\uff09-\u82f1\u6587\u7248-1082x800.jpg 1082w, https:\/\/aiaomei.com\/wp-content\/uploads\/2021\/08\/\u5c3a\u7801\u8868\uff08\u6709\u8896\u4e0a\u8863\uff09-\u82f1\u6587\u7248-768x568.jpg 768w\" sizes=\"auto, (max-width: 1500px) 100vw, 1500px\" \/>\t\t\t\t\t\t\t\t\t\t\t\t\t\t\t<\/div>\n\t\t\t\t\t<\/div>\n\t\t\t\t<\/div>\n\t\t\t\t<\/div>\n\t\t","protected":false},"excerpt":{"rendered":"","protected":false},"featured_media":45817,"comment_status":"open","ping_status":"closed","template":"","meta":[],"product_brand":[],"product_cat":[897,2144],"product_tag":[],"class_list":{"0":"post-38040","1":"product","2":"type-product","3":"status-publish","4":"has-post-thumbnail","6":"product_cat-pantalon","7":"product_cat-tous","9":"first","10":"instock","11":"shipping-taxable","12":"purchasable","13":"product-type-variable"},"_links":{"self":[{"href":"https:\/\/aiaomei.com\/fr\/wp-json\/wp\/v2\/product\/38040","targetHints":{"allow":["GET"]}}],"collection":[{"href":"https:\/\/aiaomei.com\/fr\/wp-json\/wp\/v2\/product"}],"about":[{"href":"https:\/\/aiaomei.com\/fr\/wp-json\/wp\/v2\/types\/product"}],"replies":[{"embeddable":true,"href":"https:\/\/aiaomei.com\/fr\/wp-json\/wp\/v2\/comments?post=38040"}],"version-history":[{"count":1,"href":"https:\/\/aiaomei.com\/fr\/wp-json\/wp\/v2\/product\/38040\/revisions"}],"predecessor-version":[{"id":38078,"href":"https:\/\/aiaomei.com\/fr\/wp-json\/wp\/v2\/product\/38040\/revisions\/38078"}],"wp:featuredmedia":[{"embeddable":true,"href":"https:\/\/aiaomei.com\/fr\/wp-json\/wp\/v2\/media\/45817"}],"wp:attachment":[{"href":"https:\/\/aiaomei.com\/fr\/wp-json\/wp\/v2\/media?parent=38040"}],"wp:term":[{"taxonomy":"product_brand","embeddable":true,"href":"https:\/\/aiaomei.com\/fr\/wp-json\/wp\/v2\/product_brand?post=38040"},{"taxonomy":"product_cat","embeddable":true,"href":"https:\/\/aiaomei.com\/fr\/wp-json\/wp\/v2\/product_cat?post=38040"},{"taxonomy":"product_tag","embeddable":true,"href":"https:\/\/aiaomei.com\/fr\/wp-json\/wp\/v2\/product_tag?post=38040"}],"curies":[{"name":"wp","href":"https:\/\/api.w.org\/{rel}","templated":true}]}}