{"id":39549,"date":"2026-04-21T06:09:07","date_gmt":"2026-04-21T06:09:07","guid":{"rendered":"https:\/\/aiaomei.com\/product\/grenzueberschreitende-nackte-yoga-weste-mit-kontrastierendem-farbausschnitt-schoener-ruecken-fitnessbekleidung-oberbekleidung-high-end-laufsport-bh\/"},"modified":"2026-04-30T08:54:45","modified_gmt":"2026-04-30T08:54:45","slug":"grenzueberschreitende-nackte-yoga-weste-mit-kontrastierendem-farbausschnitt-schoener-ruecken-fitnessbekleidung-oberbekleidung-high-end-laufsport-bh","status":"publish","type":"product","link":"https:\/\/aiaomei.com\/de\/produkt\/grenzueberschreitende-nackte-yoga-weste-mit-kontrastierendem-farbausschnitt-schoener-ruecken-fitnessbekleidung-oberbekleidung-high-end-laufsport-bh\/","title":{"rendered":"Grenz\u00fcberschreitende nackte Yoga-Weste mit kontrastierendem Farbausschnitt Sch\u00f6ner R\u00fccken Fitnessbekleidung Oberbekleidung High-End Laufsport-BH"},"content":{"rendered":"\t\t<div data-elementor-type=\"product-post\" data-elementor-id=\"39549\" class=\"elementor elementor-39549 elementor-31340\" data-elementor-post-type=\"product\">\n\t\t\t\t<div class=\"wd-negative-gap elementor-element elementor-element-23f79c09 e-flex e-con-boxed e-con e-parent\" data-id=\"23f79c09\" data-element_type=\"container\" data-e-type=\"container\">\n\t\t\t\t\t<div class=\"e-con-inner\">\n\t\t\t\t<div class=\"elementor-element elementor-element-3c1865c2 elementor-widget elementor-widget-image\" data-id=\"3c1865c2\" data-element_type=\"widget\" data-e-type=\"widget\" data-widget_type=\"image.default\">\n\t\t\t\t\t\t\t\t\t\t\t\t\t\t\t<img decoding=\"async\" src=\"https:\/\/aiaomei.com\/wp-content\/uploads\/elementor\/thumbs\/04\u591a\u9009\u914d\u8272-\u82f1\u6587\u7248-21-rls8uifvvqo85zm081yzn8rp8aofezn7yuq5r7zsw0.jpg\" title=\"04\u591a\u9009\u914d\u8272-\u82f1\u6587\u7248\" alt=\"04\u591a\u9009\u914d\u8272-\u82f1\u6587\u7248\" loading=\"lazy\" \/>\t\t\t\t\t\t\t\t\t\t\t\t\t\t\t<\/div>\n\t\t\t\t<div class=\"elementor-element elementor-element-5a5e27a6 elementor-widget elementor-widget-image\" data-id=\"5a5e27a6\" data-element_type=\"widget\" data-e-type=\"widget\" data-widget_type=\"image.default\">\n\t\t\t\t\t\t\t\t\t\t\t\t\t\t\t<img decoding=\"async\" width=\"1120\" height=\"1536\" src=\"https:\/\/aiaomei.com\/wp-content\/uploads\/2026\/04\/02\u6a21\u7279\u4fe1\u606f-\u82f1\u6587\u7248-21-1120x1536.jpg\" class=\"attachment-1536x1536 size-1536x1536 wp-image-39604\" alt=\"\" loading=\"lazy\" srcset=\"https:\/\/aiaomei.com\/wp-content\/uploads\/2026\/04\/02\u6a21\u7279\u4fe1\u606f-\u82f1\u6587\u7248-21-1120x1536.jpg 1120w, https:\/\/aiaomei.com\/wp-content\/uploads\/2026\/04\/02\u6a21\u7279\u4fe1\u606f-\u82f1\u6587\u7248-21-430x590.jpg 430w, https:\/\/aiaomei.com\/wp-content\/uploads\/2026\/04\/02\u6a21\u7279\u4fe1\u606f-\u82f1\u6587\u7248-21-150x206.jpg 150w, https:\/\/aiaomei.com\/wp-content\/uploads\/2026\/04\/02\u6a21\u7279\u4fe1\u606f-\u82f1\u6587\u7248-21-700x960.jpg 700w, https:\/\/aiaomei.com\/wp-content\/uploads\/2026\/04\/02\u6a21\u7279\u4fe1\u606f-\u82f1\u6587\u7248-21-219x300.jpg 219w, https:\/\/aiaomei.com\/wp-content\/uploads\/2026\/04\/02\u6a21\u7279\u4fe1\u606f-\u82f1\u6587\u7248-21-583x800.jpg 583w, https:\/\/aiaomei.com\/wp-content\/uploads\/2026\/04\/02\u6a21\u7279\u4fe1\u606f-\u82f1\u6587\u7248-21-768x1054.jpg 768w, https:\/\/aiaomei.com\/wp-content\/uploads\/2026\/04\/02\u6a21\u7279\u4fe1\u606f-\u82f1\u6587\u7248-21-1493x2048.jpg 1493w, https:\/\/aiaomei.com\/wp-content\/uploads\/2026\/04\/02\u6a21\u7279\u4fe1\u606f-\u82f1\u6587\u7248-21.jpg 1500w\" sizes=\"auto, (max-width: 1120px) 100vw, 1120px\" \/>\t\t\t\t\t\t\t\t\t\t\t\t\t\t\t<\/div>\n\t\t\t\t\t<\/div>\n\t\t\t\t<\/div>\n\t\t<div class=\"wd-negative-gap elementor-element elementor-element-1bf6d815 e-flex e-con-boxed e-con e-parent\" data-id=\"1bf6d815\" data-element_type=\"container\" data-e-type=\"container\">\n\t\t\t\t\t<div class=\"e-con-inner\">\n\t\t\t\t<div class=\"elementor-element elementor-element-433897ca elementor-widget elementor-widget-image\" data-id=\"433897ca\" data-element_type=\"widget\" data-e-type=\"widget\" data-widget_type=\"image.default\">\n\t\t\t\t\t\t\t\t\t\t\t\t\t\t\t<img decoding=\"async\" width=\"1200\" height=\"992\" src=\"https:\/\/aiaomei.com\/wp-content\/uploads\/2026\/04\/2224303.jpg\" class=\"attachment-1536x1536 size-1536x1536 wp-image-47604\" alt=\"\" loading=\"lazy\" srcset=\"https:\/\/aiaomei.com\/wp-content\/uploads\/2026\/04\/2224303.jpg 1200w, https:\/\/aiaomei.com\/wp-content\/uploads\/2026\/04\/2224303-363x300.jpg 363w, https:\/\/aiaomei.com\/wp-content\/uploads\/2026\/04\/2224303-968x800.jpg 968w, https:\/\/aiaomei.com\/wp-content\/uploads\/2026\/04\/2224303-768x635.jpg 768w, https:\/\/aiaomei.com\/wp-content\/uploads\/2026\/04\/2224303-430x355.jpg 430w, https:\/\/aiaomei.com\/wp-content\/uploads\/2026\/04\/2224303-700x579.jpg 700w, https:\/\/aiaomei.com\/wp-content\/uploads\/2026\/04\/2224303-150x124.jpg 150w\" sizes=\"auto, (max-width: 1200px) 100vw, 1200px\" \/>\t\t\t\t\t\t\t\t\t\t\t\t\t\t\t<\/div>\n\t\t\t\t<div class=\"elementor-element elementor-element-28baf078 elementor-widget elementor-widget-image\" data-id=\"28baf078\" data-element_type=\"widget\" data-e-type=\"widget\" data-widget_type=\"image.default\">\n\t\t\t\t\t\t\t\t\t\t\t\t\t\t\t<img decoding=\"async\" width=\"1200\" height=\"684\" src=\"https:\/\/aiaomei.com\/wp-content\/uploads\/2026\/04\/2224302.jpg\" class=\"attachment-1536x1536 size-1536x1536 wp-image-47603\" alt=\"\" loading=\"lazy\" srcset=\"https:\/\/aiaomei.com\/wp-content\/uploads\/2026\/04\/2224302.jpg 1200w, https:\/\/aiaomei.com\/wp-content\/uploads\/2026\/04\/2224302-400x228.jpg 400w, https:\/\/aiaomei.com\/wp-content\/uploads\/2026\/04\/2224302-768x438.jpg 768w, https:\/\/aiaomei.com\/wp-content\/uploads\/2026\/04\/2224302-430x245.jpg 430w, https:\/\/aiaomei.com\/wp-content\/uploads\/2026\/04\/2224302-700x399.jpg 700w, https:\/\/aiaomei.com\/wp-content\/uploads\/2026\/04\/2224302-150x86.jpg 150w\" sizes=\"auto, (max-width: 1200px) 100vw, 1200px\" \/>\t\t\t\t\t\t\t\t\t\t\t\t\t\t\t<\/div>\n\t\t<div class=\"elementor-element elementor-element-2c85fb06 e-con-full e-flex e-con e-child\" data-id=\"2c85fb06\" data-element_type=\"container\" data-e-type=\"container\">\n\t\t\t\t<div class=\"elementor-element elementor-element-54648293 elementor-widget elementor-widget-image\" data-id=\"54648293\" data-element_type=\"widget\" data-e-type=\"widget\" data-widget_type=\"image.default\">\n\t\t\t\t\t\t\t\t\t\t\t\t\t\t\t<img decoding=\"async\" width=\"1200\" height=\"160\" src=\"https:\/\/aiaomei.com\/wp-content\/uploads\/2026\/04\/\u901a\u7528\u7ec6\u8282\u5c55\u793a.jpg\" class=\"attachment-1536x1536 size-1536x1536 wp-image-46398\" alt=\"\" loading=\"lazy\" srcset=\"https:\/\/aiaomei.com\/wp-content\/uploads\/2026\/04\/\u901a\u7528\u7ec6\u8282\u5c55\u793a.jpg 1200w, https:\/\/aiaomei.com\/wp-content\/uploads\/2026\/04\/\u901a\u7528\u7ec6\u8282\u5c55\u793a-400x53.jpg 400w, https:\/\/aiaomei.com\/wp-content\/uploads\/2026\/04\/\u901a\u7528\u7ec6\u8282\u5c55\u793a-768x102.jpg 768w, https:\/\/aiaomei.com\/wp-content\/uploads\/2026\/04\/\u901a\u7528\u7ec6\u8282\u5c55\u793a-430x57.jpg 430w, https:\/\/aiaomei.com\/wp-content\/uploads\/2026\/04\/\u901a\u7528\u7ec6\u8282\u5c55\u793a-700x93.jpg 700w, https:\/\/aiaomei.com\/wp-content\/uploads\/2026\/04\/\u901a\u7528\u7ec6\u8282\u5c55\u793a-150x20.jpg 150w\" sizes=\"auto, (max-width: 1200px) 100vw, 1200px\" \/>\t\t\t\t\t\t\t\t\t\t\t\t\t\t\t<\/div>\n\t\t\t\t<div class=\"elementor-element elementor-element-18c3e18 wd-width-100 elementor-widget elementor-widget-wd_images_gallery\" data-id=\"18c3e18\" data-element_type=\"widget\" data-e-type=\"widget\" data-widget_type=\"wd_images_gallery.default\">\n\t\t\t\t<div class=\"elementor-widget-container\">\n\t\t\t\t\t\t\t<div class=\"wd-images-gallery photoswipe-images\" style=\"--wd-align-items:center; --wd-justify-content:center;\">\n\t\t\t\t\t\t<div class=\"wd-grid-g\" style=\"--wd-col-lg:2;--wd-col-md:2;--wd-col-sm:2;--wd-gap-lg:0px;\" >\n\t\t\t\t\t\t\t\t\t\t\t\t\t\t\t\t\t\t<div class=\"wd-gallery-item wd-col\">\n\t\t\t\t\t\t\t\t\t\t\t\t\t<a  href=\"https:\/\/aiaomei.com\/wp-content\/uploads\/2026\/04\/particulars_42.jpeg\" data-width=\"1200\" data-height=\"800\" data-index=\"1\" data-elementor-open-lightbox=\"no\">\n\t\t\t\t\t\t\n\t\t\t\t\t\t<img loading=\"lazy\" decoding=\"async\" width=\"1200\" height=\"800\" src=\"https:\/\/aiaomei.com\/wp-content\/uploads\/2026\/04\/particulars_42.jpeg\" class=\"attachment-full size-full\" alt=\"\u8be6\u60c5_42\" srcset=\"https:\/\/aiaomei.com\/wp-content\/uploads\/2026\/04\/particulars_42.jpeg 1200w, https:\/\/aiaomei.com\/wp-content\/uploads\/2026\/04\/particulars_42-400x267.jpeg 400w, https:\/\/aiaomei.com\/wp-content\/uploads\/2026\/04\/particulars_42-768x512.jpeg 768w, https:\/\/aiaomei.com\/wp-content\/uploads\/2026\/04\/particulars_42-430x287.jpeg 430w, https:\/\/aiaomei.com\/wp-content\/uploads\/2026\/04\/particulars_42-700x467.jpeg 700w, https:\/\/aiaomei.com\/wp-content\/uploads\/2026\/04\/particulars_42-150x100.jpeg 150w\" sizes=\"auto, (max-width: 1200px) 100vw, 1200px\" \/>\n\t\t\t\t\t\t\t\t\t\t\t\t\t<\/a>\n\t\t\t\t\t\t\t\t\t\t\t<\/div>\n\t\t\t\t\t\t\t\t\t\t\t\t\t\t\t<div class=\"wd-gallery-item wd-col\">\n\t\t\t\t\t\t\t\t\t\t\t\t\t<a  href=\"https:\/\/aiaomei.com\/wp-content\/uploads\/2026\/04\/particulars_43.jpeg\" data-width=\"1200\" data-height=\"800\" data-index=\"2\" data-elementor-open-lightbox=\"no\">\n\t\t\t\t\t\t\n\t\t\t\t\t\t<img loading=\"lazy\" decoding=\"async\" width=\"1200\" height=\"800\" src=\"https:\/\/aiaomei.com\/wp-content\/uploads\/2026\/04\/particulars_43.jpeg\" class=\"attachment-full size-full\" alt=\"\u8be6\u60c5_43\" srcset=\"https:\/\/aiaomei.com\/wp-content\/uploads\/2026\/04\/particulars_43.jpeg 1200w, https:\/\/aiaomei.com\/wp-content\/uploads\/2026\/04\/particulars_43-400x267.jpeg 400w, https:\/\/aiaomei.com\/wp-content\/uploads\/2026\/04\/particulars_43-768x512.jpeg 768w, https:\/\/aiaomei.com\/wp-content\/uploads\/2026\/04\/particulars_43-430x287.jpeg 430w, https:\/\/aiaomei.com\/wp-content\/uploads\/2026\/04\/particulars_43-700x467.jpeg 700w, https:\/\/aiaomei.com\/wp-content\/uploads\/2026\/04\/particulars_43-150x100.jpeg 150w\" sizes=\"auto, (max-width: 1200px) 100vw, 1200px\" \/>\n\t\t\t\t\t\t\t\t\t\t\t\t\t<\/a>\n\t\t\t\t\t\t\t\t\t\t\t<\/div>\n\t\t\t\t\t\t\t\t\t\t\t\t\t\t\t<div class=\"wd-gallery-item wd-col\">\n\t\t\t\t\t\t\t\t\t\t\t\t\t<a  href=\"https:\/\/aiaomei.com\/wp-content\/uploads\/2026\/04\/particulars_39.jpeg\" data-width=\"1500\" data-height=\"1000\" data-index=\"3\" data-elementor-open-lightbox=\"no\">\n\t\t\t\t\t\t\n\t\t\t\t\t\t<img loading=\"lazy\" decoding=\"async\" width=\"1500\" height=\"1000\" src=\"https:\/\/aiaomei.com\/wp-content\/uploads\/2026\/04\/particulars_39.jpeg\" class=\"attachment-full size-full\" alt=\"\u8be6\u60c5_39\" srcset=\"https:\/\/aiaomei.com\/wp-content\/uploads\/2026\/04\/particulars_39.jpeg 1500w, https:\/\/aiaomei.com\/wp-content\/uploads\/2026\/04\/particulars_39-400x267.jpeg 400w, https:\/\/aiaomei.com\/wp-content\/uploads\/2026\/04\/particulars_39-1200x800.jpeg 1200w, https:\/\/aiaomei.com\/wp-content\/uploads\/2026\/04\/particulars_39-768x512.jpeg 768w, https:\/\/aiaomei.com\/wp-content\/uploads\/2026\/04\/particulars_39-430x287.jpeg 430w, https:\/\/aiaomei.com\/wp-content\/uploads\/2026\/04\/particulars_39-700x467.jpeg 700w, https:\/\/aiaomei.com\/wp-content\/uploads\/2026\/04\/particulars_39-150x100.jpeg 150w\" sizes=\"auto, (max-width: 1500px) 100vw, 1500px\" \/>\n\t\t\t\t\t\t\t\t\t\t\t\t\t<\/a>\n\t\t\t\t\t\t\t\t\t\t\t<\/div>\n\t\t\t\t\t\t\t\t\t\t\t\t\t\t\t<div class=\"wd-gallery-item wd-col\">\n\t\t\t\t\t\t\t\t\t\t\t\t\t<a  href=\"https:\/\/aiaomei.com\/wp-content\/uploads\/2026\/04\/particulars_40.jpeg\" data-width=\"1500\" data-height=\"999\" data-index=\"4\" data-elementor-open-lightbox=\"no\">\n\t\t\t\t\t\t\n\t\t\t\t\t\t<img loading=\"lazy\" decoding=\"async\" width=\"1500\" height=\"999\" src=\"https:\/\/aiaomei.com\/wp-content\/uploads\/2026\/04\/particulars_40.jpeg\" class=\"attachment-full size-full\" alt=\"\u8be6\u60c5_40\" srcset=\"https:\/\/aiaomei.com\/wp-content\/uploads\/2026\/04\/particulars_40.jpeg 1500w, https:\/\/aiaomei.com\/wp-content\/uploads\/2026\/04\/particulars_40-400x266.jpeg 400w, https:\/\/aiaomei.com\/wp-content\/uploads\/2026\/04\/particulars_40-1201x800.jpeg 1201w, https:\/\/aiaomei.com\/wp-content\/uploads\/2026\/04\/particulars_40-768x511.jpeg 768w, https:\/\/aiaomei.com\/wp-content\/uploads\/2026\/04\/particulars_40-430x286.jpeg 430w, https:\/\/aiaomei.com\/wp-content\/uploads\/2026\/04\/particulars_40-700x466.jpeg 700w, https:\/\/aiaomei.com\/wp-content\/uploads\/2026\/04\/particulars_40-150x100.jpeg 150w\" sizes=\"auto, (max-width: 1500px) 100vw, 1500px\" \/>\n\t\t\t\t\t\t\t\t\t\t\t\t\t<\/a>\n\t\t\t\t\t\t\t\t\t\t\t<\/div>\n\t\t\t\t\t\t\t\t\t\t\t\t\t\t\t<div class=\"wd-gallery-item wd-col\">\n\t\t\t\t\t\t\t\t\t\t\t\t\t<a  href=\"https:\/\/aiaomei.com\/wp-content\/uploads\/2026\/04\/particulars_41.jpeg\" data-width=\"1500\" data-height=\"1000\" data-index=\"5\" data-elementor-open-lightbox=\"no\">\n\t\t\t\t\t\t\n\t\t\t\t\t\t<img loading=\"lazy\" decoding=\"async\" width=\"1500\" height=\"1000\" src=\"https:\/\/aiaomei.com\/wp-content\/uploads\/2026\/04\/particulars_41.jpeg\" class=\"attachment-full size-full\" alt=\"\u8be6\u60c5_41\" srcset=\"https:\/\/aiaomei.com\/wp-content\/uploads\/2026\/04\/particulars_41.jpeg 1500w, https:\/\/aiaomei.com\/wp-content\/uploads\/2026\/04\/particulars_41-400x267.jpeg 400w, https:\/\/aiaomei.com\/wp-content\/uploads\/2026\/04\/particulars_41-1200x800.jpeg 1200w, https:\/\/aiaomei.com\/wp-content\/uploads\/2026\/04\/particulars_41-768x512.jpeg 768w, https:\/\/aiaomei.com\/wp-content\/uploads\/2026\/04\/particulars_41-430x287.jpeg 430w, https:\/\/aiaomei.com\/wp-content\/uploads\/2026\/04\/particulars_41-700x467.jpeg 700w, https:\/\/aiaomei.com\/wp-content\/uploads\/2026\/04\/particulars_41-150x100.jpeg 150w\" sizes=\"auto, (max-width: 1500px) 100vw, 1500px\" \/>\n\t\t\t\t\t\t\t\t\t\t\t\t\t<\/a>\n\t\t\t\t\t\t\t\t\t\t\t<\/div>\n\t\t\t\t\t\t\t\t\t\t\t\t\t<\/div>\n\t\t\t\t\t<\/div>\n\t\t\t\t\t\t<\/div>\n\t\t\t\t<\/div>\n\t\t\t\t<\/div>\n\t\t\t\t\t<\/div>\n\t\t\t\t<\/div>\n\t\t\t\t<\/div>\n\t\t","protected":false},"excerpt":{"rendered":"","protected":false},"featured_media":45687,"comment_status":"open","ping_status":"closed","template":"","meta":[],"product_brand":[],"product_cat":[2137,1131],"product_tag":[],"class_list":{"0":"post-39549","1":"product","2":"type-product","3":"status-publish","4":"has-post-thumbnail","6":"product_cat-alle","7":"product_cat-tank-top","9":"first","10":"instock","11":"shipping-taxable","12":"purchasable","13":"product-type-variable"},"_links":{"self":[{"href":"https:\/\/aiaomei.com\/de\/wp-json\/wp\/v2\/product\/39549","targetHints":{"allow":["GET"]}}],"collection":[{"href":"https:\/\/aiaomei.com\/de\/wp-json\/wp\/v2\/product"}],"about":[{"href":"https:\/\/aiaomei.com\/de\/wp-json\/wp\/v2\/types\/product"}],"replies":[{"embeddable":true,"href":"https:\/\/aiaomei.com\/de\/wp-json\/wp\/v2\/comments?post=39549"}],"version-history":[{"count":2,"href":"https:\/\/aiaomei.com\/de\/wp-json\/wp\/v2\/product\/39549\/revisions"}],"predecessor-version":[{"id":47610,"href":"https:\/\/aiaomei.com\/de\/wp-json\/wp\/v2\/product\/39549\/revisions\/47610"}],"wp:featuredmedia":[{"embeddable":true,"href":"https:\/\/aiaomei.com\/de\/wp-json\/wp\/v2\/media\/45687"}],"wp:attachment":[{"href":"https:\/\/aiaomei.com\/de\/wp-json\/wp\/v2\/media?parent=39549"}],"wp:term":[{"taxonomy":"product_brand","embeddable":true,"href":"https:\/\/aiaomei.com\/de\/wp-json\/wp\/v2\/product_brand?post=39549"},{"taxonomy":"product_cat","embeddable":true,"href":"https:\/\/aiaomei.com\/de\/wp-json\/wp\/v2\/product_cat?post=39549"},{"taxonomy":"product_tag","embeddable":true,"href":"https:\/\/aiaomei.com\/de\/wp-json\/wp\/v2\/product_tag?post=39549"}],"curies":[{"name":"wp","href":"https:\/\/api.w.org\/{rel}","templated":true}]}}