{"id":36636,"date":"2026-04-21T06:09:34","date_gmt":"2026-04-21T06:09:34","guid":{"rendered":"https:\/\/aiaomei.com\/product\/kontrastfarbener-gebuersteter-yoga-bh-high-end-u-foermiger-schoener-ruecken-sport-bh-running-fitness-yoga-wear\/"},"modified":"2026-04-30T09:50:27","modified_gmt":"2026-04-30T09:50:27","slug":"kontrastfarbener-gebuersteter-yoga-bh-high-end-u-foermiger-schoener-ruecken-sport-bh-running-fitness-yoga-wear","status":"publish","type":"product","link":"https:\/\/aiaomei.com\/de\/produkt\/kontrastfarbener-gebuersteter-yoga-bh-high-end-u-foermiger-schoener-ruecken-sport-bh-running-fitness-yoga-wear\/","title":{"rendered":"Kontrastfarbener geb\u00fcrsteter Yoga-BH High-End U-f\u00f6rmiger sch\u00f6ner R\u00fccken Sport-BH Running Fitness Yoga Wear"},"content":{"rendered":"\t\t<div data-elementor-type=\"product-post\" data-elementor-id=\"36636\" class=\"elementor elementor-36636 elementor-30160\" data-elementor-post-type=\"product\">\n\t\t\t\t<div class=\"wd-negative-gap elementor-element elementor-element-539d9146 e-flex e-con-boxed e-con e-parent\" data-id=\"539d9146\" data-element_type=\"container\" data-e-type=\"container\">\n\t\t\t\t\t<div class=\"e-con-inner\">\n\t\t\t\t<div class=\"elementor-element elementor-element-74746e0 elementor-widget elementor-widget-image\" data-id=\"74746e0\" data-element_type=\"widget\" data-e-type=\"widget\" data-widget_type=\"image.default\">\n\t\t\t\t\t\t\t\t\t\t\t\t\t\t\t<img decoding=\"async\" src=\"https:\/\/aiaomei.com\/wp-content\/uploads\/elementor\/thumbs\/04\u591a\u9009\u914d\u8272-\u82f1\u6587\u7248-11-rlqtuprg29lt2u7hziryvi0miv3445nqwi4xe9y58g.jpg\" title=\"04\u591a\u9009\u914d\u8272-\u82f1\u6587\u7248\" alt=\"04\u591a\u9009\u914d\u8272-\u82f1\u6587\u7248\" loading=\"lazy\" \/>\t\t\t\t\t\t\t\t\t\t\t\t\t\t\t<\/div>\n\t\t\t\t<div class=\"elementor-element elementor-element-46bb70b6 elementor-widget elementor-widget-image\" data-id=\"46bb70b6\" data-element_type=\"widget\" data-e-type=\"widget\" data-widget_type=\"image.default\">\n\t\t\t\t\t\t\t\t\t\t\t\t\t\t\t<img decoding=\"async\" width=\"1120\" height=\"1536\" src=\"https:\/\/aiaomei.com\/wp-content\/uploads\/2026\/04\/02\u6a21\u7279\u4fe1\u606f-\u82f1\u6587\u7248-11-1120x1536.jpg\" class=\"attachment-1536x1536 size-1536x1536 wp-image-36645\" alt=\"\" loading=\"lazy\" srcset=\"https:\/\/aiaomei.com\/wp-content\/uploads\/2026\/04\/02\u6a21\u7279\u4fe1\u606f-\u82f1\u6587\u7248-11-1120x1536.jpg 1120w, https:\/\/aiaomei.com\/wp-content\/uploads\/2026\/04\/02\u6a21\u7279\u4fe1\u606f-\u82f1\u6587\u7248-11-430x590.jpg 430w, https:\/\/aiaomei.com\/wp-content\/uploads\/2026\/04\/02\u6a21\u7279\u4fe1\u606f-\u82f1\u6587\u7248-11-150x206.jpg 150w, https:\/\/aiaomei.com\/wp-content\/uploads\/2026\/04\/02\u6a21\u7279\u4fe1\u606f-\u82f1\u6587\u7248-11-700x960.jpg 700w, https:\/\/aiaomei.com\/wp-content\/uploads\/2026\/04\/02\u6a21\u7279\u4fe1\u606f-\u82f1\u6587\u7248-11-219x300.jpg 219w, https:\/\/aiaomei.com\/wp-content\/uploads\/2026\/04\/02\u6a21\u7279\u4fe1\u606f-\u82f1\u6587\u7248-11-583x800.jpg 583w, https:\/\/aiaomei.com\/wp-content\/uploads\/2026\/04\/02\u6a21\u7279\u4fe1\u606f-\u82f1\u6587\u7248-11-768x1053.jpg 768w, https:\/\/aiaomei.com\/wp-content\/uploads\/2026\/04\/02\u6a21\u7279\u4fe1\u606f-\u82f1\u6587\u7248-11-1493x2048.jpg 1493w, https:\/\/aiaomei.com\/wp-content\/uploads\/2026\/04\/02\u6a21\u7279\u4fe1\u606f-\u82f1\u6587\u7248-11.jpg 1500w\" sizes=\"auto, (max-width: 1120px) 100vw, 1120px\" \/>\t\t\t\t\t\t\t\t\t\t\t\t\t\t\t<\/div>\n\t\t\t\t\t<\/div>\n\t\t\t\t<\/div>\n\t\t<div class=\"wd-negative-gap elementor-element elementor-element-169cd5ec e-flex e-con-boxed e-con e-parent\" data-id=\"169cd5ec\" data-element_type=\"container\" data-e-type=\"container\">\n\t\t\t\t\t<div class=\"e-con-inner\">\n\t\t\t\t<div class=\"elementor-element elementor-element-1258907f elementor-widget elementor-widget-image\" data-id=\"1258907f\" data-element_type=\"widget\" data-e-type=\"widget\" data-widget_type=\"image.default\">\n\t\t\t\t\t\t\t\t\t\t\t\t\t\t\t<img decoding=\"async\" width=\"1500\" height=\"905\" src=\"https:\/\/aiaomei.com\/wp-content\/uploads\/2026\/04\/\u5c3a\u7801\u8868\uff08\u80f8\u56f4\u80cc\u5fc3\uff09-\u82f1\u6587\u7248-2-2.jpg\" class=\"attachment-1536x1536 size-1536x1536 wp-image-36647\" alt=\"\" loading=\"lazy\" srcset=\"https:\/\/aiaomei.com\/wp-content\/uploads\/2026\/04\/\u5c3a\u7801\u8868\uff08\u80f8\u56f4\u80cc\u5fc3\uff09-\u82f1\u6587\u7248-2-2.jpg 1500w, https:\/\/aiaomei.com\/wp-content\/uploads\/2026\/04\/\u5c3a\u7801\u8868\uff08\u80f8\u56f4\u80cc\u5fc3\uff09-\u82f1\u6587\u7248-2-2-430x259.jpg 430w, https:\/\/aiaomei.com\/wp-content\/uploads\/2026\/04\/\u5c3a\u7801\u8868\uff08\u80f8\u56f4\u80cc\u5fc3\uff09-\u82f1\u6587\u7248-2-2-150x91.jpg 150w, https:\/\/aiaomei.com\/wp-content\/uploads\/2026\/04\/\u5c3a\u7801\u8868\uff08\u80f8\u56f4\u80cc\u5fc3\uff09-\u82f1\u6587\u7248-2-2-700x422.jpg 700w, https:\/\/aiaomei.com\/wp-content\/uploads\/2026\/04\/\u5c3a\u7801\u8868\uff08\u80f8\u56f4\u80cc\u5fc3\uff09-\u82f1\u6587\u7248-2-2-400x241.jpg 400w, https:\/\/aiaomei.com\/wp-content\/uploads\/2026\/04\/\u5c3a\u7801\u8868\uff08\u80f8\u56f4\u80cc\u5fc3\uff09-\u82f1\u6587\u7248-2-2-1300x784.jpg 1300w, https:\/\/aiaomei.com\/wp-content\/uploads\/2026\/04\/\u5c3a\u7801\u8868\uff08\u80f8\u56f4\u80cc\u5fc3\uff09-\u82f1\u6587\u7248-2-2-768x463.jpg 768w\" sizes=\"auto, (max-width: 1500px) 100vw, 1500px\" \/>\t\t\t\t\t\t\t\t\t\t\t\t\t\t\t<\/div>\n\t\t\t\t\t<\/div>\n\t\t\t\t<\/div>\n\t\t\t\t<\/div>\n\t\t","protected":false},"excerpt":{"rendered":"","protected":false},"featured_media":45683,"comment_status":"open","ping_status":"closed","template":"","meta":[],"product_brand":[],"product_cat":[2137,867],"product_tag":[],"class_list":{"0":"post-36636","1":"product","2":"type-product","3":"status-publish","4":"has-post-thumbnail","6":"product_cat-alle","7":"product_cat-bra","9":"first","10":"instock","11":"shipping-taxable","12":"purchasable","13":"product-type-variable"},"_links":{"self":[{"href":"https:\/\/aiaomei.com\/de\/wp-json\/wp\/v2\/product\/36636","targetHints":{"allow":["GET"]}}],"collection":[{"href":"https:\/\/aiaomei.com\/de\/wp-json\/wp\/v2\/product"}],"about":[{"href":"https:\/\/aiaomei.com\/de\/wp-json\/wp\/v2\/types\/product"}],"replies":[{"embeddable":true,"href":"https:\/\/aiaomei.com\/de\/wp-json\/wp\/v2\/comments?post=36636"}],"version-history":[{"count":1,"href":"https:\/\/aiaomei.com\/de\/wp-json\/wp\/v2\/product\/36636\/revisions"}],"predecessor-version":[{"id":36711,"href":"https:\/\/aiaomei.com\/de\/wp-json\/wp\/v2\/product\/36636\/revisions\/36711"}],"wp:featuredmedia":[{"embeddable":true,"href":"https:\/\/aiaomei.com\/de\/wp-json\/wp\/v2\/media\/45683"}],"wp:attachment":[{"href":"https:\/\/aiaomei.com\/de\/wp-json\/wp\/v2\/media?parent=36636"}],"wp:term":[{"taxonomy":"product_brand","embeddable":true,"href":"https:\/\/aiaomei.com\/de\/wp-json\/wp\/v2\/product_brand?post=36636"},{"taxonomy":"product_cat","embeddable":true,"href":"https:\/\/aiaomei.com\/de\/wp-json\/wp\/v2\/product_cat?post=36636"},{"taxonomy":"product_tag","embeddable":true,"href":"https:\/\/aiaomei.com\/de\/wp-json\/wp\/v2\/product_tag?post=36636"}],"curies":[{"name":"wp","href":"https:\/\/api.w.org\/{rel}","templated":true}]}}